{"id":11676,"date":"2017-06-14T08:36:16","date_gmt":"2017-06-14T08:36:16","guid":{"rendered":"https:\/\/allamemakina.com\/product\/dynosky-cable-blowing-machine\/"},"modified":"2025-12-10T09:32:51","modified_gmt":"2025-12-10T09:32:51","slug":"dynosky-kabel-einblasmaschine","status":"publish","type":"product","link":"https:\/\/allamemakina.com\/de\/produkt\/dynosky-kabel-einblasmaschine\/","title":{"rendered":"DynoSky Kabel Einblasmaschine"},"content":{"rendered":"<div class=\"wpb-content-wrapper\"><p>[vc_row][vc_column css=&#8220;.vc_custom_1493038156710{margin-bottom: -15px !important;}&#8220;]\n\t\t<div id=\"wd-69393dafa95ed\" class=\"title-wrapper wd-wpb wd-set-mb reset-last-child  wd-rs-69393dafa95ed wd-title-color-default wd-title-style-default text-left  wd-underline-colored\">\n\t\t\t\n\t\t\t<div class=\"liner-continer\">\n\t\t\t\t<h4 class=\"woodmart-title-container title  wd-font-weight- wd-fontsize-xl\" >DynoSky Kabel Einblasmaschine<\/h4>\n\t\t\t\t\t\t\t<\/div>\n\t\t\t\n\t\t\t\n\t\t\t\n\t\t<\/div>\n\t\t\n\t\t[\/vc_column][\/vc_row][vc_row][vc_column css=&#8220;.vc_custom_1493038156710{margin-bottom: -15px !important;}&#8220;]\t\t<div id=\"wd-69393e1337a6a\" class=\"wd-text-block wd-wpb reset-last-child wd-rs-69393e1337a6a text-left \">\n\t\t\t<p class=\"p1\">Der <span class=\"s1\"><b>DynoSKY<\/b><\/span> wurde f\u00fcr h\u00f6chste Pr\u00e4zision und flexible Mobilit\u00e4t entwickelt. Er verarbeitet Glasfaserkabel mit Durchmessern von <span class=\"s1\"><b>1 mm bis 6 mm<\/b><\/span> sowie Mikrorohre von <span class=\"s1\"><b>5 mm bis 16 mm<\/b><\/span>. Angetrieben von einem zuverl\u00e4ssigen, akkubetriebenen Servomotor liefert das Ger\u00e4t eine <span class=\"s1\"><b>gleichm\u00e4\u00dfige und stabile Einblasleistung<\/b><\/span> \u2013 ideal f\u00fcr den Feldeinsatz.<\/p>\n<p class=\"p1\">Dank seines <span class=\"s1\"><b>kompakten Designs<\/b><\/span> l\u00e4sst sich der DynoSKY m\u00fchelos in engen Bereichen oder in mobilen Installationssituationen einsetzen. Mit seiner pr\u00e4zisen Steuerung und konstanten Schubkraft gew\u00e4hrleistet der DynoSKY eine <span class=\"s1\"><b>sichere und effiziente Kabelinstallation<\/b><\/span>, sowohl auf kurzen als auch mittleren Strecken.<\/p>\n\t\t<\/div>\n\t\t[\/vc_column][\/vc_row][vc_row][vc_column css=&#8220;.vc_custom_1493038156710{margin-bottom: -15px !important;}&#8220;][vc_empty_space woodmart_hide_large=&#8220;0&#8243; woodmart_hide_medium=&#8220;0&#8243; woodmart_hide_small=&#8220;0&#8243;]\n\t\t<div id=\"wd-69393ddc6a924\" class=\"title-wrapper wd-wpb wd-set-mb reset-last-child  wd-rs-69393ddc6a924 wd-title-color-default wd-title-style-default text-left  wd-underline-colored\">\n\t\t\t\n\t\t\t<div class=\"liner-continer\">\n\t\t\t\t<h4 class=\"woodmart-title-container title  wd-font-weight- wd-fontsize-xl\" >Technische Spezifikationen<\/h4>\n\t\t\t\t\t\t\t<\/div>\n\t\t\t\n\t\t\t\n\t\t\t\n\t\t<\/div>\n\t\t\n\t\t[\/vc_column][\/vc_row][vc_row][vc_column][vc_column_text css=&#8220;&#8220; woodmart_inline=&#8220;no&#8220; text_larger=&#8220;no&#8220;]<\/p>\n<p class=\"p1\">Empfohlene Druckluftmenge f\u00fcr den <span class=\"s1\"><b>DynoSKY<\/b><\/span> \u2013 <span class=\"s1\"><b>12 Bar \/ 1\u20132 m\u00b3 pro Minute<\/b><b><\/b><\/span><\/p>\n<p class=\"p1\">Durchmesserbereich der Glasfaserkabel: <span class=\"s1\"><b>1 mm \u2013 6 mm<\/b><b><\/b><\/span><\/p>\n<p class=\"p2\"><span class=\"s2\">HDPE-Rohrdurchmesser: <\/span><b>7 mm \u2013 10 mm \u2013 12 mm \u2013 14 mm \u2013 16 mm<\/b><\/p>\n<p>[\/vc_column_text][\/vc_column][\/vc_row][vc_row woodmart_css_id=&#8220;6915b69aded3d&#8220; responsive_spacing=&#8220;eyJwYXJhbV90eXBlIjoid29vZG1hcnRfcmVzcG9uc2l2ZV9zcGFjaW5nIiwic2VsZWN0b3JfaWQiOiI2OTE1YjY5YWRlZDNkIiwic2hvcnRjb2RlIjoidmNfcm93IiwiZGF0YSI6eyJ0YWJsZXQiOnt9LCJtb2JpbGUiOnt9fX0=&#8220; mobile_bg_img_hidden=&#8220;no&#8220; tablet_bg_img_hidden=&#8220;no&#8220; woodmart_parallax=&#8220;0&#8243; woodmart_gradient_switch=&#8220;no&#8220; woodmart_box_shadow=&#8220;no&#8220; wd_z_index=&#8220;no&#8220; woodmart_disable_overflow=&#8220;0&#8243; row_reverse_mobile=&#8220;0&#8243; row_reverse_tablet=&#8220;0&#8243; css=&#8220;.vc_custom_1763030700917{margin-top: 40px !important;}&#8220;][vc_column][vc_single_image image=&#8220;11465&#8243; img_size=&#8220;full&#8220; style=&#8220;vc_box_outline&#8220; onclick=&#8220;custom_link&#8220; img_link_target=&#8220;_blank&#8220; css=&#8220;&#8220; parallax_scroll=&#8220;no&#8220; woodmart_inline=&#8220;no&#8220; link=&#8220;https:\/\/skyfibertech.com&#8220;][\/vc_column][\/vc_row]<\/p>\n<\/div>","protected":false},"excerpt":{"rendered":"<p>Der <span class=\"s1\"><b>DynoSKY<\/b><\/span> wurde f\u00fcr h\u00f6chste Pr\u00e4zision und flexible Mobilit\u00e4t entwickelt. Er verarbeitet Glasfaserkabel mit Durchmessern von <span class=\"s1\"><b>1 mm bis 6 mm<\/b><\/span> sowie Mikrorohre von <span class=\"s1\"><b>5 mm bis 16 mm<\/b><\/span>. Angetrieben von einem zuverl\u00e4ssigen, akkubetriebenen Servomotor liefert das Ger\u00e4t eine <span class=\"s1\"><b>gleichm\u00e4\u00dfige und stabile Einblasleistung<\/b><\/span> \u2013 ideal f\u00fcr den Feldeinsatz.<\/p>\n<p><a href=\"https:\/\/skyfibertech.com\/wp-content\/uploads\/2021\/08\/fiber-blowing-all-machines-catalog.pdf\" target=\"_blank\" rel=\"noopener noreferrer\"><br \/>\n<img loading=\"lazy\" decoding=\"async\" class=\"alignnone wp-image-11158 size-full\" src=\"https:\/\/allamemakina.com\/wp-content\/uploads\/2025\/10\/download-allame-catalogs-2.jpg\" alt=\"\" width=\"300\" height=\"90\" srcset=\"https:\/\/allamemakina.com\/wp-content\/uploads\/2025\/10\/download-allame-catalogs-2.jpg 300w, https:\/\/allamemakina.com\/wp-content\/uploads\/2025\/10\/download-allame-catalogs-2-150x45.jpg 150w\" sizes=\"auto, (max-width: 300px) 100vw, 300px\" \/><br \/>\n<\/a><\/p>\n","protected":false},"featured_media":11677,"comment_status":"open","ping_status":"closed","template":"","meta":{"_joinchat":[]},"product_brand":[49],"product_cat":[125],"product_tag":[],"class_list":{"0":"post-11676","1":"product","2":"type-product","3":"status-publish","4":"has-post-thumbnail","6":"product_brand-skyfibertech","7":"product_cat-cable-blowing-machines","9":"first","10":"instock","11":"shipping-taxable","12":"product-type-grouped"},"yoast_head":"<!-- This site is optimized with the Yoast SEO Premium plugin v27.4 (Yoast SEO v27.4) - https:\/\/yoast.com\/product\/yoast-seo-premium-wordpress\/ -->\n<title>DynoSky Kabel Einblasmaschine<\/title>\n<meta name=\"description\" content=\"Der DynoSKY wurde f\u00fcr h\u00f6chste Pr\u00e4zision und flexible Mobilit\u00e4t entwickelt. Er verarbeitet Glasfaserkabel mit Durchmessern von 1 mm bis 6 mm sowie Mikrorohre von 5 mm bis 16 mm.\" \/>\n<meta name=\"robots\" content=\"index, follow, max-snippet:-1, max-image-preview:large, max-video-preview:-1\" \/>\n<link rel=\"canonical\" href=\"https:\/\/allamemakina.com\/de\/produkt\/dynosky-kabel-einblasmaschine\/\" \/>\n<meta property=\"og:locale\" content=\"de_DE\" \/>\n<meta property=\"og:type\" content=\"article\" \/>\n<meta property=\"og:title\" content=\"DynoSky Kabel Einblasmaschine\" \/>\n<meta property=\"og:description\" content=\"Der DynoSKY wurde f\u00fcr h\u00f6chste Pr\u00e4zision und flexible Mobilit\u00e4t entwickelt. Er verarbeitet Glasfaserkabel mit Durchmessern von 1 mm bis 6 mm sowie Mikrorohre von 5 mm bis 16 mm.\" \/>\n<meta property=\"og:url\" content=\"https:\/\/allamemakina.com\/de\/produkt\/dynosky-kabel-einblasmaschine\/\" \/>\n<meta property=\"og:site_name\" content=\"ALLAME MAKINA LTD. | Machine Manufacturing\" \/>\n<meta property=\"article:publisher\" content=\"https:\/\/www.facebook.com\/skyfibertech\/\" \/>\n<meta property=\"article:modified_time\" content=\"2025-12-10T09:32:51+00:00\" \/>\n<meta property=\"og:image\" content=\"https:\/\/allamemakina.com\/wp-content\/uploads\/2017\/06\/Cable-Blowing-Machine-DynoSky-Details-2.webp\" \/>\n\t<meta property=\"og:image:width\" content=\"700\" \/>\n\t<meta property=\"og:image:height\" content=\"800\" \/>\n\t<meta property=\"og:image:type\" content=\"image\/webp\" \/>\n<meta name=\"twitter:card\" content=\"summary_large_image\" \/>\n<meta name=\"twitter:site\" content=\"@SkyFiberTech1\" \/>\n<meta name=\"twitter:label1\" content=\"Verf\u00fcgbarkeit\" \/>\n\t<meta name=\"twitter:data1\" content=\"Auf Lager\" \/>\n<script type=\"application\/ld+json\" class=\"yoast-schema-graph\">{\"@context\":\"https:\\\/\\\/schema.org\",\"@graph\":[{\"@type\":\"WebPage\",\"@id\":\"https:\\\/\\\/allamemakina.com\\\/de\\\/produkt\\\/dynosky-kabel-einblasmaschine\\\/\",\"url\":\"https:\\\/\\\/allamemakina.com\\\/de\\\/produkt\\\/dynosky-kabel-einblasmaschine\\\/\",\"name\":\"DynoSky Kabel Einblasmaschine\",\"isPartOf\":{\"@id\":\"https:\\\/\\\/allamemakina.com\\\/#website\"},\"primaryImageOfPage\":{\"@id\":\"https:\\\/\\\/allamemakina.com\\\/de\\\/produkt\\\/dynosky-kabel-einblasmaschine\\\/#primaryimage\"},\"image\":{\"@id\":\"https:\\\/\\\/allamemakina.com\\\/de\\\/produkt\\\/dynosky-kabel-einblasmaschine\\\/#primaryimage\"},\"thumbnailUrl\":\"https:\\\/\\\/allamemakina.com\\\/wp-content\\\/uploads\\\/2017\\\/06\\\/Cable-Blowing-Machine-DynoSky-Details-2.webp\",\"datePublished\":\"2017-06-14T08:36:16+00:00\",\"dateModified\":\"2025-12-10T09:32:51+00:00\",\"description\":\"Der DynoSKY wurde f\u00fcr h\u00f6chste Pr\u00e4zision und flexible Mobilit\u00e4t entwickelt. Er verarbeitet Glasfaserkabel mit Durchmessern von 1 mm bis 6 mm sowie Mikrorohre von 5 mm bis 16 mm.\",\"breadcrumb\":{\"@id\":\"https:\\\/\\\/allamemakina.com\\\/de\\\/produkt\\\/dynosky-kabel-einblasmaschine\\\/#breadcrumb\"},\"inLanguage\":\"de\",\"potentialAction\":[{\"@type\":\"ReadAction\",\"target\":[\"https:\\\/\\\/allamemakina.com\\\/de\\\/produkt\\\/dynosky-kabel-einblasmaschine\\\/\"]}]},{\"@type\":\"ImageObject\",\"inLanguage\":\"de\",\"@id\":\"https:\\\/\\\/allamemakina.com\\\/de\\\/produkt\\\/dynosky-kabel-einblasmaschine\\\/#primaryimage\",\"url\":\"https:\\\/\\\/allamemakina.com\\\/wp-content\\\/uploads\\\/2017\\\/06\\\/Cable-Blowing-Machine-DynoSky-Details-2.webp\",\"contentUrl\":\"https:\\\/\\\/allamemakina.com\\\/wp-content\\\/uploads\\\/2017\\\/06\\\/Cable-Blowing-Machine-DynoSky-Details-2.webp\",\"width\":700,\"height\":800,\"caption\":\"Cable Blowing Machine DynoSky Details\"},{\"@type\":\"BreadcrumbList\",\"@id\":\"https:\\\/\\\/allamemakina.com\\\/de\\\/produkt\\\/dynosky-kabel-einblasmaschine\\\/#breadcrumb\",\"itemListElement\":[{\"@type\":\"ListItem\",\"position\":1,\"name\":\"Home\",\"item\":\"https:\\\/\\\/allamemakina.com\\\/de\\\/home-base\\\/\"},{\"@type\":\"ListItem\",\"position\":2,\"name\":\"Shop\",\"item\":\"https:\\\/\\\/allamemakina.com\\\/shop\\\/\"},{\"@type\":\"ListItem\",\"position\":3,\"name\":\"DynoSky Kabel Einblasmaschine\"}]},{\"@type\":\"WebSite\",\"@id\":\"https:\\\/\\\/allamemakina.com\\\/#website\",\"url\":\"https:\\\/\\\/allamemakina.com\\\/\",\"name\":\"ALLAME MAKINA LTD. | Machine Manufacturing\",\"description\":\"Industrial Machine Manufacturer\",\"publisher\":{\"@id\":\"https:\\\/\\\/allamemakina.com\\\/#organization\"},\"alternateName\":\"ALLAME MACHINE\",\"potentialAction\":[{\"@type\":\"SearchAction\",\"target\":{\"@type\":\"EntryPoint\",\"urlTemplate\":\"https:\\\/\\\/allamemakina.com\\\/?s={search_term_string}\"},\"query-input\":{\"@type\":\"PropertyValueSpecification\",\"valueRequired\":true,\"valueName\":\"search_term_string\"}}],\"inLanguage\":\"de\"},{\"@type\":\"Organization\",\"@id\":\"https:\\\/\\\/allamemakina.com\\\/#organization\",\"name\":\"ALLAME MAKINA LTD. | Machine Manufacturing\",\"alternateName\":\"Cable Laying Machines & Accessories\",\"url\":\"https:\\\/\\\/allamemakina.com\\\/\",\"logo\":{\"@type\":\"ImageObject\",\"inLanguage\":\"de\",\"@id\":\"https:\\\/\\\/allamemakina.com\\\/#\\\/schema\\\/logo\\\/image\\\/\",\"url\":\"https:\\\/\\\/allamemakina.com\\\/wp-content\\\/uploads\\\/2025\\\/10\\\/allame-company-logo.webp\",\"contentUrl\":\"https:\\\/\\\/allamemakina.com\\\/wp-content\\\/uploads\\\/2025\\\/10\\\/allame-company-logo.webp\",\"width\":805,\"height\":293,\"caption\":\"ALLAME MAKINA LTD. | Machine Manufacturing\"},\"image\":{\"@id\":\"https:\\\/\\\/allamemakina.com\\\/#\\\/schema\\\/logo\\\/image\\\/\"},\"sameAs\":[\"https:\\\/\\\/www.facebook.com\\\/skyfibertech\\\/\",\"https:\\\/\\\/x.com\\\/SkyFiberTech1\",\"https:\\\/\\\/www.instagram.com\\\/allamemakina\",\"https:\\\/\\\/www.youtube.com\\\/@skyfibertech\\\/videos\",\"https:\\\/\\\/www.linkedin.com\\\/company\\\/cable-blowing-machines\\\/\"],\"ownershipFundingInfo\":\"https:\\\/\\\/allamemakina.com\\\/our-factory\\\/\"}]}<\/script>\n<meta property=\"product:brand\" content=\"Skyfibertech\" \/>\n<meta property=\"og:availability\" content=\"instock\" \/>\n<meta property=\"product:availability\" content=\"instock\" \/>\n<meta property=\"product:condition\" content=\"new\" \/>\n<!-- \/ Yoast SEO Premium plugin. -->","yoast_head_json":{"title":"DynoSky Kabel Einblasmaschine","description":"Der DynoSKY wurde f\u00fcr h\u00f6chste Pr\u00e4zision und flexible Mobilit\u00e4t entwickelt. Er verarbeitet Glasfaserkabel mit Durchmessern von 1 mm bis 6 mm sowie Mikrorohre von 5 mm bis 16 mm.","robots":{"index":"index","follow":"follow","max-snippet":"max-snippet:-1","max-image-preview":"max-image-preview:large","max-video-preview":"max-video-preview:-1"},"canonical":"https:\/\/allamemakina.com\/de\/produkt\/dynosky-kabel-einblasmaschine\/","og_locale":"de_DE","og_type":"article","og_title":"DynoSky Kabel Einblasmaschine","og_description":"Der DynoSKY wurde f\u00fcr h\u00f6chste Pr\u00e4zision und flexible Mobilit\u00e4t entwickelt. Er verarbeitet Glasfaserkabel mit Durchmessern von 1 mm bis 6 mm sowie Mikrorohre von 5 mm bis 16 mm.","og_url":"https:\/\/allamemakina.com\/de\/produkt\/dynosky-kabel-einblasmaschine\/","og_site_name":"ALLAME MAKINA LTD. | Machine Manufacturing","article_publisher":"https:\/\/www.facebook.com\/skyfibertech\/","article_modified_time":"2025-12-10T09:32:51+00:00","og_image":[{"width":700,"height":800,"url":"https:\/\/allamemakina.com\/wp-content\/uploads\/2017\/06\/Cable-Blowing-Machine-DynoSky-Details-2.webp","type":"image\/webp"}],"twitter_card":"summary_large_image","twitter_site":"@SkyFiberTech1","twitter_misc":{"Verf\u00fcgbarkeit":"Auf Lager"},"schema":{"@context":"https:\/\/schema.org","@graph":[{"@type":"WebPage","@id":"https:\/\/allamemakina.com\/de\/produkt\/dynosky-kabel-einblasmaschine\/","url":"https:\/\/allamemakina.com\/de\/produkt\/dynosky-kabel-einblasmaschine\/","name":"DynoSky Kabel Einblasmaschine","isPartOf":{"@id":"https:\/\/allamemakina.com\/#website"},"primaryImageOfPage":{"@id":"https:\/\/allamemakina.com\/de\/produkt\/dynosky-kabel-einblasmaschine\/#primaryimage"},"image":{"@id":"https:\/\/allamemakina.com\/de\/produkt\/dynosky-kabel-einblasmaschine\/#primaryimage"},"thumbnailUrl":"https:\/\/allamemakina.com\/wp-content\/uploads\/2017\/06\/Cable-Blowing-Machine-DynoSky-Details-2.webp","datePublished":"2017-06-14T08:36:16+00:00","dateModified":"2025-12-10T09:32:51+00:00","description":"Der DynoSKY wurde f\u00fcr h\u00f6chste Pr\u00e4zision und flexible Mobilit\u00e4t entwickelt. Er verarbeitet Glasfaserkabel mit Durchmessern von 1 mm bis 6 mm sowie Mikrorohre von 5 mm bis 16 mm.","breadcrumb":{"@id":"https:\/\/allamemakina.com\/de\/produkt\/dynosky-kabel-einblasmaschine\/#breadcrumb"},"inLanguage":"de","potentialAction":[{"@type":"ReadAction","target":["https:\/\/allamemakina.com\/de\/produkt\/dynosky-kabel-einblasmaschine\/"]}]},{"@type":"ImageObject","inLanguage":"de","@id":"https:\/\/allamemakina.com\/de\/produkt\/dynosky-kabel-einblasmaschine\/#primaryimage","url":"https:\/\/allamemakina.com\/wp-content\/uploads\/2017\/06\/Cable-Blowing-Machine-DynoSky-Details-2.webp","contentUrl":"https:\/\/allamemakina.com\/wp-content\/uploads\/2017\/06\/Cable-Blowing-Machine-DynoSky-Details-2.webp","width":700,"height":800,"caption":"Cable Blowing Machine DynoSky Details"},{"@type":"BreadcrumbList","@id":"https:\/\/allamemakina.com\/de\/produkt\/dynosky-kabel-einblasmaschine\/#breadcrumb","itemListElement":[{"@type":"ListItem","position":1,"name":"Home","item":"https:\/\/allamemakina.com\/de\/home-base\/"},{"@type":"ListItem","position":2,"name":"Shop","item":"https:\/\/allamemakina.com\/shop\/"},{"@type":"ListItem","position":3,"name":"DynoSky Kabel Einblasmaschine"}]},{"@type":"WebSite","@id":"https:\/\/allamemakina.com\/#website","url":"https:\/\/allamemakina.com\/","name":"ALLAME MAKINA LTD. | Machine Manufacturing","description":"Industrial Machine Manufacturer","publisher":{"@id":"https:\/\/allamemakina.com\/#organization"},"alternateName":"ALLAME MACHINE","potentialAction":[{"@type":"SearchAction","target":{"@type":"EntryPoint","urlTemplate":"https:\/\/allamemakina.com\/?s={search_term_string}"},"query-input":{"@type":"PropertyValueSpecification","valueRequired":true,"valueName":"search_term_string"}}],"inLanguage":"de"},{"@type":"Organization","@id":"https:\/\/allamemakina.com\/#organization","name":"ALLAME MAKINA LTD. | Machine Manufacturing","alternateName":"Cable Laying Machines & Accessories","url":"https:\/\/allamemakina.com\/","logo":{"@type":"ImageObject","inLanguage":"de","@id":"https:\/\/allamemakina.com\/#\/schema\/logo\/image\/","url":"https:\/\/allamemakina.com\/wp-content\/uploads\/2025\/10\/allame-company-logo.webp","contentUrl":"https:\/\/allamemakina.com\/wp-content\/uploads\/2025\/10\/allame-company-logo.webp","width":805,"height":293,"caption":"ALLAME MAKINA LTD. | Machine Manufacturing"},"image":{"@id":"https:\/\/allamemakina.com\/#\/schema\/logo\/image\/"},"sameAs":["https:\/\/www.facebook.com\/skyfibertech\/","https:\/\/x.com\/SkyFiberTech1","https:\/\/www.instagram.com\/allamemakina","https:\/\/www.youtube.com\/@skyfibertech\/videos","https:\/\/www.linkedin.com\/company\/cable-blowing-machines\/"],"ownershipFundingInfo":"https:\/\/allamemakina.com\/our-factory\/"}]},"product_brand":"Skyfibertech","og_availability":"instock","product_availability":"instock","product_condition":"new"},"_links":{"self":[{"href":"https:\/\/allamemakina.com\/de\/wp-json\/wp\/v2\/product\/11676","targetHints":{"allow":["GET"]}}],"collection":[{"href":"https:\/\/allamemakina.com\/de\/wp-json\/wp\/v2\/product"}],"about":[{"href":"https:\/\/allamemakina.com\/de\/wp-json\/wp\/v2\/types\/product"}],"replies":[{"embeddable":true,"href":"https:\/\/allamemakina.com\/de\/wp-json\/wp\/v2\/comments?post=11676"}],"wp:featuredmedia":[{"embeddable":true,"href":"https:\/\/allamemakina.com\/de\/wp-json\/wp\/v2\/media\/11677"}],"wp:attachment":[{"href":"https:\/\/allamemakina.com\/de\/wp-json\/wp\/v2\/media?parent=11676"}],"wp:term":[{"taxonomy":"product_brand","embeddable":true,"href":"https:\/\/allamemakina.com\/de\/wp-json\/wp\/v2\/product_brand?post=11676"},{"taxonomy":"product_cat","embeddable":true,"href":"https:\/\/allamemakina.com\/de\/wp-json\/wp\/v2\/product_cat?post=11676"},{"taxonomy":"product_tag","embeddable":true,"href":"https:\/\/allamemakina.com\/de\/wp-json\/wp\/v2\/product_tag?post=11676"}],"curies":[{"name":"wp","href":"https:\/\/api.w.org\/{rel}","templated":true}]}}