{"id":11712,"date":"2017-06-14T08:24:57","date_gmt":"2017-06-14T08:24:57","guid":{"rendered":"https:\/\/allamemakina.com\/product\/drillsky-cable-blowing-machine\/"},"modified":"2025-12-10T10:32:21","modified_gmt":"2025-12-10T10:32:21","slug":"drillsky-kabel-einblasmaschine","status":"publish","type":"product","link":"https:\/\/allamemakina.com\/de\/produkt\/drillsky-kabel-einblasmaschine\/","title":{"rendered":"DrillSky Kabel-Einblasmaschine"},"content":{"rendered":"<div class=\"wpb-content-wrapper\"><p>[vc_row content_placement=&#8220;middle&#8220; css=&#8220;.vc_custom_1626857711131{margin-bottom: 70px !important;}&#8220; woodmart_css_id=&#8220;60f7e0e78e935&#8243; responsive_spacing=&#8220;eyJwYXJhbV90eXBlIjoid29vZG1hcnRfcmVzcG9uc2l2ZV9zcGFjaW5nIiwic2VsZWN0b3JfaWQiOiI2MGY3ZTBlNzhlOTM1Iiwic2hvcnRjb2RlIjoidmNfcm93IiwiZGF0YSI6eyJ0YWJsZXQiOnsibWFyZ2luLWJvdHRvbSI6IjYwIn0sIm1vYmlsZSI6eyJtYXJnaW4tYm90dG9tIjoiNDAifX19&#8243; mobile_bg_img_hidden=&#8220;no&#8220; tablet_bg_img_hidden=&#8220;no&#8220; woodmart_parallax=&#8220;0&#8243; woodmart_gradient_switch=&#8220;no&#8220; row_reverse_mobile=&#8220;0&#8243; row_reverse_tablet=&#8220;0&#8243; woodmart_disable_overflow=&#8220;0&#8243;][vc_column width=&#8220;1\/2&#8243; css=&#8220;.vc_custom_1626857714544{padding-top: 10px !important;padding-bottom: 10px !important;}&#8220; woodmart_css_id=&#8220;60f7e0f11a63b&#8220; responsive_spacing=&#8220;eyJwYXJhbV90eXBlIjoid29vZG1hcnRfcmVzcG9uc2l2ZV9zcGFjaW5nIiwic2VsZWN0b3JfaWQiOiI2MGY3ZTBmMTFhNjNiIiwic2hvcnRjb2RlIjoidmNfY29sdW1uIiwiZGF0YSI6eyJ0YWJsZXQiOnt9LCJtb2JpbGUiOnt9fX0=&#8220; parallax_scroll=&#8220;no&#8220; mobile_bg_img_hidden=&#8220;no&#8220; tablet_bg_img_hidden=&#8220;no&#8220; woodmart_parallax=&#8220;0&#8243; woodmart_sticky_column=&#8220;false&#8220; mobile_reset_margin=&#8220;no&#8220; tablet_reset_margin=&#8220;no&#8220;]\t\t\t<div class=\"wd-threed-view  threed-id-909\" data-args='{\"frames_count\":10,\"images\":[\"https:\\\/\\\/allamemakina.com\\\/wp-content\\\/uploads\\\/2017\\\/06\\\/Drillsky-Cable-Blowing-machine-details-360-1.webp\",\"https:\\\/\\\/allamemakina.com\\\/wp-content\\\/uploads\\\/2017\\\/06\\\/Drillsky-Cable-Blowing-machine-details-360-2.webp\",\"https:\\\/\\\/allamemakina.com\\\/wp-content\\\/uploads\\\/2017\\\/06\\\/Drillsky-Cable-Blowing-machine-details-360-3.webp\",\"https:\\\/\\\/allamemakina.com\\\/wp-content\\\/uploads\\\/2017\\\/06\\\/Drillsky-Cable-Blowing-machine-details-360-4.webp\",\"https:\\\/\\\/allamemakina.com\\\/wp-content\\\/uploads\\\/2017\\\/06\\\/Drillsky-Cable-Blowing-machine-details-360-5.webp\",\"https:\\\/\\\/allamemakina.com\\\/wp-content\\\/uploads\\\/2017\\\/06\\\/Drillsky-Cable-Blowing-machine-details-360-6.webp\",\"https:\\\/\\\/allamemakina.com\\\/wp-content\\\/uploads\\\/2017\\\/06\\\/Drillsky-Cable-Blowing-machine-details-360-7.webp\",\"https:\\\/\\\/allamemakina.com\\\/wp-content\\\/uploads\\\/2017\\\/06\\\/Drillsky-Cable-Blowing-machine-details-360-8.webp\",\"https:\\\/\\\/allamemakina.com\\\/wp-content\\\/uploads\\\/2017\\\/06\\\/Drillsky-Cable-Blowing-machine-details-360-9.webp\",\"https:\\\/\\\/allamemakina.com\\\/wp-content\\\/uploads\\\/2017\\\/06\\\/Drillsky-Cable-Blowing-machine-details-360-10.webp\"],\"width\":1200,\"height\":900}'>\n\t\t\t\t\t\t\t\t<ul class=\"threed-view-images\"><\/ul>\n\t\t\t\t<div class=\"spinner\">\n\t\t\t\t\t<span>0%<\/span>\n\t\t\t\t<\/div>\n\t\t\t<\/div>\n\t\t[\/vc_column][vc_column width=&#8220;1\/2&#8243; woodmart_text_align=&#8220;center&#8220; css=&#8220;.vc_custom_1626857745118{padding-top: 10px !important;padding-bottom: 10px !important;}&#8220; woodmart_css_id=&#8220;60f7e10d7cd36&#8243; responsive_spacing=&#8220;eyJwYXJhbV90eXBlIjoid29vZG1hcnRfcmVzcG9uc2l2ZV9zcGFjaW5nIiwic2VsZWN0b3JfaWQiOiI2MGY3ZTEwZDdjZDM2Iiwic2hvcnRjb2RlIjoidmNfY29sdW1uIiwiZGF0YSI6eyJ0YWJsZXQiOnt9LCJtb2JpbGUiOnt9fX0=&#8220; parallax_scroll=&#8220;no&#8220; mobile_bg_img_hidden=&#8220;no&#8220; tablet_bg_img_hidden=&#8220;no&#8220; woodmart_parallax=&#8220;0&#8243; woodmart_sticky_column=&#8220;false&#8220; mobile_reset_margin=&#8220;no&#8220; tablet_reset_margin=&#8220;no&#8220;]\t\t<div id=\"wd-68fcbf4953213\" class=\"wd-text-block wd-wpb reset-last-child wd-rs-68fcbf4953213 text-center wd-font-weight-600 wd-fontsize-s font-primary vc_custom_1761394512504\">\n\t\t\t<p>DRILLSKY<\/p>\n\t\t<\/div>\n\t\t\n\t\t<div id=\"wd-69394b3d6cc9f\" class=\"title-wrapper wd-wpb wd-set-mb reset-last-child  wd-rs-69394b3d6cc9f wd-title-color-default wd-title-style-default text-center vc_custom_1765362542989 wd-width-enabled wd-underline-colored\" style=\"--wd-max-width: 90%;\">\n\t\t\t\n\t\t\t<div class=\"liner-continer\">\n\t\t\t\t<h4 class=\"woodmart-title-container title  wd-font-weight- wd-fontsize-xxxl\" >Fasereinblasen<br \/>\n\u00fcber Bohrmaschinenantrieb<\/h4>\n\t\t\t\t\t\t\t<\/div>\n\t\t\t\n\t\t\t\t\t\t\t<div class=\"title-after_title reset-last-child  wd-fontsize-s\">Kabeldurchmesserbereich: 1 mm bis 6 mm<br \/>\nMikroduct-Durchmesserbereich: 5 mm bis 16 mm<br \/>\nArbeitsweise: Betrieb mit einer Bohrmaschine<\/div>\n\t\t\t\n\t\t\t\n\t\t<\/div>\n\t\t\n\t\t<div id=\"wd-69394b70e0cb3\" class=\" wd-rs-69394b70e0cb3  wd-button-wrapper text-center inline-element\"><a href=\"https:\/\/skyfibertech.com\/wp-content\/uploads\/2021\/08\/DrillSKY-Cable-Blowing-Machine-Catalog.pdf\" title=\"\" class=\"btn btn-color-black btn-style-default btn-shape-rectangle btn-size-default\">DRILLSKY KATALOG<\/a><\/div><div id=\"wd-69394b8bd9455\" class=\" wd-rs-69394b8bd9455  wd-button-wrapper text-center inline-element\"><a href=\"https:\/\/skyfibertech.com\/wp-content\/uploads\/2021\/08\/fiber-blowing-all-machines-catalog.pdf\" title=\"\" class=\"btn btn-style-bordered btn-shape-rectangle btn-size-default\">KATALOG ALLER MASCHINEN<\/a><\/div>[\/vc_column][\/vc_row][vc_row][vc_column css=&#8220;.vc_custom_1493038156710{margin-bottom: -15px !important;}&#8220;]\n\t\t<div id=\"wd-69394b2d1998d\" class=\"title-wrapper wd-wpb wd-set-mb reset-last-child  wd-rs-69394b2d1998d wd-title-color-default wd-title-style-default text-left  wd-underline-colored\">\n\t\t\t\n\t\t\t<div class=\"liner-continer\">\n\t\t\t\t<h4 class=\"woodmart-title-container title  wd-font-weight- wd-fontsize-xl\" >DrillSky Kabel-Einblasmaschine<\/h4>\n\t\t\t\t\t\t\t<\/div>\n\t\t\t\n\t\t\t\n\t\t\t\n\t\t<\/div>\n\t\t\n\t\t[\/vc_column][\/vc_row][vc_row][vc_column css=&#8220;.vc_custom_1493038156710{margin-bottom: -15px !important;}&#8220;]\t\t<div id=\"wd-69394ba5b23d8\" class=\"wd-text-block wd-wpb reset-last-child wd-rs-69394ba5b23d8 text-left \">\n\t\t\t<p class=\"p1\">Der <span class=\"s1\"><b>DrillSKY<\/b><\/span> ist eine kleine, handliche und \u00e4u\u00dferst effiziente Durchlaufmaschine zum Einblasen von Mikrokabeln in Miniducts. Er arbeitet m\u00fchelos mit Kabeldurchmessern von <span class=\"s1\"><b>1 mm bis 6 mm<\/b><\/span> und Mikroductgr\u00f6\u00dfen von <span class=\"s1\"><b>5 mm bis 16 mm<\/b><\/span>.<\/p>\n<p class=\"p1\">Das Ger\u00e4t wird \u00fcber eine <span class=\"s1\"><b>Bohrmaschine<\/b><\/span> angetrieben und erh\u00e4lt dadurch eine stabile und gleichm\u00e4\u00dfige Leistung. Trotz seiner robusten Bauweise ist es leicht genug, um sich auf der Baustelle problemlos bewegen zu lassen. F\u00fcr das Geh\u00e4use werden langlebige Materialien verwendet, was eine lange Lebensdauer und geringeren Wartungsaufwand gew\u00e4hrleistet.<\/p>\n<p class=\"p1\">Der <span class=\"s1\"><b>DrillSKY<\/b><\/span> erm\u00f6glicht eine schnelle Kabelinstallation \u2013 selbst in engen Bereichen oder auf kurzen Strecken, wo schweres Ger\u00e4t wie ein Kran nicht sinnvoll w\u00e4re. Das Design reduziert Reibung und sch\u00fctzt die empfindlichen Faserkabel w\u00e4hrend des Einblasens.<\/p>\n<p class=\"p1\">Der Anschluss eignet sich perfekt f\u00fcr <span class=\"s1\"><b>FTTH- und FTTX-Anwendungen<\/b><\/span> sowie lokale Netzwerke und erfordert kein Polieren. Die einfache Bedienung und unkomplizierte Wartung sorgen daf\u00fcr, dass der DrillSKY jedes Mal zuverl\u00e4ssige Ergebnisse liefert.<\/p>\n\t\t<\/div>\n\t\t[\/vc_column][\/vc_row][vc_row][vc_column css=&#8220;.vc_custom_1493038156710{margin-bottom: -15px !important;}&#8220;][vc_single_image image=&#8220;11758&#8243; img_size=&#8220;full&#8220; css=&#8220;&#8220; parallax_scroll=&#8220;no&#8220; woodmart_inline=&#8220;no&#8220;][\/vc_column][\/vc_row][vc_row][vc_column css=&#8220;.vc_custom_1493038156710{margin-bottom: -15px !important;}&#8220;][vc_empty_space woodmart_hide_large=&#8220;0&#8243; woodmart_hide_medium=&#8220;0&#8243; woodmart_hide_small=&#8220;0&#8243;]\n\t\t<div id=\"wd-69394be59264f\" class=\"title-wrapper wd-wpb wd-set-mb reset-last-child  wd-rs-69394be59264f wd-title-color-default wd-title-style-default text-left  wd-underline-colored\">\n\t\t\t\n\t\t\t<div class=\"liner-continer\">\n\t\t\t\t<h4 class=\"woodmart-title-container title  wd-font-weight- wd-fontsize-xl\" >Technische Spezifikationen<\/h4>\n\t\t\t\t\t\t\t<\/div>\n\t\t\t\n\t\t\t\n\t\t\t\n\t\t<\/div>\n\t\t\n\t\t[\/vc_column][\/vc_row][vc_row content_placement=&#8220;top&#8220;][vc_column width=&#8220;1\/2&#8243; offset=&#8220;vc_col-md-6&#8243;]\t\t<div id=\"wd-69394bf5823d2\" class=\"wd-text-block wd-wpb reset-last-child wd-rs-69394bf5823d2 text-left \">\n\t\t\t<table style=\"width: 100%; border-collapse: collapse; font-family: Arial, sans-serif; font-size: 14px;\">\n<thead>\n<tr>\n<th style=\"padding: 10px; width: 40%;\">Spezifikation<\/th>\n<th style=\"padding: 10px;\">Details<\/th>\n<\/tr>\n<\/thead>\n<tbody>\n<tr style=\"background-color: #f9f9f9;\">\n<td style=\"padding: 10px;\">Modell<\/td>\n<td style=\"padding: 10px;\">DrillSKY<\/td>\n<\/tr>\n<tr>\n<td style=\"padding: 10px;\">Kabeldurchmesser-Bereich<\/td>\n<td style=\"padding: 10px;\">1 mm \u2013 6 mm<\/td>\n<\/tr>\n<tr style=\"background-color: #f9f9f9;\">\n<td style=\"padding: 10px;\">Mikroduct-Durchmesserbereich<\/td>\n<td style=\"padding: 10px;\">5 mm \u2013 16 mm<\/td>\n<\/tr>\n<tr>\n<td style=\"padding: 10px;\">Energiequelle<\/td>\n<td style=\"padding: 10px;\">Antrieb durch Bohrmaschine<\/td>\n<\/tr>\n<tr style=\"background-color: #f9f9f9;\">\n<td style=\"padding: 10px;\">Antriebsart<\/td>\n<td style=\"padding: 10px;\">Mechanisch, \u00fcber Bohrmaschinenanschluss<\/td>\n<\/tr>\n<tr>\n<td style=\"padding: 10px;\">Material<\/td>\n<td style=\"padding: 10px;\">Aluminiumgeh\u00e4use, Edelstahlverbindungen<\/td>\n<\/tr>\n<tr style=\"background-color: #f9f9f9;\">\n<td style=\"padding: 10px;\">Gewicht<\/td>\n<td style=\"padding: 10px;\">Ca. 2,5 kg<\/td>\n<\/tr>\n<tr>\n<td style=\"padding: 10px;\">Abmessungen (L x B x H)<\/td>\n<td style=\"padding: 10px;\">150 x 120 x 100 mm<\/td>\n<\/tr>\n<tr style=\"background-color: #f9f9f9;\">\n<td style=\"padding: 10px;\">Anwendungsbereiche<\/td>\n<td style=\"padding: 10px;\">FTTH \/ FTTX, Installation von Mikrorohren, Kurzstreckenprojekte<\/td>\n<\/tr>\n<\/tbody>\n<\/table>\n\t\t<\/div>\n\t\t[\/vc_column][vc_column width=&#8220;1\/2&#8243; offset=&#8220;vc_col-md-6&#8243;]\t\t<div id=\"wd-68e4d384799c4\" class=\"wd-image wd-wpb wd-rs-68e4d384799c4 text-left \">\n\t\t\t\n\t\t\t<img loading=\"lazy\" decoding=\"async\" width=\"1170\" height=\"1130\" src=\"https:\/\/allamemakina.com\/wp-content\/uploads\/2017\/06\/Cable-Blowing-Machine-DrillSky-Details-4.webp\" class=\"attachment-full size-full\" alt=\"Cable Blowing Machine DrillSky Details\" srcset=\"https:\/\/allamemakina.com\/wp-content\/uploads\/2017\/06\/Cable-Blowing-Machine-DrillSky-Details-4.webp 1170w, https:\/\/allamemakina.com\/wp-content\/uploads\/2017\/06\/Cable-Blowing-Machine-DrillSky-Details-4-311x300.webp 311w, https:\/\/allamemakina.com\/wp-content\/uploads\/2017\/06\/Cable-Blowing-Machine-DrillSky-Details-4-828x800.webp 828w, https:\/\/allamemakina.com\/wp-content\/uploads\/2017\/06\/Cable-Blowing-Machine-DrillSky-Details-4-768x742.webp 768w, https:\/\/allamemakina.com\/wp-content\/uploads\/2017\/06\/Cable-Blowing-Machine-DrillSky-Details-4-430x415.webp 430w, https:\/\/allamemakina.com\/wp-content\/uploads\/2017\/06\/Cable-Blowing-Machine-DrillSky-Details-4-700x676.webp 700w, https:\/\/allamemakina.com\/wp-content\/uploads\/2017\/06\/Cable-Blowing-Machine-DrillSky-Details-4-150x145.webp 150w\" sizes=\"auto, (max-width: 1170px) 100vw, 1170px\" \/>\n\t\t\t\t\t<\/div>\n\t\t[\/vc_column][\/vc_row][vc_row][vc_column][vc_video link=&#8220;https:\/\/www.youtube.com\/embed\/YNNliWbC7Ww&#8220; css=&#8220;&#8220; woodmart_css_id=&#8220;691b1e3f741d4&#8243; image_poster_switch=&#8220;no&#8220;][\/vc_column][\/vc_row][vc_row woodmart_css_id=&#8220;6915b7dec8f7d&#8220; responsive_spacing=&#8220;eyJwYXJhbV90eXBlIjoid29vZG1hcnRfcmVzcG9uc2l2ZV9zcGFjaW5nIiwic2VsZWN0b3JfaWQiOiI2OTE1YjdkZWM4ZjdkIiwic2hvcnRjb2RlIjoidmNfcm93IiwiZGF0YSI6eyJ0YWJsZXQiOnt9LCJtb2JpbGUiOnt9fX0=&#8220; mobile_bg_img_hidden=&#8220;no&#8220; tablet_bg_img_hidden=&#8220;no&#8220; woodmart_parallax=&#8220;0&#8243; woodmart_gradient_switch=&#8220;no&#8220; woodmart_box_shadow=&#8220;no&#8220; wd_z_index=&#8220;no&#8220; woodmart_disable_overflow=&#8220;0&#8243; row_reverse_mobile=&#8220;0&#8243; row_reverse_tablet=&#8220;0&#8243;][vc_column][vc_single_image image=&#8220;11465&#8243; img_size=&#8220;full&#8220; style=&#8220;vc_box_outline&#8220; onclick=&#8220;custom_link&#8220; img_link_target=&#8220;_blank&#8220; css=&#8220;&#8220; parallax_scroll=&#8220;no&#8220; woodmart_inline=&#8220;no&#8220; link=&#8220;https:\/\/skyfibertech.com&#8220;][\/vc_column][\/vc_row]<\/p>\n<\/div>","protected":false},"excerpt":{"rendered":"<p>Der DrillSKY ist eine kleine, handliche und \u00e4u\u00dferst effiziente Durchlaufmaschine zum Einblasen von Mikrokabeln in Miniducts. Er arbeitet m\u00fchelos mit Kabeldurchmessern von 1 mm bis 6 mm und Mikroductgr\u00f6\u00dfen von 5 mm bis 16 mm.<\/p>\n<p><a href=\"https:\/\/skyfibertech.com\/wp-content\/uploads\/2021\/08\/fiber-blowing-all-machines-catalog.pdf\" target=\"_blank\" rel=\"noopener noreferrer\"><br \/>\n<img loading=\"lazy\" decoding=\"async\" class=\"alignnone wp-image-11158 size-full\" src=\"https:\/\/allamemakina.com\/wp-content\/uploads\/2025\/10\/download-allame-catalogs-2.jpg\" alt=\"\" width=\"300\" height=\"90\" srcset=\"https:\/\/allamemakina.com\/wp-content\/uploads\/2025\/10\/download-allame-catalogs-2.jpg 300w, https:\/\/allamemakina.com\/wp-content\/uploads\/2025\/10\/download-allame-catalogs-2-150x45.jpg 150w\" sizes=\"auto, (max-width: 300px) 100vw, 300px\" \/><br \/>\n<\/a><\/p>\n","protected":false},"featured_media":11714,"comment_status":"open","ping_status":"closed","template":"","meta":{"_joinchat":[]},"product_brand":[49],"product_cat":[125],"product_tag":[],"class_list":{"0":"post-11712","1":"product","2":"type-product","3":"status-publish","4":"has-post-thumbnail","6":"product_brand-skyfibertech","7":"product_cat-cable-blowing-machines","9":"first","10":"instock","11":"shipping-taxable","12":"product-type-grouped"},"yoast_head":"<!-- This site is optimized with the Yoast SEO Premium plugin v27.4 (Yoast SEO v27.4) - https:\/\/yoast.com\/product\/yoast-seo-premium-wordpress\/ -->\n<title>DrillSky Kabel-Einblasmaschine<\/title>\n<meta name=\"description\" content=\"Der DrillSKY ist eine kleine, handliche und \u00e4u\u00dferst effiziente Durchlaufmaschine zum Einblasen von Mikrokabeln in Miniducts.\" \/>\n<meta name=\"robots\" content=\"index, follow, max-snippet:-1, max-image-preview:large, max-video-preview:-1\" \/>\n<link rel=\"canonical\" href=\"https:\/\/allamemakina.com\/de\/produkt\/drillsky-kabel-einblasmaschine\/\" \/>\n<meta property=\"og:locale\" content=\"de_DE\" \/>\n<meta property=\"og:type\" content=\"article\" \/>\n<meta property=\"og:title\" content=\"DrillSky Kabel-Einblasmaschine\" \/>\n<meta property=\"og:description\" content=\"Der DrillSKY ist eine kleine, handliche und \u00e4u\u00dferst effiziente Durchlaufmaschine zum Einblasen von Mikrokabeln in Miniducts.\" \/>\n<meta property=\"og:url\" content=\"https:\/\/allamemakina.com\/de\/produkt\/drillsky-kabel-einblasmaschine\/\" \/>\n<meta property=\"og:site_name\" content=\"ALLAME MAKINA LTD. | Machine Manufacturing\" \/>\n<meta property=\"article:publisher\" content=\"https:\/\/www.facebook.com\/skyfibertech\/\" \/>\n<meta property=\"article:modified_time\" content=\"2025-12-10T10:32:21+00:00\" \/>\n<meta property=\"og:image\" content=\"https:\/\/allamemakina.com\/wp-content\/uploads\/2017\/06\/Cable-Blowing-Machine-DrillSky-Details-5.webp\" \/>\n\t<meta property=\"og:image:width\" content=\"700\" \/>\n\t<meta property=\"og:image:height\" content=\"800\" \/>\n\t<meta property=\"og:image:type\" content=\"image\/webp\" \/>\n<meta name=\"twitter:card\" content=\"summary_large_image\" \/>\n<meta name=\"twitter:site\" content=\"@SkyFiberTech1\" \/>\n<meta name=\"twitter:label1\" content=\"Verf\u00fcgbarkeit\" \/>\n\t<meta name=\"twitter:data1\" content=\"Auf Lager\" \/>\n<script type=\"application\/ld+json\" class=\"yoast-schema-graph\">{\"@context\":\"https:\\\/\\\/schema.org\",\"@graph\":[{\"@type\":\"WebPage\",\"@id\":\"https:\\\/\\\/allamemakina.com\\\/de\\\/produkt\\\/drillsky-kabel-einblasmaschine\\\/\",\"url\":\"https:\\\/\\\/allamemakina.com\\\/de\\\/produkt\\\/drillsky-kabel-einblasmaschine\\\/\",\"name\":\"DrillSky Kabel-Einblasmaschine\",\"isPartOf\":{\"@id\":\"https:\\\/\\\/allamemakina.com\\\/#website\"},\"primaryImageOfPage\":{\"@id\":\"https:\\\/\\\/allamemakina.com\\\/de\\\/produkt\\\/drillsky-kabel-einblasmaschine\\\/#primaryimage\"},\"image\":{\"@id\":\"https:\\\/\\\/allamemakina.com\\\/de\\\/produkt\\\/drillsky-kabel-einblasmaschine\\\/#primaryimage\"},\"thumbnailUrl\":\"https:\\\/\\\/allamemakina.com\\\/wp-content\\\/uploads\\\/2017\\\/06\\\/Cable-Blowing-Machine-DrillSky-Details-5.webp\",\"datePublished\":\"2017-06-14T08:24:57+00:00\",\"dateModified\":\"2025-12-10T10:32:21+00:00\",\"description\":\"Der DrillSKY ist eine kleine, handliche und \u00e4u\u00dferst effiziente Durchlaufmaschine zum Einblasen von Mikrokabeln in Miniducts.\",\"breadcrumb\":{\"@id\":\"https:\\\/\\\/allamemakina.com\\\/de\\\/produkt\\\/drillsky-kabel-einblasmaschine\\\/#breadcrumb\"},\"inLanguage\":\"de\",\"potentialAction\":[{\"@type\":\"ReadAction\",\"target\":[\"https:\\\/\\\/allamemakina.com\\\/de\\\/produkt\\\/drillsky-kabel-einblasmaschine\\\/\"]}]},{\"@type\":\"ImageObject\",\"inLanguage\":\"de\",\"@id\":\"https:\\\/\\\/allamemakina.com\\\/de\\\/produkt\\\/drillsky-kabel-einblasmaschine\\\/#primaryimage\",\"url\":\"https:\\\/\\\/allamemakina.com\\\/wp-content\\\/uploads\\\/2017\\\/06\\\/Cable-Blowing-Machine-DrillSky-Details-5.webp\",\"contentUrl\":\"https:\\\/\\\/allamemakina.com\\\/wp-content\\\/uploads\\\/2017\\\/06\\\/Cable-Blowing-Machine-DrillSky-Details-5.webp\",\"width\":700,\"height\":800,\"caption\":\"Cable Blowing Machine DrillSky Details\"},{\"@type\":\"BreadcrumbList\",\"@id\":\"https:\\\/\\\/allamemakina.com\\\/de\\\/produkt\\\/drillsky-kabel-einblasmaschine\\\/#breadcrumb\",\"itemListElement\":[{\"@type\":\"ListItem\",\"position\":1,\"name\":\"Home\",\"item\":\"https:\\\/\\\/allamemakina.com\\\/de\\\/home-base\\\/\"},{\"@type\":\"ListItem\",\"position\":2,\"name\":\"Shop\",\"item\":\"https:\\\/\\\/allamemakina.com\\\/shop\\\/\"},{\"@type\":\"ListItem\",\"position\":3,\"name\":\"DrillSky Kabel-Einblasmaschine\"}]},{\"@type\":\"WebSite\",\"@id\":\"https:\\\/\\\/allamemakina.com\\\/#website\",\"url\":\"https:\\\/\\\/allamemakina.com\\\/\",\"name\":\"ALLAME MAKINA LTD. | Machine Manufacturing\",\"description\":\"Industrial Machine Manufacturer\",\"publisher\":{\"@id\":\"https:\\\/\\\/allamemakina.com\\\/#organization\"},\"alternateName\":\"ALLAME MACHINE\",\"potentialAction\":[{\"@type\":\"SearchAction\",\"target\":{\"@type\":\"EntryPoint\",\"urlTemplate\":\"https:\\\/\\\/allamemakina.com\\\/?s={search_term_string}\"},\"query-input\":{\"@type\":\"PropertyValueSpecification\",\"valueRequired\":true,\"valueName\":\"search_term_string\"}}],\"inLanguage\":\"de\"},{\"@type\":\"Organization\",\"@id\":\"https:\\\/\\\/allamemakina.com\\\/#organization\",\"name\":\"ALLAME MAKINA LTD. | Machine Manufacturing\",\"alternateName\":\"Cable Laying Machines & Accessories\",\"url\":\"https:\\\/\\\/allamemakina.com\\\/\",\"logo\":{\"@type\":\"ImageObject\",\"inLanguage\":\"de\",\"@id\":\"https:\\\/\\\/allamemakina.com\\\/#\\\/schema\\\/logo\\\/image\\\/\",\"url\":\"https:\\\/\\\/allamemakina.com\\\/wp-content\\\/uploads\\\/2025\\\/10\\\/allame-company-logo.webp\",\"contentUrl\":\"https:\\\/\\\/allamemakina.com\\\/wp-content\\\/uploads\\\/2025\\\/10\\\/allame-company-logo.webp\",\"width\":805,\"height\":293,\"caption\":\"ALLAME MAKINA LTD. | Machine Manufacturing\"},\"image\":{\"@id\":\"https:\\\/\\\/allamemakina.com\\\/#\\\/schema\\\/logo\\\/image\\\/\"},\"sameAs\":[\"https:\\\/\\\/www.facebook.com\\\/skyfibertech\\\/\",\"https:\\\/\\\/x.com\\\/SkyFiberTech1\",\"https:\\\/\\\/www.instagram.com\\\/allamemakina\",\"https:\\\/\\\/www.youtube.com\\\/@skyfibertech\\\/videos\",\"https:\\\/\\\/www.linkedin.com\\\/company\\\/cable-blowing-machines\\\/\"],\"ownershipFundingInfo\":\"https:\\\/\\\/allamemakina.com\\\/our-factory\\\/\"}]}<\/script>\n<meta property=\"product:brand\" content=\"Skyfibertech\" \/>\n<meta property=\"og:availability\" content=\"instock\" \/>\n<meta property=\"product:availability\" content=\"instock\" \/>\n<meta property=\"product:condition\" content=\"new\" \/>\n<!-- \/ Yoast SEO Premium plugin. -->","yoast_head_json":{"title":"DrillSky Kabel-Einblasmaschine","description":"Der DrillSKY ist eine kleine, handliche und \u00e4u\u00dferst effiziente Durchlaufmaschine zum Einblasen von Mikrokabeln in Miniducts.","robots":{"index":"index","follow":"follow","max-snippet":"max-snippet:-1","max-image-preview":"max-image-preview:large","max-video-preview":"max-video-preview:-1"},"canonical":"https:\/\/allamemakina.com\/de\/produkt\/drillsky-kabel-einblasmaschine\/","og_locale":"de_DE","og_type":"article","og_title":"DrillSky Kabel-Einblasmaschine","og_description":"Der DrillSKY ist eine kleine, handliche und \u00e4u\u00dferst effiziente Durchlaufmaschine zum Einblasen von Mikrokabeln in Miniducts.","og_url":"https:\/\/allamemakina.com\/de\/produkt\/drillsky-kabel-einblasmaschine\/","og_site_name":"ALLAME MAKINA LTD. | Machine Manufacturing","article_publisher":"https:\/\/www.facebook.com\/skyfibertech\/","article_modified_time":"2025-12-10T10:32:21+00:00","og_image":[{"width":700,"height":800,"url":"https:\/\/allamemakina.com\/wp-content\/uploads\/2017\/06\/Cable-Blowing-Machine-DrillSky-Details-5.webp","type":"image\/webp"}],"twitter_card":"summary_large_image","twitter_site":"@SkyFiberTech1","twitter_misc":{"Verf\u00fcgbarkeit":"Auf Lager"},"schema":{"@context":"https:\/\/schema.org","@graph":[{"@type":"WebPage","@id":"https:\/\/allamemakina.com\/de\/produkt\/drillsky-kabel-einblasmaschine\/","url":"https:\/\/allamemakina.com\/de\/produkt\/drillsky-kabel-einblasmaschine\/","name":"DrillSky Kabel-Einblasmaschine","isPartOf":{"@id":"https:\/\/allamemakina.com\/#website"},"primaryImageOfPage":{"@id":"https:\/\/allamemakina.com\/de\/produkt\/drillsky-kabel-einblasmaschine\/#primaryimage"},"image":{"@id":"https:\/\/allamemakina.com\/de\/produkt\/drillsky-kabel-einblasmaschine\/#primaryimage"},"thumbnailUrl":"https:\/\/allamemakina.com\/wp-content\/uploads\/2017\/06\/Cable-Blowing-Machine-DrillSky-Details-5.webp","datePublished":"2017-06-14T08:24:57+00:00","dateModified":"2025-12-10T10:32:21+00:00","description":"Der DrillSKY ist eine kleine, handliche und \u00e4u\u00dferst effiziente Durchlaufmaschine zum Einblasen von Mikrokabeln in Miniducts.","breadcrumb":{"@id":"https:\/\/allamemakina.com\/de\/produkt\/drillsky-kabel-einblasmaschine\/#breadcrumb"},"inLanguage":"de","potentialAction":[{"@type":"ReadAction","target":["https:\/\/allamemakina.com\/de\/produkt\/drillsky-kabel-einblasmaschine\/"]}]},{"@type":"ImageObject","inLanguage":"de","@id":"https:\/\/allamemakina.com\/de\/produkt\/drillsky-kabel-einblasmaschine\/#primaryimage","url":"https:\/\/allamemakina.com\/wp-content\/uploads\/2017\/06\/Cable-Blowing-Machine-DrillSky-Details-5.webp","contentUrl":"https:\/\/allamemakina.com\/wp-content\/uploads\/2017\/06\/Cable-Blowing-Machine-DrillSky-Details-5.webp","width":700,"height":800,"caption":"Cable Blowing Machine DrillSky Details"},{"@type":"BreadcrumbList","@id":"https:\/\/allamemakina.com\/de\/produkt\/drillsky-kabel-einblasmaschine\/#breadcrumb","itemListElement":[{"@type":"ListItem","position":1,"name":"Home","item":"https:\/\/allamemakina.com\/de\/home-base\/"},{"@type":"ListItem","position":2,"name":"Shop","item":"https:\/\/allamemakina.com\/shop\/"},{"@type":"ListItem","position":3,"name":"DrillSky Kabel-Einblasmaschine"}]},{"@type":"WebSite","@id":"https:\/\/allamemakina.com\/#website","url":"https:\/\/allamemakina.com\/","name":"ALLAME MAKINA LTD. | Machine Manufacturing","description":"Industrial Machine Manufacturer","publisher":{"@id":"https:\/\/allamemakina.com\/#organization"},"alternateName":"ALLAME MACHINE","potentialAction":[{"@type":"SearchAction","target":{"@type":"EntryPoint","urlTemplate":"https:\/\/allamemakina.com\/?s={search_term_string}"},"query-input":{"@type":"PropertyValueSpecification","valueRequired":true,"valueName":"search_term_string"}}],"inLanguage":"de"},{"@type":"Organization","@id":"https:\/\/allamemakina.com\/#organization","name":"ALLAME MAKINA LTD. | Machine Manufacturing","alternateName":"Cable Laying Machines & Accessories","url":"https:\/\/allamemakina.com\/","logo":{"@type":"ImageObject","inLanguage":"de","@id":"https:\/\/allamemakina.com\/#\/schema\/logo\/image\/","url":"https:\/\/allamemakina.com\/wp-content\/uploads\/2025\/10\/allame-company-logo.webp","contentUrl":"https:\/\/allamemakina.com\/wp-content\/uploads\/2025\/10\/allame-company-logo.webp","width":805,"height":293,"caption":"ALLAME MAKINA LTD. | Machine Manufacturing"},"image":{"@id":"https:\/\/allamemakina.com\/#\/schema\/logo\/image\/"},"sameAs":["https:\/\/www.facebook.com\/skyfibertech\/","https:\/\/x.com\/SkyFiberTech1","https:\/\/www.instagram.com\/allamemakina","https:\/\/www.youtube.com\/@skyfibertech\/videos","https:\/\/www.linkedin.com\/company\/cable-blowing-machines\/"],"ownershipFundingInfo":"https:\/\/allamemakina.com\/our-factory\/"}]},"product_brand":"Skyfibertech","og_availability":"instock","product_availability":"instock","product_condition":"new"},"_links":{"self":[{"href":"https:\/\/allamemakina.com\/de\/wp-json\/wp\/v2\/product\/11712","targetHints":{"allow":["GET"]}}],"collection":[{"href":"https:\/\/allamemakina.com\/de\/wp-json\/wp\/v2\/product"}],"about":[{"href":"https:\/\/allamemakina.com\/de\/wp-json\/wp\/v2\/types\/product"}],"replies":[{"embeddable":true,"href":"https:\/\/allamemakina.com\/de\/wp-json\/wp\/v2\/comments?post=11712"}],"wp:featuredmedia":[{"embeddable":true,"href":"https:\/\/allamemakina.com\/de\/wp-json\/wp\/v2\/media\/11714"}],"wp:attachment":[{"href":"https:\/\/allamemakina.com\/de\/wp-json\/wp\/v2\/media?parent=11712"}],"wp:term":[{"taxonomy":"product_brand","embeddable":true,"href":"https:\/\/allamemakina.com\/de\/wp-json\/wp\/v2\/product_brand?post=11712"},{"taxonomy":"product_cat","embeddable":true,"href":"https:\/\/allamemakina.com\/de\/wp-json\/wp\/v2\/product_cat?post=11712"},{"taxonomy":"product_tag","embeddable":true,"href":"https:\/\/allamemakina.com\/de\/wp-json\/wp\/v2\/product_tag?post=11712"}],"curies":[{"name":"wp","href":"https:\/\/api.w.org\/{rel}","templated":true}]}}