{"id":12003,"date":"2025-11-03T13:32:04","date_gmt":"2025-11-03T13:32:04","guid":{"rendered":"https:\/\/allamemakina.com\/product\/hydraulic-cable-drum-trailer-10-ton\/"},"modified":"2025-12-18T09:31:47","modified_gmt":"2025-12-18T09:31:47","slug":"hydraulischer-kabeltrommelanhaenger-10-tonnen","status":"publish","type":"product","link":"https:\/\/allamemakina.com\/de\/produkt\/hydraulischer-kabeltrommelanhaenger-10-tonnen\/","title":{"rendered":"Hydraulischer Kabeltrommelanh\u00e4nger 10 Tonnen"},"content":{"rendered":"<div class=\"wpb-content-wrapper\"><p>[vc_row][vc_column css=&#8220;.vc_custom_1493038156710{margin-bottom: -15px !important;}&#8220;]\n\t\t<div id=\"wd-6943c9b604e16\" class=\"title-wrapper wd-wpb wd-set-mb reset-last-child  wd-rs-6943c9b604e16 wd-title-color-default wd-title-style-default text-left  wd-underline-colored\">\n\t\t\t\n\t\t\t<div class=\"liner-continer\">\n\t\t\t\t<h4 class=\"woodmart-title-container title  wd-font-weight- wd-fontsize-xl\" >Hydraulischer Kabeltrommelanh\u00e4nger 10 Tonnen<\/h4>\n\t\t\t\t\t\t\t<\/div>\n\t\t\t\n\t\t\t\n\t\t\t\n\t\t<\/div>\n\t\t\n\t\t[\/vc_column][\/vc_row][vc_row][vc_column css=&#8220;.vc_custom_1493038156710{margin-bottom: -15px !important;}&#8220;]\t\t<div id=\"wd-6943c9c7ba84e\" class=\"wd-text-block wd-wpb reset-last-child wd-rs-6943c9c7ba84e text-left \">\n\t\t\t<p class=\"p1\">Der <span class=\"s1\"><b>Hydraulic Cable Drum Trailer 10 Ton<\/b><\/span> wurde f\u00fcr schwere Kabelarbeiten entwickelt. Er erm\u00f6glicht das sichere Anheben und Bewegen gro\u00dfer Kabeltrommeln \u2013 ganz ohne zus\u00e4tzliche Maschinen. Die leistungsstarke Hydraulikpumpe hebt die Trommel kontrolliert und gleichm\u00e4\u00dfig an, sodass das Be- und Entladen einfach und reibungslos abl\u00e4uft.<\/p>\n<p class=\"p1\">Dieser Anh\u00e4nger ist f\u00fcr Kabeltrommeln bis zu <span class=\"s1\"><b>10 Tonnen<\/b><\/span> ausgelegt. Der breite Rahmen und die stabile Wellenlagerung sorgen f\u00fcr maximale Standfestigkeit. Das <span class=\"s1\"><b>Auflaufbremssystem<\/b><\/span> erh\u00f6ht die Sicherheit beim Ziehen, auch auf stark frequentierten Baustellen oder unebenem Gel\u00e4nde. Die Trommel bleibt dabei stets stabil, sowohl beim Transport als auch beim Abrollen des Kabels.<\/p>\n<p class=\"p1\">Dank seiner robusten Stahlkonstruktion und der gro\u00dfen Bereifung ist dieser Anh\u00e4nger bestens f\u00fcr harte Eins\u00e4tze im Feld geeignet. Er ist eine zuverl\u00e4ssige L\u00f6sung f\u00fcr <span class=\"s1\"><b>Energieversorgungsprojekte, Telekommunikation<\/b><\/span> sowie <span class=\"s1\"><b>unterirdische Kabelverlegung<\/b><\/span>, bei denen sicherer Transport und sauberes Kabelabrollen entscheidend sind.<\/p>\n<p class=\"p1\">Wenn Ihre Arbeit <span class=\"s1\"><b>Kraft, Stabilit\u00e4t und einfache Bedienung<\/b><\/span> erfordert, ist dieses <span class=\"s1\"><b>10-Tonnen-Modell<\/b><\/span> die richtige Wahl.<\/p>\n<p class=\"p3\"><b>Kontaktieren Sie uns f\u00fcr weitere Informationen.<\/b><\/p>\n\t\t<\/div>\n\t\t[\/vc_column][\/vc_row][vc_row][vc_column css=&#8220;.vc_custom_1493038156710{margin-bottom: -15px !important;}&#8220;][vc_empty_space woodmart_hide_large=&#8220;0&#8243; woodmart_hide_medium=&#8220;0&#8243; woodmart_hide_small=&#8220;0&#8243;]\n\t\t<div id=\"wd-6943c9e87e8d5\" class=\"title-wrapper wd-wpb wd-set-mb reset-last-child  wd-rs-6943c9e87e8d5 wd-title-color-default wd-title-style-default text-left  wd-underline-colored\">\n\t\t\t\n\t\t\t<div class=\"liner-continer\">\n\t\t\t\t<h4 class=\"woodmart-title-container title  wd-font-weight- wd-fontsize-xl\" >Technische Spezifikationen<\/h4>\n\t\t\t\t\t\t\t<\/div>\n\t\t\t\n\t\t\t\n\t\t\t\n\t\t<\/div>\n\t\t\n\t\t[\/vc_column][\/vc_row][vc_row content_placement=&#8220;top&#8220;][vc_column width=&#8220;1\/2&#8243; offset=&#8220;vc_col-md-6&#8243;]\t\t<div id=\"wd-6908da30d4aea\" class=\"wd-text-block wd-wpb reset-last-child wd-rs-6908da30d4aea text-left \">\n\t\t\t<table>\n<tbody>\n<tr>\n<td><strong>Purchase Number<\/strong><\/td>\n<td>HCDT10<\/td>\n<\/tr>\n<tr>\n<td><strong>Length<\/strong><\/td>\n<td>4200 mm<\/td>\n<\/tr>\n<tr>\n<td><strong>Width<\/strong><\/td>\n<td>2850 mm<\/td>\n<\/tr>\n<tr>\n<td><strong>Height<\/strong><\/td>\n<td>2200 mm<\/td>\n<\/tr>\n<tr>\n<td><strong>Empty Weight<\/strong><\/td>\n<td>1500 kg<\/td>\n<\/tr>\n<tr>\n<td><strong>Payload<\/strong><\/td>\n<td>10000 kg<\/td>\n<\/tr>\n<tr>\n<td><strong>Total Weight<\/strong><\/td>\n<td>11500 kg<\/td>\n<\/tr>\n<tr>\n<td><strong>Brake<\/strong><\/td>\n<td>Overrun<\/td>\n<\/tr>\n<tr>\n<td><strong>Max Drum Diameter<\/strong><\/td>\n<td>3200 mm<\/td>\n<\/tr>\n<tr>\n<td><strong>Clear Loading Width<\/strong><\/td>\n<td>2000 mm<\/td>\n<\/tr>\n<tr>\n<td><strong>Drum Shaft Diameter<\/strong><\/td>\n<td>90 mm<\/td>\n<\/tr>\n<tr>\n<td><strong>Tyres<\/strong><\/td>\n<td>2<\/td>\n<\/tr>\n<tr>\n<td><strong>Tyre Size<\/strong><\/td>\n<td>1100 \u00d7 22.5<\/td>\n<\/tr>\n<\/tbody>\n<\/table>\n\t\t<\/div>\n\t\t[\/vc_column][vc_column width=&#8220;1\/2&#8243; offset=&#8220;vc_col-md-6&#8243;]\t\t<div id=\"wd-68e4f130097ce\" class=\"wd-image wd-wpb wd-rs-68e4f130097ce text-left \">\n\t\t\t\n\t\t\t<img loading=\"lazy\" decoding=\"async\" width=\"1170\" height=\"1130\" src=\"https:\/\/allamemakina.com\/wp-content\/uploads\/2017\/06\/Full-Hydraulic-Cable-Drum-Trailer-Details-4.webp\" class=\"attachment-full size-full\" alt=\"Full Hydraulic Cable Drum Trailer Details\" srcset=\"https:\/\/allamemakina.com\/wp-content\/uploads\/2017\/06\/Full-Hydraulic-Cable-Drum-Trailer-Details-4.webp 1170w, https:\/\/allamemakina.com\/wp-content\/uploads\/2017\/06\/Full-Hydraulic-Cable-Drum-Trailer-Details-4-311x300.webp 311w, https:\/\/allamemakina.com\/wp-content\/uploads\/2017\/06\/Full-Hydraulic-Cable-Drum-Trailer-Details-4-828x800.webp 828w, https:\/\/allamemakina.com\/wp-content\/uploads\/2017\/06\/Full-Hydraulic-Cable-Drum-Trailer-Details-4-768x742.webp 768w, https:\/\/allamemakina.com\/wp-content\/uploads\/2017\/06\/Full-Hydraulic-Cable-Drum-Trailer-Details-4-430x415.webp 430w, https:\/\/allamemakina.com\/wp-content\/uploads\/2017\/06\/Full-Hydraulic-Cable-Drum-Trailer-Details-4-700x676.webp 700w, https:\/\/allamemakina.com\/wp-content\/uploads\/2017\/06\/Full-Hydraulic-Cable-Drum-Trailer-Details-4-150x145.webp 150w\" sizes=\"auto, (max-width: 1170px) 100vw, 1170px\" \/>\n\t\t\t\t\t<\/div>\n\t\t[\/vc_column][\/vc_row][vc_row woodmart_css_id=&#8220;6915bc1ba0f6d&#8220; responsive_spacing=&#8220;eyJwYXJhbV90eXBlIjoid29vZG1hcnRfcmVzcG9uc2l2ZV9zcGFjaW5nIiwic2VsZWN0b3JfaWQiOiI2OTE1YmMxYmEwZjZkIiwic2hvcnRjb2RlIjoidmNfcm93IiwiZGF0YSI6eyJ0YWJsZXQiOnt9LCJtb2JpbGUiOnt9fX0=&#8220; mobile_bg_img_hidden=&#8220;no&#8220; tablet_bg_img_hidden=&#8220;no&#8220; woodmart_parallax=&#8220;0&#8243; woodmart_gradient_switch=&#8220;no&#8220; woodmart_box_shadow=&#8220;no&#8220; wd_z_index=&#8220;no&#8220; woodmart_disable_overflow=&#8220;0&#8243; row_reverse_mobile=&#8220;0&#8243; row_reverse_tablet=&#8220;0&#8243;][vc_column][vc_single_image image=&#8220;11971&#8243; img_size=&#8220;full&#8220; style=&#8220;vc_box_outline&#8220; onclick=&#8220;custom_link&#8220; img_link_target=&#8220;_blank&#8220; css=&#8220;&#8220; parallax_scroll=&#8220;no&#8220; woodmart_inline=&#8220;no&#8220; link=&#8220;https:\/\/cabledrumtrailer.com&#8220;][\/vc_column][\/vc_row]<\/p>\n<\/div>","protected":false},"excerpt":{"rendered":"<p>Der <span class=\"s1\"><b>Hydraulic Cable Drum Trailer 10 Ton<\/b><\/span> wurde f\u00fcr schwere Kabelarbeiten entwickelt. Er erm\u00f6glicht das sichere Anheben und Bewegen gro\u00dfer Kabeltrommeln \u2013 ganz ohne zus\u00e4tzliche Maschinen. Die leistungsstarke Hydraulikpumpe hebt die Trommel kontrolliert und gleichm\u00e4\u00dfig an, sodass das Be- und Entladen einfach und reibungslos abl\u00e4uft.<\/p>\n<p><a href=\"https:\/\/cablepullingmachines.com\/Cable-Pulling-Machines-Cable-Drum-Trailers-All-Products-catalog.pdf\" target=\"_blank\" rel=\"noopener noreferrer\"><br \/>\n<img loading=\"lazy\" decoding=\"async\" class=\"alignnone wp-image-11158 size-full\" src=\"https:\/\/allamemakina.com\/wp-content\/uploads\/2025\/10\/download-allame-catalogs-2.jpg\" alt=\"\" width=\"300\" height=\"90\" srcset=\"https:\/\/allamemakina.com\/wp-content\/uploads\/2025\/10\/download-allame-catalogs-2.jpg 300w, https:\/\/allamemakina.com\/wp-content\/uploads\/2025\/10\/download-allame-catalogs-2-150x45.jpg 150w\" sizes=\"auto, (max-width: 300px) 100vw, 300px\" \/><br \/>\n<\/a><\/p>\n","protected":false},"featured_media":12004,"comment_status":"open","ping_status":"closed","template":"","meta":{"_joinchat":[]},"product_brand":[50],"product_cat":[130],"product_tag":[],"class_list":{"0":"post-12003","1":"product","2":"type-product","3":"status-publish","4":"has-post-thumbnail","6":"product_brand-cp","7":"product_cat-cable-drum-trailers","9":"first","10":"instock","11":"shipping-taxable","12":"product-type-grouped"},"yoast_head":"<!-- This site is optimized with the Yoast SEO Premium plugin v27.4 (Yoast SEO v27.4) - https:\/\/yoast.com\/product\/yoast-seo-premium-wordpress\/ -->\n<title>Hydraulischer Kabeltrommelanh\u00e4nger 10 Tonnen<\/title>\n<meta name=\"description\" content=\"Der Hydraulic Cable Drum Trailer 10 Ton wurde f\u00fcr schwere Kabelarbeiten entwickelt. Er erm\u00f6glicht das sichere Anheben und Bewegen gro\u00dfer Kabeltrommeln \u2013 ganz ohne zus\u00e4tzliche Maschinen.\" \/>\n<meta name=\"robots\" content=\"index, follow, max-snippet:-1, max-image-preview:large, max-video-preview:-1\" \/>\n<link rel=\"canonical\" href=\"https:\/\/allamemakina.com\/de\/produkt\/hydraulischer-kabeltrommelanhaenger-10-tonnen\/\" \/>\n<meta property=\"og:locale\" content=\"de_DE\" \/>\n<meta property=\"og:type\" content=\"article\" \/>\n<meta property=\"og:title\" content=\"Hydraulischer Kabeltrommelanh\u00e4nger 10 Tonnen\" \/>\n<meta property=\"og:description\" content=\"Der Hydraulic Cable Drum Trailer 10 Ton wurde f\u00fcr schwere Kabelarbeiten entwickelt. Er erm\u00f6glicht das sichere Anheben und Bewegen gro\u00dfer Kabeltrommeln \u2013 ganz ohne zus\u00e4tzliche Maschinen.\" \/>\n<meta property=\"og:url\" content=\"https:\/\/allamemakina.com\/de\/produkt\/hydraulischer-kabeltrommelanhaenger-10-tonnen\/\" \/>\n<meta property=\"og:site_name\" content=\"ALLAME MAKINA LTD. | Machine Manufacturing\" \/>\n<meta property=\"article:publisher\" content=\"https:\/\/www.facebook.com\/skyfibertech\/\" \/>\n<meta property=\"article:modified_time\" content=\"2025-12-18T09:31:47+00:00\" \/>\n<meta property=\"og:image\" content=\"https:\/\/allamemakina.com\/wp-content\/uploads\/2025\/11\/Hydraulic-Cable-Drum-Trailer-7-Ton-Details-2.webp\" \/>\n\t<meta property=\"og:image:width\" content=\"700\" \/>\n\t<meta property=\"og:image:height\" content=\"800\" \/>\n\t<meta property=\"og:image:type\" content=\"image\/webp\" \/>\n<meta name=\"twitter:card\" content=\"summary_large_image\" \/>\n<meta name=\"twitter:site\" content=\"@SkyFiberTech1\" \/>\n<meta name=\"twitter:label1\" content=\"Verf\u00fcgbarkeit\" \/>\n\t<meta name=\"twitter:data1\" content=\"Auf Lager\" \/>\n<script type=\"application\/ld+json\" class=\"yoast-schema-graph\">{\"@context\":\"https:\\\/\\\/schema.org\",\"@graph\":[{\"@type\":\"WebPage\",\"@id\":\"https:\\\/\\\/allamemakina.com\\\/de\\\/produkt\\\/hydraulischer-kabeltrommelanhaenger-10-tonnen\\\/\",\"url\":\"https:\\\/\\\/allamemakina.com\\\/de\\\/produkt\\\/hydraulischer-kabeltrommelanhaenger-10-tonnen\\\/\",\"name\":\"Hydraulischer Kabeltrommelanh\u00e4nger 10 Tonnen\",\"isPartOf\":{\"@id\":\"https:\\\/\\\/allamemakina.com\\\/#website\"},\"primaryImageOfPage\":{\"@id\":\"https:\\\/\\\/allamemakina.com\\\/de\\\/produkt\\\/hydraulischer-kabeltrommelanhaenger-10-tonnen\\\/#primaryimage\"},\"image\":{\"@id\":\"https:\\\/\\\/allamemakina.com\\\/de\\\/produkt\\\/hydraulischer-kabeltrommelanhaenger-10-tonnen\\\/#primaryimage\"},\"thumbnailUrl\":\"https:\\\/\\\/allamemakina.com\\\/wp-content\\\/uploads\\\/2025\\\/11\\\/Hydraulic-Cable-Drum-Trailer-7-Ton-Details-2.webp\",\"datePublished\":\"2025-11-03T13:32:04+00:00\",\"dateModified\":\"2025-12-18T09:31:47+00:00\",\"description\":\"Der Hydraulic Cable Drum Trailer 10 Ton wurde f\u00fcr schwere Kabelarbeiten entwickelt. Er erm\u00f6glicht das sichere Anheben und Bewegen gro\u00dfer Kabeltrommeln \u2013 ganz ohne zus\u00e4tzliche Maschinen.\",\"breadcrumb\":{\"@id\":\"https:\\\/\\\/allamemakina.com\\\/de\\\/produkt\\\/hydraulischer-kabeltrommelanhaenger-10-tonnen\\\/#breadcrumb\"},\"inLanguage\":\"de\",\"potentialAction\":[{\"@type\":\"ReadAction\",\"target\":[\"https:\\\/\\\/allamemakina.com\\\/de\\\/produkt\\\/hydraulischer-kabeltrommelanhaenger-10-tonnen\\\/\"]}]},{\"@type\":\"ImageObject\",\"inLanguage\":\"de\",\"@id\":\"https:\\\/\\\/allamemakina.com\\\/de\\\/produkt\\\/hydraulischer-kabeltrommelanhaenger-10-tonnen\\\/#primaryimage\",\"url\":\"https:\\\/\\\/allamemakina.com\\\/wp-content\\\/uploads\\\/2025\\\/11\\\/Hydraulic-Cable-Drum-Trailer-7-Ton-Details-2.webp\",\"contentUrl\":\"https:\\\/\\\/allamemakina.com\\\/wp-content\\\/uploads\\\/2025\\\/11\\\/Hydraulic-Cable-Drum-Trailer-7-Ton-Details-2.webp\",\"width\":700,\"height\":800,\"caption\":\"Hydraulic Cable Drum Trailer 7 Ton Details\"},{\"@type\":\"BreadcrumbList\",\"@id\":\"https:\\\/\\\/allamemakina.com\\\/de\\\/produkt\\\/hydraulischer-kabeltrommelanhaenger-10-tonnen\\\/#breadcrumb\",\"itemListElement\":[{\"@type\":\"ListItem\",\"position\":1,\"name\":\"Home\",\"item\":\"https:\\\/\\\/allamemakina.com\\\/de\\\/home-base\\\/\"},{\"@type\":\"ListItem\",\"position\":2,\"name\":\"Shop\",\"item\":\"https:\\\/\\\/allamemakina.com\\\/shop\\\/\"},{\"@type\":\"ListItem\",\"position\":3,\"name\":\"Hydraulischer Kabeltrommelanh\u00e4nger 10 Tonnen\"}]},{\"@type\":\"WebSite\",\"@id\":\"https:\\\/\\\/allamemakina.com\\\/#website\",\"url\":\"https:\\\/\\\/allamemakina.com\\\/\",\"name\":\"ALLAME MAKINA LTD. | Machine Manufacturing\",\"description\":\"Industrial Machine Manufacturer\",\"publisher\":{\"@id\":\"https:\\\/\\\/allamemakina.com\\\/#organization\"},\"alternateName\":\"ALLAME MACHINE\",\"potentialAction\":[{\"@type\":\"SearchAction\",\"target\":{\"@type\":\"EntryPoint\",\"urlTemplate\":\"https:\\\/\\\/allamemakina.com\\\/?s={search_term_string}\"},\"query-input\":{\"@type\":\"PropertyValueSpecification\",\"valueRequired\":true,\"valueName\":\"search_term_string\"}}],\"inLanguage\":\"de\"},{\"@type\":\"Organization\",\"@id\":\"https:\\\/\\\/allamemakina.com\\\/#organization\",\"name\":\"ALLAME MAKINA LTD. | Machine Manufacturing\",\"alternateName\":\"Cable Laying Machines & Accessories\",\"url\":\"https:\\\/\\\/allamemakina.com\\\/\",\"logo\":{\"@type\":\"ImageObject\",\"inLanguage\":\"de\",\"@id\":\"https:\\\/\\\/allamemakina.com\\\/#\\\/schema\\\/logo\\\/image\\\/\",\"url\":\"https:\\\/\\\/allamemakina.com\\\/wp-content\\\/uploads\\\/2025\\\/10\\\/allame-company-logo.webp\",\"contentUrl\":\"https:\\\/\\\/allamemakina.com\\\/wp-content\\\/uploads\\\/2025\\\/10\\\/allame-company-logo.webp\",\"width\":805,\"height\":293,\"caption\":\"ALLAME MAKINA LTD. | Machine Manufacturing\"},\"image\":{\"@id\":\"https:\\\/\\\/allamemakina.com\\\/#\\\/schema\\\/logo\\\/image\\\/\"},\"sameAs\":[\"https:\\\/\\\/www.facebook.com\\\/skyfibertech\\\/\",\"https:\\\/\\\/x.com\\\/SkyFiberTech1\",\"https:\\\/\\\/www.instagram.com\\\/allamemakina\",\"https:\\\/\\\/www.youtube.com\\\/@skyfibertech\\\/videos\",\"https:\\\/\\\/www.linkedin.com\\\/company\\\/cable-blowing-machines\\\/\"],\"ownershipFundingInfo\":\"https:\\\/\\\/allamemakina.com\\\/our-factory\\\/\"}]}<\/script>\n<meta property=\"product:brand\" content=\"Cable Pulling Machines\" \/>\n<meta property=\"og:availability\" content=\"instock\" \/>\n<meta property=\"product:availability\" content=\"instock\" \/>\n<meta property=\"product:condition\" content=\"new\" \/>\n<!-- \/ Yoast SEO Premium plugin. -->","yoast_head_json":{"title":"Hydraulischer Kabeltrommelanh\u00e4nger 10 Tonnen","description":"Der Hydraulic Cable Drum Trailer 10 Ton wurde f\u00fcr schwere Kabelarbeiten entwickelt. Er erm\u00f6glicht das sichere Anheben und Bewegen gro\u00dfer Kabeltrommeln \u2013 ganz ohne zus\u00e4tzliche Maschinen.","robots":{"index":"index","follow":"follow","max-snippet":"max-snippet:-1","max-image-preview":"max-image-preview:large","max-video-preview":"max-video-preview:-1"},"canonical":"https:\/\/allamemakina.com\/de\/produkt\/hydraulischer-kabeltrommelanhaenger-10-tonnen\/","og_locale":"de_DE","og_type":"article","og_title":"Hydraulischer Kabeltrommelanh\u00e4nger 10 Tonnen","og_description":"Der Hydraulic Cable Drum Trailer 10 Ton wurde f\u00fcr schwere Kabelarbeiten entwickelt. Er erm\u00f6glicht das sichere Anheben und Bewegen gro\u00dfer Kabeltrommeln \u2013 ganz ohne zus\u00e4tzliche Maschinen.","og_url":"https:\/\/allamemakina.com\/de\/produkt\/hydraulischer-kabeltrommelanhaenger-10-tonnen\/","og_site_name":"ALLAME MAKINA LTD. | Machine Manufacturing","article_publisher":"https:\/\/www.facebook.com\/skyfibertech\/","article_modified_time":"2025-12-18T09:31:47+00:00","og_image":[{"width":700,"height":800,"url":"https:\/\/allamemakina.com\/wp-content\/uploads\/2025\/11\/Hydraulic-Cable-Drum-Trailer-7-Ton-Details-2.webp","type":"image\/webp"}],"twitter_card":"summary_large_image","twitter_site":"@SkyFiberTech1","twitter_misc":{"Verf\u00fcgbarkeit":"Auf Lager"},"schema":{"@context":"https:\/\/schema.org","@graph":[{"@type":"WebPage","@id":"https:\/\/allamemakina.com\/de\/produkt\/hydraulischer-kabeltrommelanhaenger-10-tonnen\/","url":"https:\/\/allamemakina.com\/de\/produkt\/hydraulischer-kabeltrommelanhaenger-10-tonnen\/","name":"Hydraulischer Kabeltrommelanh\u00e4nger 10 Tonnen","isPartOf":{"@id":"https:\/\/allamemakina.com\/#website"},"primaryImageOfPage":{"@id":"https:\/\/allamemakina.com\/de\/produkt\/hydraulischer-kabeltrommelanhaenger-10-tonnen\/#primaryimage"},"image":{"@id":"https:\/\/allamemakina.com\/de\/produkt\/hydraulischer-kabeltrommelanhaenger-10-tonnen\/#primaryimage"},"thumbnailUrl":"https:\/\/allamemakina.com\/wp-content\/uploads\/2025\/11\/Hydraulic-Cable-Drum-Trailer-7-Ton-Details-2.webp","datePublished":"2025-11-03T13:32:04+00:00","dateModified":"2025-12-18T09:31:47+00:00","description":"Der Hydraulic Cable Drum Trailer 10 Ton wurde f\u00fcr schwere Kabelarbeiten entwickelt. Er erm\u00f6glicht das sichere Anheben und Bewegen gro\u00dfer Kabeltrommeln \u2013 ganz ohne zus\u00e4tzliche Maschinen.","breadcrumb":{"@id":"https:\/\/allamemakina.com\/de\/produkt\/hydraulischer-kabeltrommelanhaenger-10-tonnen\/#breadcrumb"},"inLanguage":"de","potentialAction":[{"@type":"ReadAction","target":["https:\/\/allamemakina.com\/de\/produkt\/hydraulischer-kabeltrommelanhaenger-10-tonnen\/"]}]},{"@type":"ImageObject","inLanguage":"de","@id":"https:\/\/allamemakina.com\/de\/produkt\/hydraulischer-kabeltrommelanhaenger-10-tonnen\/#primaryimage","url":"https:\/\/allamemakina.com\/wp-content\/uploads\/2025\/11\/Hydraulic-Cable-Drum-Trailer-7-Ton-Details-2.webp","contentUrl":"https:\/\/allamemakina.com\/wp-content\/uploads\/2025\/11\/Hydraulic-Cable-Drum-Trailer-7-Ton-Details-2.webp","width":700,"height":800,"caption":"Hydraulic Cable Drum Trailer 7 Ton Details"},{"@type":"BreadcrumbList","@id":"https:\/\/allamemakina.com\/de\/produkt\/hydraulischer-kabeltrommelanhaenger-10-tonnen\/#breadcrumb","itemListElement":[{"@type":"ListItem","position":1,"name":"Home","item":"https:\/\/allamemakina.com\/de\/home-base\/"},{"@type":"ListItem","position":2,"name":"Shop","item":"https:\/\/allamemakina.com\/shop\/"},{"@type":"ListItem","position":3,"name":"Hydraulischer Kabeltrommelanh\u00e4nger 10 Tonnen"}]},{"@type":"WebSite","@id":"https:\/\/allamemakina.com\/#website","url":"https:\/\/allamemakina.com\/","name":"ALLAME MAKINA LTD. | Machine Manufacturing","description":"Industrial Machine Manufacturer","publisher":{"@id":"https:\/\/allamemakina.com\/#organization"},"alternateName":"ALLAME MACHINE","potentialAction":[{"@type":"SearchAction","target":{"@type":"EntryPoint","urlTemplate":"https:\/\/allamemakina.com\/?s={search_term_string}"},"query-input":{"@type":"PropertyValueSpecification","valueRequired":true,"valueName":"search_term_string"}}],"inLanguage":"de"},{"@type":"Organization","@id":"https:\/\/allamemakina.com\/#organization","name":"ALLAME MAKINA LTD. | Machine Manufacturing","alternateName":"Cable Laying Machines & Accessories","url":"https:\/\/allamemakina.com\/","logo":{"@type":"ImageObject","inLanguage":"de","@id":"https:\/\/allamemakina.com\/#\/schema\/logo\/image\/","url":"https:\/\/allamemakina.com\/wp-content\/uploads\/2025\/10\/allame-company-logo.webp","contentUrl":"https:\/\/allamemakina.com\/wp-content\/uploads\/2025\/10\/allame-company-logo.webp","width":805,"height":293,"caption":"ALLAME MAKINA LTD. | Machine Manufacturing"},"image":{"@id":"https:\/\/allamemakina.com\/#\/schema\/logo\/image\/"},"sameAs":["https:\/\/www.facebook.com\/skyfibertech\/","https:\/\/x.com\/SkyFiberTech1","https:\/\/www.instagram.com\/allamemakina","https:\/\/www.youtube.com\/@skyfibertech\/videos","https:\/\/www.linkedin.com\/company\/cable-blowing-machines\/"],"ownershipFundingInfo":"https:\/\/allamemakina.com\/our-factory\/"}]},"product_brand":"Cable Pulling Machines","og_availability":"instock","product_availability":"instock","product_condition":"new"},"_links":{"self":[{"href":"https:\/\/allamemakina.com\/de\/wp-json\/wp\/v2\/product\/12003","targetHints":{"allow":["GET"]}}],"collection":[{"href":"https:\/\/allamemakina.com\/de\/wp-json\/wp\/v2\/product"}],"about":[{"href":"https:\/\/allamemakina.com\/de\/wp-json\/wp\/v2\/types\/product"}],"replies":[{"embeddable":true,"href":"https:\/\/allamemakina.com\/de\/wp-json\/wp\/v2\/comments?post=12003"}],"wp:featuredmedia":[{"embeddable":true,"href":"https:\/\/allamemakina.com\/de\/wp-json\/wp\/v2\/media\/12004"}],"wp:attachment":[{"href":"https:\/\/allamemakina.com\/de\/wp-json\/wp\/v2\/media?parent=12003"}],"wp:term":[{"taxonomy":"product_brand","embeddable":true,"href":"https:\/\/allamemakina.com\/de\/wp-json\/wp\/v2\/product_brand?post=12003"},{"taxonomy":"product_cat","embeddable":true,"href":"https:\/\/allamemakina.com\/de\/wp-json\/wp\/v2\/product_cat?post=12003"},{"taxonomy":"product_tag","embeddable":true,"href":"https:\/\/allamemakina.com\/de\/wp-json\/wp\/v2\/product_tag?post=12003"}],"curies":[{"name":"wp","href":"https:\/\/api.w.org\/{rel}","templated":true}]}}