{"id":12169,"date":"2025-10-09T10:41:23","date_gmt":"2025-10-09T10:41:23","guid":{"rendered":"https:\/\/allamemakina.com\/product\/full-hydraulic-cable-drum-trailer-4-ton\/"},"modified":"2026-01-13T10:43:45","modified_gmt":"2026-01-13T10:43:45","slug":"vollhydraulischer-kabeltrommelanhaenger-4-tonnen","status":"publish","type":"product","link":"https:\/\/allamemakina.com\/de\/produkt\/vollhydraulischer-kabeltrommelanhaenger-4-tonnen\/","title":{"rendered":"Vollhydraulischer Kabeltrommelanh\u00e4nger 4 Tonnen"},"content":{"rendered":"<div class=\"wpb-content-wrapper\"><p>[vc_row][vc_column css=&#8220;.vc_custom_1493038156710{margin-bottom: -15px !important;}&#8220;]\n\t\t<div id=\"wd-6966213e6bc86\" class=\"title-wrapper wd-wpb wd-set-mb reset-last-child  wd-rs-6966213e6bc86 wd-title-color-default wd-title-style-default text-left  wd-underline-colored\">\n\t\t\t\n\t\t\t<div class=\"liner-continer\">\n\t\t\t\t<h4 class=\"woodmart-title-container title  wd-font-weight- wd-fontsize-xl\" >Vollhydraulischer Kabeltrommelanh\u00e4nger 4 Tonnen<\/h4>\n\t\t\t\t\t\t\t<\/div>\n\t\t\t\n\t\t\t\n\t\t\t\n\t\t<\/div>\n\t\t\n\t\t[\/vc_column][\/vc_row][vc_row][vc_column css=&#8220;.vc_custom_1493038156710{margin-bottom: -15px !important;}&#8220;]\t\t<div id=\"wd-696620fff05d1\" class=\"wd-text-block wd-wpb reset-last-child wd-rs-696620fff05d1 text-left \">\n\t\t\t<p class=\"p1\">Wenn du oft schwere Kabeltrommeln bewegst, wei\u00dft du, wie viel Zeit ein guter Anh\u00e4nger spart.<\/p>\n<p class=\"p1\">Unser vollhydraulischer Kabeltrommelanh\u00e4nger mit 4 Tonnen ist f\u00fcr echte Arbeit gebaut, nicht f\u00fcr Prospekte.<\/p>\n<p class=\"p1\">Der stabile Rahmen tr\u00e4gt die Last sicher und bleibt auch auf unebenem Boden ruhig.<\/p>\n<p class=\"p1\">Du hebst, bewegst und positionierst Kabeltrommeln sauber und kontrolliert.<\/p>\n<p class=\"p1\">Das hydraulische Hubsystem arbeitet klar und einfach.<\/p>\n<p class=\"p1\">Keine Handwinden, keine Zusatzwerkzeuge, kein Zeitverlust.<\/p>\n<p class=\"p1\">Eine Person erledigt den Aufbau in wenigen Minuten.<\/p>\n<p class=\"p1\">Robuster Stahl, gute Hydraulikteile und fein reagierende Ventile sorgen f\u00fcr lange Nutzung.<\/p>\n<p class=\"p1\">Der Transport von Kabeltrommeln wird sp\u00fcrbar leichter.<\/p>\n<p class=\"p1\">Der Anh\u00e4nger tr\u00e4gt bis zu 4.000 kg und Trommeln bis 2.800 mm Durchmesser.<\/p>\n<p class=\"p1\">Auf der Stra\u00dfe bleibt er ruhig und gut ziehbar, auch bei voller Last.<\/p>\n<p class=\"p1\">Auflaufbremse und gute Gewichtsverteilung erh\u00f6hen die Sicherheit bei kurzen und langen Fahrten.<\/p>\n<p class=\"p1\">Dieses Modell passt gut zu Bauunternehmen, Energie\u00adteams und Telekom\u00adbetrieben.<\/p>\n<p class=\"p1\">Einfach zu bedienen, stark gebaut und auf lange Zeit ausgelegt.<\/p>\n\t\t<\/div>\n\t\t[\/vc_column][\/vc_row][vc_row][vc_column css=&#8220;.vc_custom_1493038156710{margin-bottom: -15px !important;}&#8220;][vc_empty_space woodmart_hide_large=&#8220;0&#8243; woodmart_hide_medium=&#8220;0&#8243; woodmart_hide_small=&#8220;0&#8243;]\n\t\t<div id=\"wd-696621b4dc347\" class=\"title-wrapper wd-wpb wd-set-mb reset-last-child  wd-rs-696621b4dc347 wd-title-color-default wd-title-style-default text-left  wd-underline-colored\">\n\t\t\t\n\t\t\t<div class=\"liner-continer\">\n\t\t\t\t<h4 class=\"woodmart-title-container title  wd-font-weight- wd-fontsize-xl\" >Technische Spezifikationen<\/h4>\n\t\t\t\t\t\t\t<\/div>\n\t\t\t\n\t\t\t\n\t\t\t\n\t\t<\/div>\n\t\t\n\t\t[\/vc_column][\/vc_row][vc_row content_placement=&#8220;top&#8220;][vc_column width=&#8220;1\/2&#8243; offset=&#8220;vc_col-md-6&#8243;]\t\t<div id=\"wd-696621966b69b\" class=\"wd-text-block wd-wpb reset-last-child wd-rs-696621966b69b text-left \">\n\t\t\t<table border=\"1\" cellspacing=\"0\" cellpadding=\"6\">\n<tbody>\n<tr>\n<th align=\"left\">L\u00e4nge (mm)<\/th>\n<td>3900<\/td>\n<\/tr>\n<tr>\n<th align=\"left\">Breite (mm)<\/th>\n<td>2500<\/td>\n<\/tr>\n<tr>\n<th align=\"left\">H\u00f6he (mm)<\/th>\n<td>1900<\/td>\n<\/tr>\n<tr>\n<th align=\"left\">Leergewicht (kg)<\/th>\n<td>1200<\/td>\n<\/tr>\n<tr>\n<th align=\"left\">Nutzlast (kg)<\/th>\n<td>4000<\/td>\n<\/tr>\n<tr>\n<th align=\"left\">Gesamtgewicht (kg)<\/th>\n<td>5200<\/td>\n<\/tr>\n<tr>\n<th align=\"left\">Bremse<\/th>\n<td>Auflaufbremse<\/td>\n<\/tr>\n<tr>\n<th align=\"left\">Max. Trommeldurchmesser (mm)<\/th>\n<td>2800<\/td>\n<\/tr>\n<tr>\n<th align=\"left\">Freie Ladebreite (mm)<\/th>\n<td>1600<\/td>\n<\/tr>\n<tr>\n<th align=\"left\">Reifengr\u00f6\u00dfe<\/th>\n<td>11.5 \u00d7 80 \u00d7 15<\/td>\n<\/tr>\n<\/tbody>\n<\/table>\n\t\t<\/div>\n\t\t[\/vc_column][vc_column width=&#8220;1\/2&#8243; offset=&#8220;vc_col-md-6&#8243;]\t\t<div id=\"wd-68e4f130097ce\" class=\"wd-image wd-wpb wd-rs-68e4f130097ce text-left \">\n\t\t\t\n\t\t\t<img loading=\"lazy\" decoding=\"async\" width=\"1170\" height=\"1130\" src=\"https:\/\/allamemakina.com\/wp-content\/uploads\/2017\/06\/Full-Hydraulic-Cable-Drum-Trailer-Details-4.webp\" class=\"attachment-full size-full\" alt=\"Full Hydraulic Cable Drum Trailer Details\" srcset=\"https:\/\/allamemakina.com\/wp-content\/uploads\/2017\/06\/Full-Hydraulic-Cable-Drum-Trailer-Details-4.webp 1170w, https:\/\/allamemakina.com\/wp-content\/uploads\/2017\/06\/Full-Hydraulic-Cable-Drum-Trailer-Details-4-311x300.webp 311w, https:\/\/allamemakina.com\/wp-content\/uploads\/2017\/06\/Full-Hydraulic-Cable-Drum-Trailer-Details-4-828x800.webp 828w, https:\/\/allamemakina.com\/wp-content\/uploads\/2017\/06\/Full-Hydraulic-Cable-Drum-Trailer-Details-4-768x742.webp 768w, https:\/\/allamemakina.com\/wp-content\/uploads\/2017\/06\/Full-Hydraulic-Cable-Drum-Trailer-Details-4-430x415.webp 430w, https:\/\/allamemakina.com\/wp-content\/uploads\/2017\/06\/Full-Hydraulic-Cable-Drum-Trailer-Details-4-700x676.webp 700w, https:\/\/allamemakina.com\/wp-content\/uploads\/2017\/06\/Full-Hydraulic-Cable-Drum-Trailer-Details-4-150x145.webp 150w\" sizes=\"auto, (max-width: 1170px) 100vw, 1170px\" \/>\n\t\t\t\t\t<\/div>\n\t\t[\/vc_column][\/vc_row][vc_row woodmart_css_id=&#8220;6915bc31ae570&#8243; responsive_spacing=&#8220;eyJwYXJhbV90eXBlIjoid29vZG1hcnRfcmVzcG9uc2l2ZV9zcGFjaW5nIiwic2VsZWN0b3JfaWQiOiI2OTE1YmMzMWFlNTcwIiwic2hvcnRjb2RlIjoidmNfcm93IiwiZGF0YSI6eyJ0YWJsZXQiOnt9LCJtb2JpbGUiOnt9fX0=&#8220; mobile_bg_img_hidden=&#8220;no&#8220; tablet_bg_img_hidden=&#8220;no&#8220; woodmart_parallax=&#8220;0&#8243; woodmart_gradient_switch=&#8220;no&#8220; woodmart_box_shadow=&#8220;no&#8220; wd_z_index=&#8220;no&#8220; woodmart_disable_overflow=&#8220;0&#8243; row_reverse_mobile=&#8220;0&#8243; row_reverse_tablet=&#8220;0&#8243;][vc_column][vc_single_image image=&#8220;11971&#8243; img_size=&#8220;full&#8220; style=&#8220;vc_box_outline&#8220; onclick=&#8220;custom_link&#8220; img_link_target=&#8220;_blank&#8220; css=&#8220;&#8220; parallax_scroll=&#8220;no&#8220; woodmart_inline=&#8220;no&#8220; link=&#8220;https:\/\/cabledrumtrailer.com&#8220;][\/vc_column][\/vc_row]<\/p>\n<\/div>","protected":false},"excerpt":{"rendered":"<p class=\"p1\">Wenn du oft schwere Kabeltrommeln bewegst, wei\u00dft du, wie viel Zeit ein guter Anh\u00e4nger spart.<\/p>\n<p class=\"p1\">Unser vollhydraulischer Kabeltrommelanh\u00e4nger mit 4 Tonnen ist f\u00fcr echte Arbeit gebaut, nicht f\u00fcr Prospekte.<\/p>\n<p class=\"p1\">Der stabile Rahmen tr\u00e4gt die Last sicher und bleibt auch auf unebenem Boden ruhig.<\/p>\n<p><a href=\"https:\/\/cablepullingmachines.com\/Cable-Pulling-Machines-Cable-Drum-Trailers-All-Products-catalog.pdf\" target=\"_blank\" rel=\"noopener noreferrer\"><br \/>\n<img loading=\"lazy\" decoding=\"async\" class=\"alignnone wp-image-11158 size-full\" src=\"https:\/\/allamemakina.com\/wp-content\/uploads\/2025\/10\/download-allame-catalogs-2.jpg\" alt=\"\" width=\"300\" height=\"90\" srcset=\"https:\/\/allamemakina.com\/wp-content\/uploads\/2025\/10\/download-allame-catalogs-2.jpg 300w, https:\/\/allamemakina.com\/wp-content\/uploads\/2025\/10\/download-allame-catalogs-2-150x45.jpg 150w\" sizes=\"auto, (max-width: 300px) 100vw, 300px\" \/><br \/>\n<\/a><\/p>\n","protected":false},"featured_media":12170,"comment_status":"open","ping_status":"closed","template":"","meta":{"_joinchat":[]},"product_brand":[50],"product_cat":[130],"product_tag":[],"class_list":{"0":"post-12169","1":"product","2":"type-product","3":"status-publish","4":"has-post-thumbnail","6":"product_brand-cp","7":"product_cat-cable-drum-trailers","9":"first","10":"instock","11":"shipping-taxable","12":"product-type-grouped"},"yoast_head":"<!-- This site is optimized with the Yoast SEO Premium plugin v27.4 (Yoast SEO v27.4) - https:\/\/yoast.com\/product\/yoast-seo-premium-wordpress\/ -->\n<title>Vollhydraulischer Kabeltrommelanh\u00e4nger 4 Tonnen<\/title>\n<meta name=\"description\" content=\"Wenn du oft schwere Kabeltrommeln bewegst, wei\u00dft du, wie viel Zeit ein guter Anh\u00e4nger spart.\" \/>\n<meta name=\"robots\" content=\"index, follow, max-snippet:-1, max-image-preview:large, max-video-preview:-1\" \/>\n<link rel=\"canonical\" href=\"https:\/\/allamemakina.com\/de\/produkt\/vollhydraulischer-kabeltrommelanhaenger-4-tonnen\/\" \/>\n<meta property=\"og:locale\" content=\"de_DE\" \/>\n<meta property=\"og:type\" content=\"article\" \/>\n<meta property=\"og:title\" content=\"Vollhydraulischer Kabeltrommelanh\u00e4nger 4 Tonnen\" \/>\n<meta property=\"og:description\" content=\"Wenn du oft schwere Kabeltrommeln bewegst, wei\u00dft du, wie viel Zeit ein guter Anh\u00e4nger spart.\" \/>\n<meta property=\"og:url\" content=\"https:\/\/allamemakina.com\/de\/produkt\/vollhydraulischer-kabeltrommelanhaenger-4-tonnen\/\" \/>\n<meta property=\"og:site_name\" content=\"ALLAME MAKINA LTD. | Machine Manufacturing\" \/>\n<meta property=\"article:publisher\" content=\"https:\/\/www.facebook.com\/skyfibertech\/\" \/>\n<meta property=\"article:modified_time\" content=\"2026-01-13T10:43:45+00:00\" \/>\n<meta property=\"og:image\" content=\"https:\/\/allamemakina.com\/wp-content\/uploads\/2025\/10\/Full-Hydraulic-Cable-Drum-Trailer-4-Ton-Details-2.webp\" \/>\n\t<meta property=\"og:image:width\" content=\"700\" \/>\n\t<meta property=\"og:image:height\" content=\"800\" \/>\n\t<meta property=\"og:image:type\" content=\"image\/webp\" \/>\n<meta name=\"twitter:card\" content=\"summary_large_image\" \/>\n<meta name=\"twitter:site\" content=\"@SkyFiberTech1\" \/>\n<meta name=\"twitter:label1\" content=\"Verf\u00fcgbarkeit\" \/>\n\t<meta name=\"twitter:data1\" content=\"Auf Lager\" \/>\n<script type=\"application\/ld+json\" class=\"yoast-schema-graph\">{\"@context\":\"https:\\\/\\\/schema.org\",\"@graph\":[{\"@type\":\"WebPage\",\"@id\":\"https:\\\/\\\/allamemakina.com\\\/de\\\/produkt\\\/vollhydraulischer-kabeltrommelanhaenger-4-tonnen\\\/\",\"url\":\"https:\\\/\\\/allamemakina.com\\\/de\\\/produkt\\\/vollhydraulischer-kabeltrommelanhaenger-4-tonnen\\\/\",\"name\":\"Vollhydraulischer Kabeltrommelanh\u00e4nger 4 Tonnen\",\"isPartOf\":{\"@id\":\"https:\\\/\\\/allamemakina.com\\\/#website\"},\"primaryImageOfPage\":{\"@id\":\"https:\\\/\\\/allamemakina.com\\\/de\\\/produkt\\\/vollhydraulischer-kabeltrommelanhaenger-4-tonnen\\\/#primaryimage\"},\"image\":{\"@id\":\"https:\\\/\\\/allamemakina.com\\\/de\\\/produkt\\\/vollhydraulischer-kabeltrommelanhaenger-4-tonnen\\\/#primaryimage\"},\"thumbnailUrl\":\"https:\\\/\\\/allamemakina.com\\\/wp-content\\\/uploads\\\/2025\\\/10\\\/Full-Hydraulic-Cable-Drum-Trailer-4-Ton-Details-2.webp\",\"datePublished\":\"2025-10-09T10:41:23+00:00\",\"dateModified\":\"2026-01-13T10:43:45+00:00\",\"description\":\"Wenn du oft schwere Kabeltrommeln bewegst, wei\u00dft du, wie viel Zeit ein guter Anh\u00e4nger spart.\",\"breadcrumb\":{\"@id\":\"https:\\\/\\\/allamemakina.com\\\/de\\\/produkt\\\/vollhydraulischer-kabeltrommelanhaenger-4-tonnen\\\/#breadcrumb\"},\"inLanguage\":\"de\",\"potentialAction\":[{\"@type\":\"ReadAction\",\"target\":[\"https:\\\/\\\/allamemakina.com\\\/de\\\/produkt\\\/vollhydraulischer-kabeltrommelanhaenger-4-tonnen\\\/\"]}]},{\"@type\":\"ImageObject\",\"inLanguage\":\"de\",\"@id\":\"https:\\\/\\\/allamemakina.com\\\/de\\\/produkt\\\/vollhydraulischer-kabeltrommelanhaenger-4-tonnen\\\/#primaryimage\",\"url\":\"https:\\\/\\\/allamemakina.com\\\/wp-content\\\/uploads\\\/2025\\\/10\\\/Full-Hydraulic-Cable-Drum-Trailer-4-Ton-Details-2.webp\",\"contentUrl\":\"https:\\\/\\\/allamemakina.com\\\/wp-content\\\/uploads\\\/2025\\\/10\\\/Full-Hydraulic-Cable-Drum-Trailer-4-Ton-Details-2.webp\",\"width\":700,\"height\":800,\"caption\":\"Full Hydraulic Cable Drum Trailer 4 Ton Details\"},{\"@type\":\"BreadcrumbList\",\"@id\":\"https:\\\/\\\/allamemakina.com\\\/de\\\/produkt\\\/vollhydraulischer-kabeltrommelanhaenger-4-tonnen\\\/#breadcrumb\",\"itemListElement\":[{\"@type\":\"ListItem\",\"position\":1,\"name\":\"Home\",\"item\":\"https:\\\/\\\/allamemakina.com\\\/de\\\/home-base\\\/\"},{\"@type\":\"ListItem\",\"position\":2,\"name\":\"Shop\",\"item\":\"https:\\\/\\\/allamemakina.com\\\/shop\\\/\"},{\"@type\":\"ListItem\",\"position\":3,\"name\":\"Vollhydraulischer Kabeltrommelanh\u00e4nger 4 Tonnen\"}]},{\"@type\":\"WebSite\",\"@id\":\"https:\\\/\\\/allamemakina.com\\\/#website\",\"url\":\"https:\\\/\\\/allamemakina.com\\\/\",\"name\":\"ALLAME MAKINA LTD. | Machine Manufacturing\",\"description\":\"Industrial Machine Manufacturer\",\"publisher\":{\"@id\":\"https:\\\/\\\/allamemakina.com\\\/#organization\"},\"alternateName\":\"ALLAME MACHINE\",\"potentialAction\":[{\"@type\":\"SearchAction\",\"target\":{\"@type\":\"EntryPoint\",\"urlTemplate\":\"https:\\\/\\\/allamemakina.com\\\/?s={search_term_string}\"},\"query-input\":{\"@type\":\"PropertyValueSpecification\",\"valueRequired\":true,\"valueName\":\"search_term_string\"}}],\"inLanguage\":\"de\"},{\"@type\":\"Organization\",\"@id\":\"https:\\\/\\\/allamemakina.com\\\/#organization\",\"name\":\"ALLAME MAKINA LTD. | Machine Manufacturing\",\"alternateName\":\"Cable Laying Machines & Accessories\",\"url\":\"https:\\\/\\\/allamemakina.com\\\/\",\"logo\":{\"@type\":\"ImageObject\",\"inLanguage\":\"de\",\"@id\":\"https:\\\/\\\/allamemakina.com\\\/#\\\/schema\\\/logo\\\/image\\\/\",\"url\":\"https:\\\/\\\/allamemakina.com\\\/wp-content\\\/uploads\\\/2025\\\/10\\\/allame-company-logo.webp\",\"contentUrl\":\"https:\\\/\\\/allamemakina.com\\\/wp-content\\\/uploads\\\/2025\\\/10\\\/allame-company-logo.webp\",\"width\":805,\"height\":293,\"caption\":\"ALLAME MAKINA LTD. | Machine Manufacturing\"},\"image\":{\"@id\":\"https:\\\/\\\/allamemakina.com\\\/#\\\/schema\\\/logo\\\/image\\\/\"},\"sameAs\":[\"https:\\\/\\\/www.facebook.com\\\/skyfibertech\\\/\",\"https:\\\/\\\/x.com\\\/SkyFiberTech1\",\"https:\\\/\\\/www.instagram.com\\\/allamemakina\",\"https:\\\/\\\/www.youtube.com\\\/@skyfibertech\\\/videos\",\"https:\\\/\\\/www.linkedin.com\\\/company\\\/cable-blowing-machines\\\/\"],\"ownershipFundingInfo\":\"https:\\\/\\\/allamemakina.com\\\/our-factory\\\/\"}]}<\/script>\n<meta property=\"product:brand\" content=\"Cable Pulling Machines\" \/>\n<meta property=\"og:availability\" content=\"instock\" \/>\n<meta property=\"product:availability\" content=\"instock\" \/>\n<meta property=\"product:condition\" content=\"new\" \/>\n<!-- \/ Yoast SEO Premium plugin. -->","yoast_head_json":{"title":"Vollhydraulischer Kabeltrommelanh\u00e4nger 4 Tonnen","description":"Wenn du oft schwere Kabeltrommeln bewegst, wei\u00dft du, wie viel Zeit ein guter Anh\u00e4nger spart.","robots":{"index":"index","follow":"follow","max-snippet":"max-snippet:-1","max-image-preview":"max-image-preview:large","max-video-preview":"max-video-preview:-1"},"canonical":"https:\/\/allamemakina.com\/de\/produkt\/vollhydraulischer-kabeltrommelanhaenger-4-tonnen\/","og_locale":"de_DE","og_type":"article","og_title":"Vollhydraulischer Kabeltrommelanh\u00e4nger 4 Tonnen","og_description":"Wenn du oft schwere Kabeltrommeln bewegst, wei\u00dft du, wie viel Zeit ein guter Anh\u00e4nger spart.","og_url":"https:\/\/allamemakina.com\/de\/produkt\/vollhydraulischer-kabeltrommelanhaenger-4-tonnen\/","og_site_name":"ALLAME MAKINA LTD. | Machine Manufacturing","article_publisher":"https:\/\/www.facebook.com\/skyfibertech\/","article_modified_time":"2026-01-13T10:43:45+00:00","og_image":[{"width":700,"height":800,"url":"https:\/\/allamemakina.com\/wp-content\/uploads\/2025\/10\/Full-Hydraulic-Cable-Drum-Trailer-4-Ton-Details-2.webp","type":"image\/webp"}],"twitter_card":"summary_large_image","twitter_site":"@SkyFiberTech1","twitter_misc":{"Verf\u00fcgbarkeit":"Auf Lager"},"schema":{"@context":"https:\/\/schema.org","@graph":[{"@type":"WebPage","@id":"https:\/\/allamemakina.com\/de\/produkt\/vollhydraulischer-kabeltrommelanhaenger-4-tonnen\/","url":"https:\/\/allamemakina.com\/de\/produkt\/vollhydraulischer-kabeltrommelanhaenger-4-tonnen\/","name":"Vollhydraulischer Kabeltrommelanh\u00e4nger 4 Tonnen","isPartOf":{"@id":"https:\/\/allamemakina.com\/#website"},"primaryImageOfPage":{"@id":"https:\/\/allamemakina.com\/de\/produkt\/vollhydraulischer-kabeltrommelanhaenger-4-tonnen\/#primaryimage"},"image":{"@id":"https:\/\/allamemakina.com\/de\/produkt\/vollhydraulischer-kabeltrommelanhaenger-4-tonnen\/#primaryimage"},"thumbnailUrl":"https:\/\/allamemakina.com\/wp-content\/uploads\/2025\/10\/Full-Hydraulic-Cable-Drum-Trailer-4-Ton-Details-2.webp","datePublished":"2025-10-09T10:41:23+00:00","dateModified":"2026-01-13T10:43:45+00:00","description":"Wenn du oft schwere Kabeltrommeln bewegst, wei\u00dft du, wie viel Zeit ein guter Anh\u00e4nger spart.","breadcrumb":{"@id":"https:\/\/allamemakina.com\/de\/produkt\/vollhydraulischer-kabeltrommelanhaenger-4-tonnen\/#breadcrumb"},"inLanguage":"de","potentialAction":[{"@type":"ReadAction","target":["https:\/\/allamemakina.com\/de\/produkt\/vollhydraulischer-kabeltrommelanhaenger-4-tonnen\/"]}]},{"@type":"ImageObject","inLanguage":"de","@id":"https:\/\/allamemakina.com\/de\/produkt\/vollhydraulischer-kabeltrommelanhaenger-4-tonnen\/#primaryimage","url":"https:\/\/allamemakina.com\/wp-content\/uploads\/2025\/10\/Full-Hydraulic-Cable-Drum-Trailer-4-Ton-Details-2.webp","contentUrl":"https:\/\/allamemakina.com\/wp-content\/uploads\/2025\/10\/Full-Hydraulic-Cable-Drum-Trailer-4-Ton-Details-2.webp","width":700,"height":800,"caption":"Full Hydraulic Cable Drum Trailer 4 Ton Details"},{"@type":"BreadcrumbList","@id":"https:\/\/allamemakina.com\/de\/produkt\/vollhydraulischer-kabeltrommelanhaenger-4-tonnen\/#breadcrumb","itemListElement":[{"@type":"ListItem","position":1,"name":"Home","item":"https:\/\/allamemakina.com\/de\/home-base\/"},{"@type":"ListItem","position":2,"name":"Shop","item":"https:\/\/allamemakina.com\/shop\/"},{"@type":"ListItem","position":3,"name":"Vollhydraulischer Kabeltrommelanh\u00e4nger 4 Tonnen"}]},{"@type":"WebSite","@id":"https:\/\/allamemakina.com\/#website","url":"https:\/\/allamemakina.com\/","name":"ALLAME MAKINA LTD. | Machine Manufacturing","description":"Industrial Machine Manufacturer","publisher":{"@id":"https:\/\/allamemakina.com\/#organization"},"alternateName":"ALLAME MACHINE","potentialAction":[{"@type":"SearchAction","target":{"@type":"EntryPoint","urlTemplate":"https:\/\/allamemakina.com\/?s={search_term_string}"},"query-input":{"@type":"PropertyValueSpecification","valueRequired":true,"valueName":"search_term_string"}}],"inLanguage":"de"},{"@type":"Organization","@id":"https:\/\/allamemakina.com\/#organization","name":"ALLAME MAKINA LTD. | Machine Manufacturing","alternateName":"Cable Laying Machines & Accessories","url":"https:\/\/allamemakina.com\/","logo":{"@type":"ImageObject","inLanguage":"de","@id":"https:\/\/allamemakina.com\/#\/schema\/logo\/image\/","url":"https:\/\/allamemakina.com\/wp-content\/uploads\/2025\/10\/allame-company-logo.webp","contentUrl":"https:\/\/allamemakina.com\/wp-content\/uploads\/2025\/10\/allame-company-logo.webp","width":805,"height":293,"caption":"ALLAME MAKINA LTD. | Machine Manufacturing"},"image":{"@id":"https:\/\/allamemakina.com\/#\/schema\/logo\/image\/"},"sameAs":["https:\/\/www.facebook.com\/skyfibertech\/","https:\/\/x.com\/SkyFiberTech1","https:\/\/www.instagram.com\/allamemakina","https:\/\/www.youtube.com\/@skyfibertech\/videos","https:\/\/www.linkedin.com\/company\/cable-blowing-machines\/"],"ownershipFundingInfo":"https:\/\/allamemakina.com\/our-factory\/"}]},"product_brand":"Cable Pulling Machines","og_availability":"instock","product_availability":"instock","product_condition":"new"},"_links":{"self":[{"href":"https:\/\/allamemakina.com\/de\/wp-json\/wp\/v2\/product\/12169","targetHints":{"allow":["GET"]}}],"collection":[{"href":"https:\/\/allamemakina.com\/de\/wp-json\/wp\/v2\/product"}],"about":[{"href":"https:\/\/allamemakina.com\/de\/wp-json\/wp\/v2\/types\/product"}],"replies":[{"embeddable":true,"href":"https:\/\/allamemakina.com\/de\/wp-json\/wp\/v2\/comments?post=12169"}],"wp:featuredmedia":[{"embeddable":true,"href":"https:\/\/allamemakina.com\/de\/wp-json\/wp\/v2\/media\/12170"}],"wp:attachment":[{"href":"https:\/\/allamemakina.com\/de\/wp-json\/wp\/v2\/media?parent=12169"}],"wp:term":[{"taxonomy":"product_brand","embeddable":true,"href":"https:\/\/allamemakina.com\/de\/wp-json\/wp\/v2\/product_brand?post=12169"},{"taxonomy":"product_cat","embeddable":true,"href":"https:\/\/allamemakina.com\/de\/wp-json\/wp\/v2\/product_cat?post=12169"},{"taxonomy":"product_tag","embeddable":true,"href":"https:\/\/allamemakina.com\/de\/wp-json\/wp\/v2\/product_tag?post=12169"}],"curies":[{"name":"wp","href":"https:\/\/api.w.org\/{rel}","templated":true}]}}