{"id":12346,"date":"2025-10-22T08:13:31","date_gmt":"2025-10-22T08:13:31","guid":{"rendered":"https:\/\/allamemakina.com\/product\/alm-190-thrust-boring-machine\/"},"modified":"2026-02-26T10:05:30","modified_gmt":"2026-02-26T10:05:30","slug":"alm-190-pressbohrmaschine","status":"publish","type":"product","link":"https:\/\/allamemakina.com\/de\/produkt\/alm-190-pressbohrmaschine\/","title":{"rendered":"ALM 190 Pressbohrmaschine"},"content":{"rendered":"<div class=\"wpb-content-wrapper\"><p>[vc_row][vc_column css=&#8220;.vc_custom_1493038156710{margin-bottom: -15px !important;}&#8220;]\n\t\t<div id=\"wd-69a01a4dafbd0\" class=\"title-wrapper wd-wpb wd-set-mb reset-last-child  wd-rs-69a01a4dafbd0 wd-title-color-default wd-title-style-default text-left  wd-underline-colored\">\n\t\t\t\n\t\t\t<div class=\"liner-continer\">\n\t\t\t\t<h4 class=\"woodmart-title-container title  wd-font-weight- wd-fontsize-xl\" >ALM 190 Pressbohrmaschine<\/h4>\n\t\t\t\t\t\t\t<\/div>\n\t\t\t\n\t\t\t\n\t\t\t\n\t\t<\/div>\n\t\t\n\t\t[\/vc_column][\/vc_row][vc_row][vc_column css=&#8220;.vc_custom_1493038156710{margin-bottom: -15px !important;}&#8220;]\t\t<div id=\"wd-69a01a8b3deda\" class=\"wd-text-block wd-wpb reset-last-child wd-rs-69a01a8b3deda text-left \">\n\t\t\t<p>Die ALM 190 wurde f\u00fcr gro\u00dfe und tiefe unterirdische Bohrungen entwickelt und bietet bei anspruchsvollen Projekten eine ideale Kombination aus Kraft und Pr\u00e4zision. Mit einem Durchmesser von 190 mm und einer L\u00e4nge von 1857 mm gew\u00e4hrleistet sie eine gleichm\u00e4\u00dfige Leistung selbst in tiefen und breiten Bohrl\u00f6chern. Wenn Leistung und Genauigkeit gefragt sind, ist sie eine ausgezeichnete grabenlose L\u00f6sung.<\/p>\n<p><strong>Mit einem Gewicht von 187 kg bietet die ALM 190 eine optimale Balance zwischen St\u00e4rke und Stabilit\u00e4t. Ihre robuste Konstruktion erm\u00f6glicht einen zuverl\u00e4ssigen Einsatz auch in schweren und kompakten B\u00f6den. Der maximale Luftdruck von 6 bar sorgt f\u00fcr eine konstante Schlagkraft w\u00e4hrend des gesamten Bohrvorgangs.<\/strong><\/p>\n<p>Das Luftsystem ist auf einen hohen Luftdurchsatz ausgelegt. Der Luftbedarf betr\u00e4gt 98 PSI, 282 CFM bzw. etwa 8 m\u00b3 pro Minute \u2013 ausreichend, um auch bei anspruchsvoller Bodenverdichtung ohne Leistungsverlust voranzukommen. Diese Leistungswerte machen die ALM 190 zu einem bew\u00e4hrten Werkzeug f\u00fcr professionelle Pressbohrarbeiten.<\/p>\n<p><strong>Gefertigt aus hochwertigen Materialien und mit einem widerstandsf\u00e4higen Design versehen, steht die ALM 190 f\u00fcr die Ingenieursqualit\u00e4t von Allame Makina und f\u00fcr innovative L\u00f6sungen im Bereich der grabenlosen Technologie. Ob f\u00fcr Wasser- oder Gasleitungen oder f\u00fcr die Verlegung von Kommunikationskabeln \u2013 diese Maschine erleichtert die Arbeit deutlich und sorgt f\u00fcr zuverl\u00e4ssige Ergebnisse.<\/strong><\/p>\n\t\t<\/div>\n\t\t[\/vc_column][\/vc_row][vc_row][vc_column css=&#8220;.vc_custom_1493038156710{margin-bottom: -15px !important;}&#8220;][vc_empty_space woodmart_hide_large=&#8220;0&#8243; woodmart_hide_medium=&#8220;0&#8243; woodmart_hide_small=&#8220;0&#8243;]\n\t\t<div id=\"wd-69a01a78f2cfa\" class=\"title-wrapper wd-wpb wd-set-mb reset-last-child  wd-rs-69a01a78f2cfa wd-title-color-default wd-title-style-default text-left  wd-underline-colored\">\n\t\t\t\n\t\t\t<div class=\"liner-continer\">\n\t\t\t\t<h4 class=\"woodmart-title-container title  wd-font-weight- wd-fontsize-xl\" >Technische Spezifikationen<\/h4>\n\t\t\t\t\t\t\t<\/div>\n\t\t\t\n\t\t\t\n\t\t\t\n\t\t<\/div>\n\t\t\n\t\t[\/vc_column][\/vc_row][vc_row][vc_column]\t\t<div id=\"wd-69a01ab32c49e\" class=\"wd-text-block wd-wpb reset-last-child wd-rs-69a01ab32c49e text-left \">\n\t\t\t<table class=\"tech-spec-table\">\n<thead>\n<tr>\n<th colspan=\"2\">ALM 190 Pressbohrmaschine \u2013 Technische Daten<\/th>\n<\/tr>\n<\/thead>\n<tbody>\n<tr>\n<td>Au\u00dfendurchmesser<\/td>\n<td>190 mm (7,48 Zoll)<\/td>\n<\/tr>\n<tr>\n<td>L\u00e4nge<\/td>\n<td>1857 mm (73,2 Zoll)<\/td>\n<\/tr>\n<tr>\n<td>Gewicht<\/td>\n<td>240 kg (528 lbs)<\/td>\n<\/tr>\n<tr>\n<td>Max. Luftdruck<\/td>\n<td>6 bar (87 psi)<\/td>\n<\/tr>\n<tr>\n<td>Luftverbrauch<\/td>\n<td>210 CFM \/ 6,0 m\u00b3\/min<\/td>\n<\/tr>\n<\/tbody>\n<\/table>\n\t\t<\/div>\n\t\t[\/vc_column][\/vc_row][vc_row woodmart_css_id=&#8220;6915bc1ba0f6d&#8220; responsive_spacing=&#8220;eyJwYXJhbV90eXBlIjoid29vZG1hcnRfcmVzcG9uc2l2ZV9zcGFjaW5nIiwic2VsZWN0b3JfaWQiOiI2OTE1YmMxYmEwZjZkIiwic2hvcnRjb2RlIjoidmNfcm93IiwiZGF0YSI6eyJ0YWJsZXQiOnt9LCJtb2JpbGUiOnt9fX0=&#8220; mobile_bg_img_hidden=&#8220;no&#8220; tablet_bg_img_hidden=&#8220;no&#8220; woodmart_parallax=&#8220;0&#8243; woodmart_gradient_switch=&#8220;no&#8220; woodmart_box_shadow=&#8220;no&#8220; wd_z_index=&#8220;no&#8220; woodmart_disable_overflow=&#8220;0&#8243; row_reverse_mobile=&#8220;0&#8243; row_reverse_tablet=&#8220;0&#8243;][vc_column][vc_single_image image=&#8220;12355&#8243; img_size=&#8220;full&#8220; style=&#8220;vc_box_outline&#8220; onclick=&#8220;custom_link&#8220; img_link_target=&#8220;_blank&#8220; css=&#8220;&#8220; parallax_scroll=&#8220;no&#8220; woodmart_inline=&#8220;no&#8220; link=&#8220;https:\/\/thrustboring.com&#8220;][\/vc_column][\/vc_row]<\/p>\n<\/div>","protected":false},"excerpt":{"rendered":"<p>Die ALM 190 wurde f\u00fcr gro\u00dfe und tiefe unterirdische Bohrungen entwickelt und bietet bei anspruchsvollen Projekten eine ideale Kombination aus Kraft und Pr\u00e4zision. Mit einem Durchmesser von 190 mm und einer L\u00e4nge von 1857 mm gew\u00e4hrleistet sie eine gleichm\u00e4\u00dfige Leistung selbst in tiefen und breiten Bohrl\u00f6chern. Wenn Leistung und Genauigkeit gefragt sind, ist sie eine ausgezeichnete grabenlose L\u00f6sung.<\/p>\n","protected":false},"featured_media":12347,"comment_status":"open","ping_status":"closed","template":"","meta":{"_joinchat":[]},"product_brand":[],"product_cat":[116],"product_tag":[],"class_list":{"0":"post-12346","1":"product","2":"type-product","3":"status-publish","4":"has-post-thumbnail","6":"product_cat-nicht-kategorisiert","8":"first","9":"instock","10":"shipping-taxable","11":"product-type-grouped"},"yoast_head":"<!-- This site is optimized with the Yoast SEO Premium plugin v27.5 (Yoast SEO v27.5) - https:\/\/yoast.com\/product\/yoast-seo-premium-wordpress\/ -->\n<title>ALM 190 Pressbohrmaschine - ALLAME MAKINA LTD. | Machine Manufacturing<\/title>\n<meta name=\"description\" content=\"Die ALM 190 wurde f\u00fcr gro\u00dfe und tiefe unterirdische Bohrungen entwickelt und bietet bei anspruchsvollen Projekten eine ideale Kombination aus Kraft und Pr\u00e4zision.\" \/>\n<meta name=\"robots\" content=\"index, follow, max-snippet:-1, max-image-preview:large, max-video-preview:-1\" \/>\n<link rel=\"canonical\" href=\"https:\/\/allamemakina.com\/de\/produkt\/alm-190-pressbohrmaschine\/\" \/>\n<meta property=\"og:locale\" content=\"de_DE\" \/>\n<meta property=\"og:type\" content=\"article\" \/>\n<meta property=\"og:title\" content=\"ALM 190 Pressbohrmaschine\" \/>\n<meta property=\"og:description\" content=\"Die ALM 190 wurde f\u00fcr gro\u00dfe und tiefe unterirdische Bohrungen entwickelt und bietet bei anspruchsvollen Projekten eine ideale Kombination aus Kraft und Pr\u00e4zision.\" \/>\n<meta property=\"og:url\" content=\"https:\/\/allamemakina.com\/de\/produkt\/alm-190-pressbohrmaschine\/\" \/>\n<meta property=\"og:site_name\" content=\"ALLAME MAKINA LTD. | Machine Manufacturing\" \/>\n<meta property=\"article:publisher\" content=\"https:\/\/www.facebook.com\/skyfibertech\/\" \/>\n<meta property=\"article:modified_time\" content=\"2026-02-26T10:05:30+00:00\" \/>\n<meta property=\"og:image\" content=\"https:\/\/allamemakina.com\/wp-content\/uploads\/2025\/10\/Thrust-Boring-Machine-ALM-190-Details-1.webp\" \/>\n\t<meta property=\"og:image:width\" content=\"700\" \/>\n\t<meta property=\"og:image:height\" content=\"800\" \/>\n\t<meta property=\"og:image:type\" content=\"image\/webp\" \/>\n<meta name=\"twitter:card\" content=\"summary_large_image\" \/>\n<meta name=\"twitter:site\" content=\"@SkyFiberTech1\" \/>\n<meta name=\"twitter:label1\" content=\"Verf\u00fcgbarkeit\" \/>\n\t<meta name=\"twitter:data1\" content=\"Auf Lager\" \/>\n<script type=\"application\/ld+json\" class=\"yoast-schema-graph\">{\"@context\":\"https:\\\/\\\/schema.org\",\"@graph\":[{\"@type\":\"WebPage\",\"@id\":\"https:\\\/\\\/allamemakina.com\\\/de\\\/produkt\\\/alm-190-pressbohrmaschine\\\/\",\"url\":\"https:\\\/\\\/allamemakina.com\\\/de\\\/produkt\\\/alm-190-pressbohrmaschine\\\/\",\"name\":\"ALM 190 Pressbohrmaschine - ALLAME MAKINA LTD. | Machine Manufacturing\",\"isPartOf\":{\"@id\":\"https:\\\/\\\/allamemakina.com\\\/#website\"},\"primaryImageOfPage\":{\"@id\":\"https:\\\/\\\/allamemakina.com\\\/de\\\/produkt\\\/alm-190-pressbohrmaschine\\\/#primaryimage\"},\"image\":{\"@id\":\"https:\\\/\\\/allamemakina.com\\\/de\\\/produkt\\\/alm-190-pressbohrmaschine\\\/#primaryimage\"},\"thumbnailUrl\":\"https:\\\/\\\/allamemakina.com\\\/wp-content\\\/uploads\\\/2025\\\/10\\\/Thrust-Boring-Machine-ALM-190-Details-1.webp\",\"datePublished\":\"2025-10-22T08:13:31+00:00\",\"dateModified\":\"2026-02-26T10:05:30+00:00\",\"description\":\"Die ALM 190 wurde f\u00fcr gro\u00dfe und tiefe unterirdische Bohrungen entwickelt und bietet bei anspruchsvollen Projekten eine ideale Kombination aus Kraft und Pr\u00e4zision.\",\"breadcrumb\":{\"@id\":\"https:\\\/\\\/allamemakina.com\\\/de\\\/produkt\\\/alm-190-pressbohrmaschine\\\/#breadcrumb\"},\"inLanguage\":\"de\",\"potentialAction\":[{\"@type\":\"ReadAction\",\"target\":[\"https:\\\/\\\/allamemakina.com\\\/de\\\/produkt\\\/alm-190-pressbohrmaschine\\\/\"]}]},{\"@type\":\"ImageObject\",\"inLanguage\":\"de\",\"@id\":\"https:\\\/\\\/allamemakina.com\\\/de\\\/produkt\\\/alm-190-pressbohrmaschine\\\/#primaryimage\",\"url\":\"https:\\\/\\\/allamemakina.com\\\/wp-content\\\/uploads\\\/2025\\\/10\\\/Thrust-Boring-Machine-ALM-190-Details-1.webp\",\"contentUrl\":\"https:\\\/\\\/allamemakina.com\\\/wp-content\\\/uploads\\\/2025\\\/10\\\/Thrust-Boring-Machine-ALM-190-Details-1.webp\",\"width\":700,\"height\":800,\"caption\":\"Thrust Boring Machine ALM 190 Details\"},{\"@type\":\"BreadcrumbList\",\"@id\":\"https:\\\/\\\/allamemakina.com\\\/de\\\/produkt\\\/alm-190-pressbohrmaschine\\\/#breadcrumb\",\"itemListElement\":[{\"@type\":\"ListItem\",\"position\":1,\"name\":\"Home\",\"item\":\"https:\\\/\\\/allamemakina.com\\\/de\\\/\"},{\"@type\":\"ListItem\",\"position\":2,\"name\":\"Shop\",\"item\":\"https:\\\/\\\/allamemakina.com\\\/shop\\\/\"},{\"@type\":\"ListItem\",\"position\":3,\"name\":\"ALM 190 Pressbohrmaschine\"}]},{\"@type\":\"WebSite\",\"@id\":\"https:\\\/\\\/allamemakina.com\\\/#website\",\"url\":\"https:\\\/\\\/allamemakina.com\\\/\",\"name\":\"ALLAME MAKINA LTD. | Machine Manufacturing\",\"description\":\"Industrial Machine Manufacturer\",\"publisher\":{\"@id\":\"https:\\\/\\\/allamemakina.com\\\/#organization\"},\"alternateName\":\"ALLAME MACHINE\",\"potentialAction\":[{\"@type\":\"SearchAction\",\"target\":{\"@type\":\"EntryPoint\",\"urlTemplate\":\"https:\\\/\\\/allamemakina.com\\\/?s={search_term_string}\"},\"query-input\":{\"@type\":\"PropertyValueSpecification\",\"valueRequired\":true,\"valueName\":\"search_term_string\"}}],\"inLanguage\":\"de\"},{\"@type\":\"Organization\",\"@id\":\"https:\\\/\\\/allamemakina.com\\\/#organization\",\"name\":\"ALLAME MAKINA LTD. | Machine Manufacturing\",\"alternateName\":\"Cable Laying Machines & Accessories\",\"url\":\"https:\\\/\\\/allamemakina.com\\\/\",\"logo\":{\"@type\":\"ImageObject\",\"inLanguage\":\"de\",\"@id\":\"https:\\\/\\\/allamemakina.com\\\/#\\\/schema\\\/logo\\\/image\\\/\",\"url\":\"https:\\\/\\\/allamemakina.com\\\/wp-content\\\/uploads\\\/2025\\\/10\\\/allame-company-logo.webp\",\"contentUrl\":\"https:\\\/\\\/allamemakina.com\\\/wp-content\\\/uploads\\\/2025\\\/10\\\/allame-company-logo.webp\",\"width\":805,\"height\":293,\"caption\":\"ALLAME MAKINA LTD. | Machine Manufacturing\"},\"image\":{\"@id\":\"https:\\\/\\\/allamemakina.com\\\/#\\\/schema\\\/logo\\\/image\\\/\"},\"sameAs\":[\"https:\\\/\\\/www.facebook.com\\\/skyfibertech\\\/\",\"https:\\\/\\\/x.com\\\/SkyFiberTech1\",\"https:\\\/\\\/www.instagram.com\\\/allamemakina\",\"https:\\\/\\\/www.youtube.com\\\/@skyfibertech\\\/videos\",\"https:\\\/\\\/www.linkedin.com\\\/company\\\/cable-blowing-machines\\\/\"],\"ownershipFundingInfo\":\"https:\\\/\\\/allamemakina.com\\\/our-factory\\\/\"}]}<\/script>\n<meta property=\"og:availability\" content=\"instock\" \/>\n<meta property=\"product:availability\" content=\"instock\" \/>\n<meta property=\"product:condition\" content=\"new\" \/>\n<!-- \/ Yoast SEO Premium plugin. -->","yoast_head_json":{"title":"ALM 190 Pressbohrmaschine - ALLAME MAKINA LTD. | Machine Manufacturing","description":"Die ALM 190 wurde f\u00fcr gro\u00dfe und tiefe unterirdische Bohrungen entwickelt und bietet bei anspruchsvollen Projekten eine ideale Kombination aus Kraft und Pr\u00e4zision.","robots":{"index":"index","follow":"follow","max-snippet":"max-snippet:-1","max-image-preview":"max-image-preview:large","max-video-preview":"max-video-preview:-1"},"canonical":"https:\/\/allamemakina.com\/de\/produkt\/alm-190-pressbohrmaschine\/","og_locale":"de_DE","og_type":"article","og_title":"ALM 190 Pressbohrmaschine","og_description":"Die ALM 190 wurde f\u00fcr gro\u00dfe und tiefe unterirdische Bohrungen entwickelt und bietet bei anspruchsvollen Projekten eine ideale Kombination aus Kraft und Pr\u00e4zision.","og_url":"https:\/\/allamemakina.com\/de\/produkt\/alm-190-pressbohrmaschine\/","og_site_name":"ALLAME MAKINA LTD. | Machine Manufacturing","article_publisher":"https:\/\/www.facebook.com\/skyfibertech\/","article_modified_time":"2026-02-26T10:05:30+00:00","og_image":[{"width":700,"height":800,"url":"https:\/\/allamemakina.com\/wp-content\/uploads\/2025\/10\/Thrust-Boring-Machine-ALM-190-Details-1.webp","type":"image\/webp"}],"twitter_card":"summary_large_image","twitter_site":"@SkyFiberTech1","twitter_misc":{"Verf\u00fcgbarkeit":"Auf Lager"},"schema":{"@context":"https:\/\/schema.org","@graph":[{"@type":"WebPage","@id":"https:\/\/allamemakina.com\/de\/produkt\/alm-190-pressbohrmaschine\/","url":"https:\/\/allamemakina.com\/de\/produkt\/alm-190-pressbohrmaschine\/","name":"ALM 190 Pressbohrmaschine - ALLAME MAKINA LTD. | Machine Manufacturing","isPartOf":{"@id":"https:\/\/allamemakina.com\/#website"},"primaryImageOfPage":{"@id":"https:\/\/allamemakina.com\/de\/produkt\/alm-190-pressbohrmaschine\/#primaryimage"},"image":{"@id":"https:\/\/allamemakina.com\/de\/produkt\/alm-190-pressbohrmaschine\/#primaryimage"},"thumbnailUrl":"https:\/\/allamemakina.com\/wp-content\/uploads\/2025\/10\/Thrust-Boring-Machine-ALM-190-Details-1.webp","datePublished":"2025-10-22T08:13:31+00:00","dateModified":"2026-02-26T10:05:30+00:00","description":"Die ALM 190 wurde f\u00fcr gro\u00dfe und tiefe unterirdische Bohrungen entwickelt und bietet bei anspruchsvollen Projekten eine ideale Kombination aus Kraft und Pr\u00e4zision.","breadcrumb":{"@id":"https:\/\/allamemakina.com\/de\/produkt\/alm-190-pressbohrmaschine\/#breadcrumb"},"inLanguage":"de","potentialAction":[{"@type":"ReadAction","target":["https:\/\/allamemakina.com\/de\/produkt\/alm-190-pressbohrmaschine\/"]}]},{"@type":"ImageObject","inLanguage":"de","@id":"https:\/\/allamemakina.com\/de\/produkt\/alm-190-pressbohrmaschine\/#primaryimage","url":"https:\/\/allamemakina.com\/wp-content\/uploads\/2025\/10\/Thrust-Boring-Machine-ALM-190-Details-1.webp","contentUrl":"https:\/\/allamemakina.com\/wp-content\/uploads\/2025\/10\/Thrust-Boring-Machine-ALM-190-Details-1.webp","width":700,"height":800,"caption":"Thrust Boring Machine ALM 190 Details"},{"@type":"BreadcrumbList","@id":"https:\/\/allamemakina.com\/de\/produkt\/alm-190-pressbohrmaschine\/#breadcrumb","itemListElement":[{"@type":"ListItem","position":1,"name":"Home","item":"https:\/\/allamemakina.com\/de\/"},{"@type":"ListItem","position":2,"name":"Shop","item":"https:\/\/allamemakina.com\/shop\/"},{"@type":"ListItem","position":3,"name":"ALM 190 Pressbohrmaschine"}]},{"@type":"WebSite","@id":"https:\/\/allamemakina.com\/#website","url":"https:\/\/allamemakina.com\/","name":"ALLAME MAKINA LTD. | Machine Manufacturing","description":"Industrial Machine Manufacturer","publisher":{"@id":"https:\/\/allamemakina.com\/#organization"},"alternateName":"ALLAME MACHINE","potentialAction":[{"@type":"SearchAction","target":{"@type":"EntryPoint","urlTemplate":"https:\/\/allamemakina.com\/?s={search_term_string}"},"query-input":{"@type":"PropertyValueSpecification","valueRequired":true,"valueName":"search_term_string"}}],"inLanguage":"de"},{"@type":"Organization","@id":"https:\/\/allamemakina.com\/#organization","name":"ALLAME MAKINA LTD. | Machine Manufacturing","alternateName":"Cable Laying Machines & Accessories","url":"https:\/\/allamemakina.com\/","logo":{"@type":"ImageObject","inLanguage":"de","@id":"https:\/\/allamemakina.com\/#\/schema\/logo\/image\/","url":"https:\/\/allamemakina.com\/wp-content\/uploads\/2025\/10\/allame-company-logo.webp","contentUrl":"https:\/\/allamemakina.com\/wp-content\/uploads\/2025\/10\/allame-company-logo.webp","width":805,"height":293,"caption":"ALLAME MAKINA LTD. | Machine Manufacturing"},"image":{"@id":"https:\/\/allamemakina.com\/#\/schema\/logo\/image\/"},"sameAs":["https:\/\/www.facebook.com\/skyfibertech\/","https:\/\/x.com\/SkyFiberTech1","https:\/\/www.instagram.com\/allamemakina","https:\/\/www.youtube.com\/@skyfibertech\/videos","https:\/\/www.linkedin.com\/company\/cable-blowing-machines\/"],"ownershipFundingInfo":"https:\/\/allamemakina.com\/our-factory\/"}]},"og_availability":"instock","product_availability":"instock","product_condition":"new"},"_links":{"self":[{"href":"https:\/\/allamemakina.com\/de\/wp-json\/wp\/v2\/product\/12346","targetHints":{"allow":["GET"]}}],"collection":[{"href":"https:\/\/allamemakina.com\/de\/wp-json\/wp\/v2\/product"}],"about":[{"href":"https:\/\/allamemakina.com\/de\/wp-json\/wp\/v2\/types\/product"}],"replies":[{"embeddable":true,"href":"https:\/\/allamemakina.com\/de\/wp-json\/wp\/v2\/comments?post=12346"}],"wp:featuredmedia":[{"embeddable":true,"href":"https:\/\/allamemakina.com\/de\/wp-json\/wp\/v2\/media\/12347"}],"wp:attachment":[{"href":"https:\/\/allamemakina.com\/de\/wp-json\/wp\/v2\/media?parent=12346"}],"wp:term":[{"taxonomy":"product_brand","embeddable":true,"href":"https:\/\/allamemakina.com\/de\/wp-json\/wp\/v2\/product_brand?post=12346"},{"taxonomy":"product_cat","embeddable":true,"href":"https:\/\/allamemakina.com\/de\/wp-json\/wp\/v2\/product_cat?post=12346"},{"taxonomy":"product_tag","embeddable":true,"href":"https:\/\/allamemakina.com\/de\/wp-json\/wp\/v2\/product_tag?post=12346"}],"curies":[{"name":"wp","href":"https:\/\/api.w.org\/{rel}","templated":true}]}}