{"id":11718,"date":"2017-06-14T08:24:57","date_gmt":"2017-06-14T08:24:57","guid":{"rendered":"https:\/\/allamemakina.com\/product\/drillsky-cable-blowing-machine\/"},"modified":"2025-12-10T10:44:37","modified_gmt":"2025-12-10T10:44:37","slug":"maquina-de-soplado-de-cables-drillsky","status":"publish","type":"product","link":"https:\/\/allamemakina.com\/es\/producto\/maquina-de-soplado-de-cables-drillsky\/","title":{"rendered":"M\u00e1quina de Soplado de Cables DrillSKY"},"content":{"rendered":"<div class=\"wpb-content-wrapper\"><p>[vc_row content_placement=\u00bbmiddle\u00bb css=\u00bb.vc_custom_1626857711131{margin-bottom: 70px !important;}\u00bb woodmart_css_id=\u00bb60f7e0e78e935&#8243; responsive_spacing=\u00bbeyJwYXJhbV90eXBlIjoid29vZG1hcnRfcmVzcG9uc2l2ZV9zcGFjaW5nIiwic2VsZWN0b3JfaWQiOiI2MGY3ZTBlNzhlOTM1Iiwic2hvcnRjb2RlIjoidmNfcm93IiwiZGF0YSI6eyJ0YWJsZXQiOnsibWFyZ2luLWJvdHRvbSI6IjYwIn0sIm1vYmlsZSI6eyJtYXJnaW4tYm90dG9tIjoiNDAifX19&#8243; mobile_bg_img_hidden=\u00bbno\u00bb tablet_bg_img_hidden=\u00bbno\u00bb woodmart_parallax=\u00bb0&#8243; woodmart_gradient_switch=\u00bbno\u00bb row_reverse_mobile=\u00bb0&#8243; row_reverse_tablet=\u00bb0&#8243; woodmart_disable_overflow=\u00bb0&#8243;][vc_column width=\u00bb1\/2&#8243; css=\u00bb.vc_custom_1626857714544{padding-top: 10px !important;padding-bottom: 10px !important;}\u00bb woodmart_css_id=\u00bb60f7e0f11a63b\u00bb responsive_spacing=\u00bbeyJwYXJhbV90eXBlIjoid29vZG1hcnRfcmVzcG9uc2l2ZV9zcGFjaW5nIiwic2VsZWN0b3JfaWQiOiI2MGY3ZTBmMTFhNjNiIiwic2hvcnRjb2RlIjoidmNfY29sdW1uIiwiZGF0YSI6eyJ0YWJsZXQiOnt9LCJtb2JpbGUiOnt9fX0=\u00bb parallax_scroll=\u00bbno\u00bb mobile_bg_img_hidden=\u00bbno\u00bb tablet_bg_img_hidden=\u00bbno\u00bb woodmart_parallax=\u00bb0&#8243; woodmart_sticky_column=\u00bbfalse\u00bb mobile_reset_margin=\u00bbno\u00bb tablet_reset_margin=\u00bbno\u00bb]\t\t\t<div class=\"wd-threed-view  threed-id-474\" data-args='{\"frames_count\":10,\"images\":[\"https:\\\/\\\/allamemakina.com\\\/wp-content\\\/uploads\\\/2017\\\/06\\\/Drillsky-Cable-Blowing-machine-details-360-1.webp\",\"https:\\\/\\\/allamemakina.com\\\/wp-content\\\/uploads\\\/2017\\\/06\\\/Drillsky-Cable-Blowing-machine-details-360-2.webp\",\"https:\\\/\\\/allamemakina.com\\\/wp-content\\\/uploads\\\/2017\\\/06\\\/Drillsky-Cable-Blowing-machine-details-360-3.webp\",\"https:\\\/\\\/allamemakina.com\\\/wp-content\\\/uploads\\\/2017\\\/06\\\/Drillsky-Cable-Blowing-machine-details-360-4.webp\",\"https:\\\/\\\/allamemakina.com\\\/wp-content\\\/uploads\\\/2017\\\/06\\\/Drillsky-Cable-Blowing-machine-details-360-5.webp\",\"https:\\\/\\\/allamemakina.com\\\/wp-content\\\/uploads\\\/2017\\\/06\\\/Drillsky-Cable-Blowing-machine-details-360-6.webp\",\"https:\\\/\\\/allamemakina.com\\\/wp-content\\\/uploads\\\/2017\\\/06\\\/Drillsky-Cable-Blowing-machine-details-360-7.webp\",\"https:\\\/\\\/allamemakina.com\\\/wp-content\\\/uploads\\\/2017\\\/06\\\/Drillsky-Cable-Blowing-machine-details-360-8.webp\",\"https:\\\/\\\/allamemakina.com\\\/wp-content\\\/uploads\\\/2017\\\/06\\\/Drillsky-Cable-Blowing-machine-details-360-9.webp\",\"https:\\\/\\\/allamemakina.com\\\/wp-content\\\/uploads\\\/2017\\\/06\\\/Drillsky-Cable-Blowing-machine-details-360-10.webp\"],\"width\":1200,\"height\":900}'>\n\t\t\t\t\t\t\t\t<ul class=\"threed-view-images\"><\/ul>\n\t\t\t\t<div class=\"spinner\">\n\t\t\t\t\t<span>0%<\/span>\n\t\t\t\t<\/div>\n\t\t\t<\/div>\n\t\t[\/vc_column][vc_column width=\u00bb1\/2&#8243; woodmart_text_align=\u00bbcenter\u00bb css=\u00bb.vc_custom_1626857745118{padding-top: 10px !important;padding-bottom: 10px !important;}\u00bb woodmart_css_id=\u00bb60f7e10d7cd36&#8243; responsive_spacing=\u00bbeyJwYXJhbV90eXBlIjoid29vZG1hcnRfcmVzcG9uc2l2ZV9zcGFjaW5nIiwic2VsZWN0b3JfaWQiOiI2MGY3ZTEwZDdjZDM2Iiwic2hvcnRjb2RlIjoidmNfY29sdW1uIiwiZGF0YSI6eyJ0YWJsZXQiOnt9LCJtb2JpbGUiOnt9fX0=\u00bb parallax_scroll=\u00bbno\u00bb mobile_bg_img_hidden=\u00bbno\u00bb tablet_bg_img_hidden=\u00bbno\u00bb woodmart_parallax=\u00bb0&#8243; woodmart_sticky_column=\u00bbfalse\u00bb mobile_reset_margin=\u00bbno\u00bb tablet_reset_margin=\u00bbno\u00bb]\t\t<div id=\"wd-68fcbf4953213\" class=\"wd-text-block wd-wpb reset-last-child wd-rs-68fcbf4953213 text-center wd-font-weight-600 wd-fontsize-s font-primary vc_custom_1761394512504\">\n\t\t\t<p>DRILLSKY<\/p>\n\t\t<\/div>\n\t\t\n\t\t<div id=\"wd-69394e67ec7e0\" class=\"title-wrapper wd-wpb wd-set-mb reset-last-child  wd-rs-69394e67ec7e0 wd-title-color-default wd-title-style-default text-center vc_custom_1765363309331 wd-width-enabled wd-underline-colored\" style=\"--wd-max-width: 90%;\">\n\t\t\t\n\t\t\t<div class=\"liner-continer\">\n\t\t\t\t<h4 class=\"woodmart-title-container title  wd-font-weight- wd-fontsize-xxxl\" >Soplado de fibra<br \/>\nA trav\u00e9s de perforaci\u00f3n<\/h4>\n\t\t\t\t\t\t\t<\/div>\n\t\t\t\n\t\t\t\t\t\t\t<div class=\"title-after_title reset-last-child  wd-fontsize-s\">Rango de di\u00e1metro de cable: de 1 mm hasta 6 mm<br \/>\nRango de di\u00e1metro de microducto: de 5 mm hasta 16 mm<br \/>\nFunciona con taladro el\u00e9ctrico<\/div>\n\t\t\t\n\t\t\t\n\t\t<\/div>\n\t\t\n\t\t<div id=\"wd-69394e6ebd638\" class=\" wd-rs-69394e6ebd638  wd-button-wrapper text-center inline-element\"><a href=\"https:\/\/skyfibertech.com\/wp-content\/uploads\/2021\/08\/DrillSKY-Cable-Blowing-Machine-Catalog.pdf\" title=\"\" class=\"btn btn-color-black btn-style-default btn-shape-rectangle btn-size-default\">DRILLSKY CAT\u00c1LOGO<\/a><\/div><div id=\"wd-69394e88d58bc\" class=\" wd-rs-69394e88d58bc  wd-button-wrapper text-center inline-element\"><a href=\"https:\/\/skyfibertech.com\/wp-content\/uploads\/2021\/08\/fiber-blowing-all-machines-catalog.pdf\" title=\"\" class=\"btn btn-style-bordered btn-shape-rectangle btn-size-default\">CAT\u00c1LOGO DE TODAS LAS M\u00c1QUINAS<\/a><\/div>[\/vc_column][\/vc_row][vc_row][vc_column css=\u00bb.vc_custom_1493038156710{margin-bottom: -15px !important;}\u00bb]\n\t\t<div id=\"wd-69394dc91c6f1\" class=\"title-wrapper wd-wpb wd-set-mb reset-last-child  wd-rs-69394dc91c6f1 wd-title-color-default wd-title-style-default text-left  wd-underline-colored\">\n\t\t\t\n\t\t\t<div class=\"liner-continer\">\n\t\t\t\t<h4 class=\"woodmart-title-container title  wd-font-weight- wd-fontsize-xl\" >M\u00e1quina de Soplado de Cables DrillSKY<\/h4>\n\t\t\t\t\t\t\t<\/div>\n\t\t\t\n\t\t\t\n\t\t\t\n\t\t<\/div>\n\t\t\n\t\t[\/vc_column][\/vc_row][vc_row][vc_column css=\u00bb.vc_custom_1493038156710{margin-bottom: -15px !important;}\u00bb]\t\t<div id=\"wd-69394ea164cea\" class=\"wd-text-block wd-wpb reset-last-child wd-rs-69394ea164cea text-left \">\n\t\t\t<p class=\"p1\">El <span class=\"s1\"><b>DrillSKY<\/b><\/span> es una m\u00e1quina compacta, pr\u00e1ctica y eficiente dise\u00f1ada para soplar microcables dentro de miniductos. Funciona sin esfuerzo con cables de <span class=\"s1\"><b>1 mm a 6 mm<\/b><\/span> y microductos de <span class=\"s1\"><b>5 mm a 16 mm<\/b><\/span>.<\/p>\n<p class=\"p1\">Este dise\u00f1o funciona mediante un <span class=\"s1\"><b>taladro el\u00e9ctrico<\/b><\/span>, lo que garantiza una fuente de potencia estable. Su estructura robusta pero ligera permite manejarla f\u00e1cilmente en el lugar de trabajo. Los materiales duraderos utilizados en su fabricaci\u00f3n ofrecen una vida \u00fatil m\u00e1s larga y requieren menos mantenimiento.<\/p>\n<p class=\"p1\">El <span class=\"s1\"><b>DrillSKY<\/b><\/span> permite una instalaci\u00f3n r\u00e1pida de cables, incluso en espacios reducidos o distancias cortas donde no ser\u00eda pr\u00e1ctico utilizar maquinaria pesada. Su dise\u00f1o reduce la fricci\u00f3n y minimiza el riesgo de da\u00f1ar los delicados cables durante la instalaci\u00f3n.<\/p>\n<p class=\"p1\">El conector es ideal para aplicaciones de <span class=\"s1\"><b>FTTH<\/b><\/span> o redes de \u00e1rea local, y no requiere pulido. Su facilidad de uso y el mantenimiento sencillo garantizan un rendimiento constante en cada operaci\u00f3n.<\/p>\n\t\t<\/div>\n\t\t[\/vc_column][\/vc_row][vc_row][vc_column css=\u00bb.vc_custom_1493038156710{margin-bottom: -15px !important;}\u00bb][vc_single_image image=\u00bb11786&#8243; img_size=\u00bbfull\u00bb css=\u00bb\u00bb parallax_scroll=\u00bbno\u00bb woodmart_inline=\u00bbno\u00bb][\/vc_column][\/vc_row][vc_row][vc_column css=\u00bb.vc_custom_1493038156710{margin-bottom: -15px !important;}\u00bb][vc_empty_space woodmart_hide_large=\u00bb0&#8243; woodmart_hide_medium=\u00bb0&#8243; woodmart_hide_small=\u00bb0&#8243;]\n\t\t<div id=\"wd-69394ed21afdf\" class=\"title-wrapper wd-wpb wd-set-mb reset-last-child  wd-rs-69394ed21afdf wd-title-color-default wd-title-style-default text-left  wd-underline-colored\">\n\t\t\t\n\t\t\t<div class=\"liner-continer\">\n\t\t\t\t<h4 class=\"woodmart-title-container title  wd-font-weight- wd-fontsize-xl\" >Especificaciones t\u00e9cnicas<\/h4>\n\t\t\t\t\t\t\t<\/div>\n\t\t\t\n\t\t\t\n\t\t\t\n\t\t<\/div>\n\t\t\n\t\t[\/vc_column][\/vc_row][vc_row content_placement=\u00bbtop\u00bb][vc_column width=\u00bb1\/2&#8243; offset=\u00bbvc_col-md-6&#8243;]\t\t<div id=\"wd-69394edf10823\" class=\"wd-text-block wd-wpb reset-last-child wd-rs-69394edf10823 text-left \">\n\t\t\t<table style=\"width: 100%; border-collapse: collapse; font-family: Arial, sans-serif; font-size: 14px;\">\n<thead>\n<tr>\n<th style=\"padding: 10px; width: 40%;\">Especificaci\u00f3n<\/th>\n<th style=\"padding: 10px;\">Detalles<\/th>\n<\/tr>\n<\/thead>\n<tbody>\n<tr style=\"background-color: #f9f9f9;\">\n<td style=\"padding: 10px;\">Modelo<\/td>\n<td style=\"padding: 10px;\">DrillSKY<\/td>\n<\/tr>\n<tr>\n<td style=\"padding: 10px;\">Rango de Di\u00e1metro del Cable<\/td>\n<td style=\"padding: 10px;\">1 mm \u2013 6 mm<\/td>\n<\/tr>\n<tr style=\"background-color: #f9f9f9;\">\n<td style=\"padding: 10px;\">Rango de Di\u00e1metro del Microducto<\/td>\n<td style=\"padding: 10px;\">5 mm \u2013 16 mm<\/td>\n<\/tr>\n<tr>\n<td style=\"padding: 10px;\">Fuente de Energ\u00eda<\/td>\n<td style=\"padding: 10px;\">Accionamiento mediante taladro<\/td>\n<\/tr>\n<tr style=\"background-color: #f9f9f9;\">\n<td style=\"padding: 10px;\">Tipo de Transmisi\u00f3n<\/td>\n<td style=\"padding: 10px;\">Mec\u00e1nica, conectada al taladro<\/td>\n<\/tr>\n<tr>\n<td style=\"padding: 10px;\">Material<\/td>\n<td style=\"padding: 10px;\">Cuerpo de aluminio, accesorios de acero inoxidable<\/td>\n<\/tr>\n<tr style=\"background-color: #f9f9f9;\">\n<td style=\"padding: 10px;\">Peso<\/td>\n<td style=\"padding: 10px;\">Aprox. 2.5 kg<\/td>\n<\/tr>\n<tr>\n<td style=\"padding: 10px;\">Dimensiones (L x W x H)<\/td>\n<td style=\"padding: 10px;\">150 x 120 x 100 mm<\/td>\n<\/tr>\n<tr style=\"background-color: #f9f9f9;\">\n<td style=\"padding: 10px;\">Aplicaciones<\/td>\n<td style=\"padding: 10px;\">FTTH \/ FTTX, instalaci\u00f3n de fibra en microductos, proyectos de corta distancia<\/td>\n<\/tr>\n<\/tbody>\n<\/table>\n\t\t<\/div>\n\t\t[\/vc_column][vc_column width=\u00bb1\/2&#8243; offset=\u00bbvc_col-md-6&#8243;]\t\t<div id=\"wd-68e4d384799c4\" class=\"wd-image wd-wpb wd-rs-68e4d384799c4 text-left \">\n\t\t\t\n\t\t\t<img loading=\"lazy\" decoding=\"async\" width=\"1170\" height=\"1130\" src=\"https:\/\/allamemakina.com\/wp-content\/uploads\/2017\/06\/Cable-Blowing-Machine-DrillSky-Details-4.webp\" class=\"attachment-full size-full\" alt=\"Cable Blowing Machine DrillSky Details\" srcset=\"https:\/\/allamemakina.com\/wp-content\/uploads\/2017\/06\/Cable-Blowing-Machine-DrillSky-Details-4.webp 1170w, https:\/\/allamemakina.com\/wp-content\/uploads\/2017\/06\/Cable-Blowing-Machine-DrillSky-Details-4-311x300.webp 311w, https:\/\/allamemakina.com\/wp-content\/uploads\/2017\/06\/Cable-Blowing-Machine-DrillSky-Details-4-828x800.webp 828w, https:\/\/allamemakina.com\/wp-content\/uploads\/2017\/06\/Cable-Blowing-Machine-DrillSky-Details-4-768x742.webp 768w, https:\/\/allamemakina.com\/wp-content\/uploads\/2017\/06\/Cable-Blowing-Machine-DrillSky-Details-4-430x415.webp 430w, https:\/\/allamemakina.com\/wp-content\/uploads\/2017\/06\/Cable-Blowing-Machine-DrillSky-Details-4-700x676.webp 700w, https:\/\/allamemakina.com\/wp-content\/uploads\/2017\/06\/Cable-Blowing-Machine-DrillSky-Details-4-150x145.webp 150w\" sizes=\"auto, (max-width: 1170px) 100vw, 1170px\" \/>\n\t\t\t\t\t<\/div>\n\t\t[\/vc_column][\/vc_row][vc_row][vc_column][vc_video link=\u00bbhttps:\/\/www.youtube.com\/embed\/YNNliWbC7Ww\u00bb css=\u00bb\u00bb woodmart_css_id=\u00bb691b1e3f741d4&#8243; image_poster_switch=\u00bbno\u00bb][\/vc_column][\/vc_row][vc_row woodmart_css_id=\u00bb6915b7dec8f7d\u00bb responsive_spacing=\u00bbeyJwYXJhbV90eXBlIjoid29vZG1hcnRfcmVzcG9uc2l2ZV9zcGFjaW5nIiwic2VsZWN0b3JfaWQiOiI2OTE1YjdkZWM4ZjdkIiwic2hvcnRjb2RlIjoidmNfcm93IiwiZGF0YSI6eyJ0YWJsZXQiOnt9LCJtb2JpbGUiOnt9fX0=\u00bb mobile_bg_img_hidden=\u00bbno\u00bb tablet_bg_img_hidden=\u00bbno\u00bb woodmart_parallax=\u00bb0&#8243; woodmart_gradient_switch=\u00bbno\u00bb woodmart_box_shadow=\u00bbno\u00bb wd_z_index=\u00bbno\u00bb woodmart_disable_overflow=\u00bb0&#8243; row_reverse_mobile=\u00bb0&#8243; row_reverse_tablet=\u00bb0&#8243;][vc_column][vc_single_image image=\u00bb11469&#8243; img_size=\u00bbfull\u00bb style=\u00bbvc_box_outline\u00bb onclick=\u00bbcustom_link\u00bb img_link_target=\u00bb_blank\u00bb css=\u00bb\u00bb parallax_scroll=\u00bbno\u00bb woodmart_inline=\u00bbno\u00bb link=\u00bbhttps:\/\/skyfibertech.com\u00bb][\/vc_column][\/vc_row]<\/p>\n<\/div>","protected":false},"excerpt":{"rendered":"<p>El <span class=\"s1\"><b>DrillSKY<\/b><\/span> es una m\u00e1quina compacta, pr\u00e1ctica y eficiente dise\u00f1ada para soplar microcables dentro de miniductos. Funciona sin esfuerzo con cables de <span class=\"s1\"><b>1 mm a 6 mm<\/b><\/span> y microductos de <span class=\"s1\"><b>5 mm a 16 mm<\/b><\/span>.<\/p>\n<p><a href=\"https:\/\/skyfibertech.com\/wp-content\/uploads\/2021\/08\/fiber-blowing-all-machines-catalog.pdf\" target=\"_blank\" rel=\"noopener noreferrer\"><br \/>\n<img loading=\"lazy\" decoding=\"async\" class=\"alignnone wp-image-11158 size-full\" src=\"https:\/\/allamemakina.com\/wp-content\/uploads\/2025\/10\/download-allame-catalogs-2.jpg\" alt=\"\" width=\"300\" height=\"90\" srcset=\"https:\/\/allamemakina.com\/wp-content\/uploads\/2025\/10\/download-allame-catalogs-2.jpg 300w, https:\/\/allamemakina.com\/wp-content\/uploads\/2025\/10\/download-allame-catalogs-2-150x45.jpg 150w\" sizes=\"auto, (max-width: 300px) 100vw, 300px\" \/><br \/>\n<\/a><\/p>\n","protected":false},"featured_media":11720,"comment_status":"open","ping_status":"closed","template":"","meta":{"_joinchat":[]},"product_brand":[49],"product_cat":[127],"product_tag":[],"class_list":{"0":"post-11718","1":"product","2":"type-product","3":"status-publish","4":"has-post-thumbnail","6":"product_brand-skyfibertech","7":"product_cat-cable-blowing-machines","9":"first","10":"instock","11":"shipping-taxable","12":"product-type-grouped"},"yoast_head":"<!-- This site is optimized with the Yoast SEO Premium plugin v27.4 (Yoast SEO v27.4) - https:\/\/yoast.com\/product\/yoast-seo-premium-wordpress\/ -->\n<title>M\u00e1quina de Soplado de Cables DrillSKY<\/title>\n<meta name=\"description\" content=\"El DrillSKY es una m\u00e1quina compacta, pr\u00e1ctica y eficiente dise\u00f1ada para soplar microcables dentro de miniductos.\" \/>\n<meta name=\"robots\" content=\"index, follow, max-snippet:-1, max-image-preview:large, max-video-preview:-1\" \/>\n<link rel=\"canonical\" href=\"https:\/\/allamemakina.com\/es\/producto\/maquina-de-soplado-de-cables-drillsky\/\" \/>\n<meta property=\"og:locale\" content=\"es_ES\" \/>\n<meta property=\"og:type\" content=\"article\" \/>\n<meta property=\"og:title\" content=\"M\u00e1quina de Soplado de Cables DrillSKY\" \/>\n<meta property=\"og:description\" content=\"El DrillSKY es una m\u00e1quina compacta, pr\u00e1ctica y eficiente dise\u00f1ada para soplar microcables dentro de miniductos.\" \/>\n<meta property=\"og:url\" content=\"https:\/\/allamemakina.com\/es\/producto\/maquina-de-soplado-de-cables-drillsky\/\" \/>\n<meta property=\"og:site_name\" content=\"ALLAME MAKINA LTD. | Machine Manufacturing\" \/>\n<meta property=\"article:publisher\" content=\"https:\/\/www.facebook.com\/skyfibertech\/\" \/>\n<meta property=\"article:modified_time\" content=\"2025-12-10T10:44:37+00:00\" \/>\n<meta property=\"og:image\" content=\"https:\/\/allamemakina.com\/wp-content\/uploads\/2017\/06\/Cable-Blowing-Machine-DrillSky-Details-5.webp\" \/>\n\t<meta property=\"og:image:width\" content=\"700\" \/>\n\t<meta property=\"og:image:height\" content=\"800\" \/>\n\t<meta property=\"og:image:type\" content=\"image\/webp\" \/>\n<meta name=\"twitter:card\" content=\"summary_large_image\" \/>\n<meta name=\"twitter:site\" content=\"@SkyFiberTech1\" \/>\n<meta name=\"twitter:label1\" content=\"Disponibilidad\" \/>\n\t<meta name=\"twitter:data1\" content=\"Disponible\" \/>\n<script type=\"application\/ld+json\" class=\"yoast-schema-graph\">{\"@context\":\"https:\\\/\\\/schema.org\",\"@graph\":[{\"@type\":\"WebPage\",\"@id\":\"https:\\\/\\\/allamemakina.com\\\/es\\\/producto\\\/maquina-de-soplado-de-cables-drillsky\\\/\",\"url\":\"https:\\\/\\\/allamemakina.com\\\/es\\\/producto\\\/maquina-de-soplado-de-cables-drillsky\\\/\",\"name\":\"M\u00e1quina de Soplado de Cables DrillSKY\",\"isPartOf\":{\"@id\":\"https:\\\/\\\/allamemakina.com\\\/#website\"},\"primaryImageOfPage\":{\"@id\":\"https:\\\/\\\/allamemakina.com\\\/es\\\/producto\\\/maquina-de-soplado-de-cables-drillsky\\\/#primaryimage\"},\"image\":{\"@id\":\"https:\\\/\\\/allamemakina.com\\\/es\\\/producto\\\/maquina-de-soplado-de-cables-drillsky\\\/#primaryimage\"},\"thumbnailUrl\":\"https:\\\/\\\/allamemakina.com\\\/wp-content\\\/uploads\\\/2017\\\/06\\\/Cable-Blowing-Machine-DrillSky-Details-5.webp\",\"datePublished\":\"2017-06-14T08:24:57+00:00\",\"dateModified\":\"2025-12-10T10:44:37+00:00\",\"description\":\"El DrillSKY es una m\u00e1quina compacta, pr\u00e1ctica y eficiente dise\u00f1ada para soplar microcables dentro de miniductos.\",\"breadcrumb\":{\"@id\":\"https:\\\/\\\/allamemakina.com\\\/es\\\/producto\\\/maquina-de-soplado-de-cables-drillsky\\\/#breadcrumb\"},\"inLanguage\":\"es\",\"potentialAction\":[{\"@type\":\"ReadAction\",\"target\":[\"https:\\\/\\\/allamemakina.com\\\/es\\\/producto\\\/maquina-de-soplado-de-cables-drillsky\\\/\"]}]},{\"@type\":\"ImageObject\",\"inLanguage\":\"es\",\"@id\":\"https:\\\/\\\/allamemakina.com\\\/es\\\/producto\\\/maquina-de-soplado-de-cables-drillsky\\\/#primaryimage\",\"url\":\"https:\\\/\\\/allamemakina.com\\\/wp-content\\\/uploads\\\/2017\\\/06\\\/Cable-Blowing-Machine-DrillSky-Details-5.webp\",\"contentUrl\":\"https:\\\/\\\/allamemakina.com\\\/wp-content\\\/uploads\\\/2017\\\/06\\\/Cable-Blowing-Machine-DrillSky-Details-5.webp\",\"width\":700,\"height\":800,\"caption\":\"Cable Blowing Machine DrillSky Details\"},{\"@type\":\"BreadcrumbList\",\"@id\":\"https:\\\/\\\/allamemakina.com\\\/es\\\/producto\\\/maquina-de-soplado-de-cables-drillsky\\\/#breadcrumb\",\"itemListElement\":[{\"@type\":\"ListItem\",\"position\":1,\"name\":\"Home\",\"item\":\"https:\\\/\\\/allamemakina.com\\\/es\\\/home-base\\\/\"},{\"@type\":\"ListItem\",\"position\":2,\"name\":\"Shop\",\"item\":\"https:\\\/\\\/allamemakina.com\\\/shop\\\/\"},{\"@type\":\"ListItem\",\"position\":3,\"name\":\"M\u00e1quina de Soplado de Cables DrillSKY\"}]},{\"@type\":\"WebSite\",\"@id\":\"https:\\\/\\\/allamemakina.com\\\/#website\",\"url\":\"https:\\\/\\\/allamemakina.com\\\/\",\"name\":\"ALLAME MAKINA LTD. | Machine Manufacturing\",\"description\":\"Industrial Machine Manufacturer\",\"publisher\":{\"@id\":\"https:\\\/\\\/allamemakina.com\\\/#organization\"},\"alternateName\":\"ALLAME MACHINE\",\"potentialAction\":[{\"@type\":\"SearchAction\",\"target\":{\"@type\":\"EntryPoint\",\"urlTemplate\":\"https:\\\/\\\/allamemakina.com\\\/?s={search_term_string}\"},\"query-input\":{\"@type\":\"PropertyValueSpecification\",\"valueRequired\":true,\"valueName\":\"search_term_string\"}}],\"inLanguage\":\"es\"},{\"@type\":\"Organization\",\"@id\":\"https:\\\/\\\/allamemakina.com\\\/#organization\",\"name\":\"ALLAME MAKINA LTD. | Machine Manufacturing\",\"alternateName\":\"Cable Laying Machines & Accessories\",\"url\":\"https:\\\/\\\/allamemakina.com\\\/\",\"logo\":{\"@type\":\"ImageObject\",\"inLanguage\":\"es\",\"@id\":\"https:\\\/\\\/allamemakina.com\\\/#\\\/schema\\\/logo\\\/image\\\/\",\"url\":\"https:\\\/\\\/allamemakina.com\\\/wp-content\\\/uploads\\\/2025\\\/10\\\/allame-company-logo.webp\",\"contentUrl\":\"https:\\\/\\\/allamemakina.com\\\/wp-content\\\/uploads\\\/2025\\\/10\\\/allame-company-logo.webp\",\"width\":805,\"height\":293,\"caption\":\"ALLAME MAKINA LTD. | Machine Manufacturing\"},\"image\":{\"@id\":\"https:\\\/\\\/allamemakina.com\\\/#\\\/schema\\\/logo\\\/image\\\/\"},\"sameAs\":[\"https:\\\/\\\/www.facebook.com\\\/skyfibertech\\\/\",\"https:\\\/\\\/x.com\\\/SkyFiberTech1\",\"https:\\\/\\\/www.instagram.com\\\/allamemakina\",\"https:\\\/\\\/www.youtube.com\\\/@skyfibertech\\\/videos\",\"https:\\\/\\\/www.linkedin.com\\\/company\\\/cable-blowing-machines\\\/\"],\"ownershipFundingInfo\":\"https:\\\/\\\/allamemakina.com\\\/our-factory\\\/\"}]}<\/script>\n<meta property=\"product:brand\" content=\"Skyfibertech\" \/>\n<meta property=\"og:availability\" content=\"instock\" \/>\n<meta property=\"product:availability\" content=\"instock\" \/>\n<meta property=\"product:condition\" content=\"new\" \/>\n<!-- \/ Yoast SEO Premium plugin. -->","yoast_head_json":{"title":"M\u00e1quina de Soplado de Cables DrillSKY","description":"El DrillSKY es una m\u00e1quina compacta, pr\u00e1ctica y eficiente dise\u00f1ada para soplar microcables dentro de miniductos.","robots":{"index":"index","follow":"follow","max-snippet":"max-snippet:-1","max-image-preview":"max-image-preview:large","max-video-preview":"max-video-preview:-1"},"canonical":"https:\/\/allamemakina.com\/es\/producto\/maquina-de-soplado-de-cables-drillsky\/","og_locale":"es_ES","og_type":"article","og_title":"M\u00e1quina de Soplado de Cables DrillSKY","og_description":"El DrillSKY es una m\u00e1quina compacta, pr\u00e1ctica y eficiente dise\u00f1ada para soplar microcables dentro de miniductos.","og_url":"https:\/\/allamemakina.com\/es\/producto\/maquina-de-soplado-de-cables-drillsky\/","og_site_name":"ALLAME MAKINA LTD. | Machine Manufacturing","article_publisher":"https:\/\/www.facebook.com\/skyfibertech\/","article_modified_time":"2025-12-10T10:44:37+00:00","og_image":[{"width":700,"height":800,"url":"https:\/\/allamemakina.com\/wp-content\/uploads\/2017\/06\/Cable-Blowing-Machine-DrillSky-Details-5.webp","type":"image\/webp"}],"twitter_card":"summary_large_image","twitter_site":"@SkyFiberTech1","twitter_misc":{"Disponibilidad":"Disponible"},"schema":{"@context":"https:\/\/schema.org","@graph":[{"@type":"WebPage","@id":"https:\/\/allamemakina.com\/es\/producto\/maquina-de-soplado-de-cables-drillsky\/","url":"https:\/\/allamemakina.com\/es\/producto\/maquina-de-soplado-de-cables-drillsky\/","name":"M\u00e1quina de Soplado de Cables DrillSKY","isPartOf":{"@id":"https:\/\/allamemakina.com\/#website"},"primaryImageOfPage":{"@id":"https:\/\/allamemakina.com\/es\/producto\/maquina-de-soplado-de-cables-drillsky\/#primaryimage"},"image":{"@id":"https:\/\/allamemakina.com\/es\/producto\/maquina-de-soplado-de-cables-drillsky\/#primaryimage"},"thumbnailUrl":"https:\/\/allamemakina.com\/wp-content\/uploads\/2017\/06\/Cable-Blowing-Machine-DrillSky-Details-5.webp","datePublished":"2017-06-14T08:24:57+00:00","dateModified":"2025-12-10T10:44:37+00:00","description":"El DrillSKY es una m\u00e1quina compacta, pr\u00e1ctica y eficiente dise\u00f1ada para soplar microcables dentro de miniductos.","breadcrumb":{"@id":"https:\/\/allamemakina.com\/es\/producto\/maquina-de-soplado-de-cables-drillsky\/#breadcrumb"},"inLanguage":"es","potentialAction":[{"@type":"ReadAction","target":["https:\/\/allamemakina.com\/es\/producto\/maquina-de-soplado-de-cables-drillsky\/"]}]},{"@type":"ImageObject","inLanguage":"es","@id":"https:\/\/allamemakina.com\/es\/producto\/maquina-de-soplado-de-cables-drillsky\/#primaryimage","url":"https:\/\/allamemakina.com\/wp-content\/uploads\/2017\/06\/Cable-Blowing-Machine-DrillSky-Details-5.webp","contentUrl":"https:\/\/allamemakina.com\/wp-content\/uploads\/2017\/06\/Cable-Blowing-Machine-DrillSky-Details-5.webp","width":700,"height":800,"caption":"Cable Blowing Machine DrillSky Details"},{"@type":"BreadcrumbList","@id":"https:\/\/allamemakina.com\/es\/producto\/maquina-de-soplado-de-cables-drillsky\/#breadcrumb","itemListElement":[{"@type":"ListItem","position":1,"name":"Home","item":"https:\/\/allamemakina.com\/es\/home-base\/"},{"@type":"ListItem","position":2,"name":"Shop","item":"https:\/\/allamemakina.com\/shop\/"},{"@type":"ListItem","position":3,"name":"M\u00e1quina de Soplado de Cables DrillSKY"}]},{"@type":"WebSite","@id":"https:\/\/allamemakina.com\/#website","url":"https:\/\/allamemakina.com\/","name":"ALLAME MAKINA LTD. | Machine Manufacturing","description":"Industrial Machine Manufacturer","publisher":{"@id":"https:\/\/allamemakina.com\/#organization"},"alternateName":"ALLAME MACHINE","potentialAction":[{"@type":"SearchAction","target":{"@type":"EntryPoint","urlTemplate":"https:\/\/allamemakina.com\/?s={search_term_string}"},"query-input":{"@type":"PropertyValueSpecification","valueRequired":true,"valueName":"search_term_string"}}],"inLanguage":"es"},{"@type":"Organization","@id":"https:\/\/allamemakina.com\/#organization","name":"ALLAME MAKINA LTD. | Machine Manufacturing","alternateName":"Cable Laying Machines & Accessories","url":"https:\/\/allamemakina.com\/","logo":{"@type":"ImageObject","inLanguage":"es","@id":"https:\/\/allamemakina.com\/#\/schema\/logo\/image\/","url":"https:\/\/allamemakina.com\/wp-content\/uploads\/2025\/10\/allame-company-logo.webp","contentUrl":"https:\/\/allamemakina.com\/wp-content\/uploads\/2025\/10\/allame-company-logo.webp","width":805,"height":293,"caption":"ALLAME MAKINA LTD. | Machine Manufacturing"},"image":{"@id":"https:\/\/allamemakina.com\/#\/schema\/logo\/image\/"},"sameAs":["https:\/\/www.facebook.com\/skyfibertech\/","https:\/\/x.com\/SkyFiberTech1","https:\/\/www.instagram.com\/allamemakina","https:\/\/www.youtube.com\/@skyfibertech\/videos","https:\/\/www.linkedin.com\/company\/cable-blowing-machines\/"],"ownershipFundingInfo":"https:\/\/allamemakina.com\/our-factory\/"}]},"product_brand":"Skyfibertech","og_availability":"instock","product_availability":"instock","product_condition":"new"},"_links":{"self":[{"href":"https:\/\/allamemakina.com\/es\/wp-json\/wp\/v2\/product\/11718","targetHints":{"allow":["GET"]}}],"collection":[{"href":"https:\/\/allamemakina.com\/es\/wp-json\/wp\/v2\/product"}],"about":[{"href":"https:\/\/allamemakina.com\/es\/wp-json\/wp\/v2\/types\/product"}],"replies":[{"embeddable":true,"href":"https:\/\/allamemakina.com\/es\/wp-json\/wp\/v2\/comments?post=11718"}],"wp:featuredmedia":[{"embeddable":true,"href":"https:\/\/allamemakina.com\/es\/wp-json\/wp\/v2\/media\/11720"}],"wp:attachment":[{"href":"https:\/\/allamemakina.com\/es\/wp-json\/wp\/v2\/media?parent=11718"}],"wp:term":[{"taxonomy":"product_brand","embeddable":true,"href":"https:\/\/allamemakina.com\/es\/wp-json\/wp\/v2\/product_brand?post=11718"},{"taxonomy":"product_cat","embeddable":true,"href":"https:\/\/allamemakina.com\/es\/wp-json\/wp\/v2\/product_cat?post=11718"},{"taxonomy":"product_tag","embeddable":true,"href":"https:\/\/allamemakina.com\/es\/wp-json\/wp\/v2\/product_tag?post=11718"}],"curies":[{"name":"wp","href":"https:\/\/api.w.org\/{rel}","templated":true}]}}