{"id":11962,"date":"2025-11-04T08:41:24","date_gmt":"2025-11-04T08:41:24","guid":{"rendered":"https:\/\/allamemakina.com\/product\/pipe-drum-transport-trailers\/"},"modified":"2025-12-18T09:00:17","modified_gmt":"2025-12-18T09:00:17","slug":"remolques-para-el-transporte-de-bobinas-de-tuberia","status":"publish","type":"product","link":"https:\/\/allamemakina.com\/es\/producto\/remolques-para-el-transporte-de-bobinas-de-tuberia\/","title":{"rendered":"Remolques para el Transporte de Bobinas de Tuber\u00eda"},"content":{"rendered":"<div class=\"wpb-content-wrapper\"><p>[vc_row][vc_column css=\u00bb.vc_custom_1493038156710{margin-bottom: -15px !important;}\u00bb]\n\t\t<div id=\"wd-6943c21a1cc38\" class=\"title-wrapper wd-wpb wd-set-mb reset-last-child  wd-rs-6943c21a1cc38 wd-title-color-default wd-title-style-default text-left  wd-underline-colored\">\n\t\t\t\n\t\t\t<div class=\"liner-continer\">\n\t\t\t\t<h4 class=\"woodmart-title-container title  wd-font-weight- wd-fontsize-xl\" >Remolques para el Transporte de Bobinas de Tuber\u00eda<\/h4>\n\t\t\t\t\t\t\t<\/div>\n\t\t\t\n\t\t\t\n\t\t\t\n\t\t<\/div>\n\t\t\n\t\t[\/vc_column][\/vc_row][vc_row][vc_column css=\u00bb.vc_custom_1493038156710{margin-bottom: -15px !important;}\u00bb]\t\t<div id=\"wd-6943c28623d8e\" class=\"wd-text-block wd-wpb reset-last-child wd-rs-6943c28623d8e text-left \">\n\t\t\t<p>El Pipe Drum Transport Trailer est\u00e1 dise\u00f1ado para transportar de forma segura bobinas de tuber\u00eda y tambores de cable. Cuenta con un resistente chasis de acero que soporta cargas pesadas y mantiene la bobina estable durante el transporte. Este remolque es ideal para trabajos en l\u00edneas el\u00e9ctricas, proyectos de fibra \u00f3ptica y colocaci\u00f3n de tuber\u00edas en obra.<\/p>\n<p>La carga y descarga de las tuber\u00edas es sencilla gracias a los gatos de elevaci\u00f3n integrados. Adem\u00e1s, el remolque incorpora un sistema de freno por inercia (overrun) que garantiza una detenci\u00f3n segura. Sus neum\u00e1ticos anchos y de alta resistencia permiten un desplazamiento estable incluso en terrenos irregulares y superficies dif\u00edciles.<\/p>\n<p>Este modelo es f\u00e1cil de usar, sencillo de remolcar y est\u00e1 construido para una larga vida \u00fatil. Si necesitas una soluci\u00f3n segura y estable para mover bobinas de tuber\u00eda o tambores de forma diaria en el campo, este remolque es una opci\u00f3n s\u00f3lida y fiable.<\/p>\n<p>Cont\u00e1ctanos para m\u00e1s informaci\u00f3n.<\/p>\n\t\t<\/div>\n\t\t[\/vc_column][\/vc_row][vc_row][vc_column css=\u00bb.vc_custom_1493038156710{margin-bottom: -15px !important;}\u00bb][vc_empty_space woodmart_hide_large=\u00bb0&#8243; woodmart_hide_medium=\u00bb0&#8243; woodmart_hide_small=\u00bb0&#8243;]\n\t\t<div id=\"wd-6943c2698d24b\" class=\"title-wrapper wd-wpb wd-set-mb reset-last-child  wd-rs-6943c2698d24b wd-title-color-default wd-title-style-default text-left  wd-underline-colored\">\n\t\t\t\n\t\t\t<div class=\"liner-continer\">\n\t\t\t\t<h4 class=\"woodmart-title-container title  wd-font-weight- wd-fontsize-xl\" >Especificaciones t\u00e9cnicas<\/h4>\n\t\t\t\t\t\t\t<\/div>\n\t\t\t\n\t\t\t\n\t\t\t\n\t\t<\/div>\n\t\t\n\t\t[\/vc_column][\/vc_row][vc_row content_placement=\u00bbtop\u00bb][vc_column width=\u00bb1\/2&#8243; offset=\u00bbvc_col-md-6&#8243;]\t\t<div id=\"wd-6909bd6066a4e\" class=\"wd-text-block wd-wpb reset-last-child wd-rs-6909bd6066a4e text-left \">\n\t\t\t<table>\n<tbody>\n<tr>\n<td><strong>Length<\/strong><\/td>\n<td>2500 mm<\/td>\n<\/tr>\n<tr>\n<td><strong>Width<\/strong><\/td>\n<td>2200 mm<\/td>\n<\/tr>\n<tr>\n<td><strong>Height<\/strong><\/td>\n<td>2000 mm<\/td>\n<\/tr>\n<tr>\n<td><strong>Empty Weight<\/strong><\/td>\n<td>500 kg<\/td>\n<\/tr>\n<tr>\n<td><strong>Payload<\/strong><\/td>\n<td>1000 kg<\/td>\n<\/tr>\n<tr>\n<td><strong>Total Weight<\/strong><\/td>\n<td>1500 kg<\/td>\n<\/tr>\n<tr>\n<td><strong>Brake System<\/strong><\/td>\n<td>Overrun<\/td>\n<\/tr>\n<tr>\n<td><strong>Max Drum Diameter<\/strong><\/td>\n<td>2500 mm<\/td>\n<\/tr>\n<tr>\n<td><strong>Clear Loading Width<\/strong><\/td>\n<td>1500 mm<\/td>\n<\/tr>\n<tr>\n<td><strong>Tire Size<\/strong><\/td>\n<td>750 \u00d7 16<\/td>\n<\/tr>\n<\/tbody>\n<\/table>\n\t\t<\/div>\n\t\t[\/vc_column][vc_column width=\u00bb1\/2&#8243; offset=\u00bbvc_col-md-6&#8243;]\t\t<div id=\"wd-68e4f130097ce\" class=\"wd-image wd-wpb wd-rs-68e4f130097ce text-left \">\n\t\t\t\n\t\t\t<img loading=\"lazy\" decoding=\"async\" width=\"1170\" height=\"1130\" src=\"https:\/\/allamemakina.com\/wp-content\/uploads\/2017\/06\/Full-Hydraulic-Cable-Drum-Trailer-Details-4.webp\" class=\"attachment-full size-full\" alt=\"Full Hydraulic Cable Drum Trailer Details\" srcset=\"https:\/\/allamemakina.com\/wp-content\/uploads\/2017\/06\/Full-Hydraulic-Cable-Drum-Trailer-Details-4.webp 1170w, https:\/\/allamemakina.com\/wp-content\/uploads\/2017\/06\/Full-Hydraulic-Cable-Drum-Trailer-Details-4-311x300.webp 311w, https:\/\/allamemakina.com\/wp-content\/uploads\/2017\/06\/Full-Hydraulic-Cable-Drum-Trailer-Details-4-828x800.webp 828w, https:\/\/allamemakina.com\/wp-content\/uploads\/2017\/06\/Full-Hydraulic-Cable-Drum-Trailer-Details-4-768x742.webp 768w, https:\/\/allamemakina.com\/wp-content\/uploads\/2017\/06\/Full-Hydraulic-Cable-Drum-Trailer-Details-4-430x415.webp 430w, https:\/\/allamemakina.com\/wp-content\/uploads\/2017\/06\/Full-Hydraulic-Cable-Drum-Trailer-Details-4-700x676.webp 700w, https:\/\/allamemakina.com\/wp-content\/uploads\/2017\/06\/Full-Hydraulic-Cable-Drum-Trailer-Details-4-150x145.webp 150w\" sizes=\"auto, (max-width: 1170px) 100vw, 1170px\" \/>\n\t\t\t\t\t<\/div>\n\t\t[\/vc_column][\/vc_row][vc_row woodmart_css_id=\u00bb6915bc1ba0f6d\u00bb responsive_spacing=\u00bbeyJwYXJhbV90eXBlIjoid29vZG1hcnRfcmVzcG9uc2l2ZV9zcGFjaW5nIiwic2VsZWN0b3JfaWQiOiI2OTE1YmMxYmEwZjZkIiwic2hvcnRjb2RlIjoidmNfcm93IiwiZGF0YSI6eyJ0YWJsZXQiOnt9LCJtb2JpbGUiOnt9fX0=\u00bb mobile_bg_img_hidden=\u00bbno\u00bb tablet_bg_img_hidden=\u00bbno\u00bb woodmart_parallax=\u00bb0&#8243; woodmart_gradient_switch=\u00bbno\u00bb woodmart_box_shadow=\u00bbno\u00bb wd_z_index=\u00bbno\u00bb woodmart_disable_overflow=\u00bb0&#8243; row_reverse_mobile=\u00bb0&#8243; row_reverse_tablet=\u00bb0&#8243;][vc_column][vc_single_image image=\u00bb11975&#8243; img_size=\u00bbfull\u00bb style=\u00bbvc_box_outline\u00bb onclick=\u00bbcustom_link\u00bb img_link_target=\u00bb_blank\u00bb css=\u00bb\u00bb parallax_scroll=\u00bbno\u00bb woodmart_inline=\u00bbno\u00bb link=\u00bbhttps:\/\/cabledrumtrailer.com\u00bb][\/vc_column][\/vc_row]<\/p>\n<\/div>","protected":false},"excerpt":{"rendered":"<p>El Pipe Drum Transport Trailer est\u00e1 dise\u00f1ado para transportar de forma segura bobinas de tuber\u00eda y tambores de cable. Cuenta con un resistente chasis de acero que soporta cargas pesadas y mantiene la bobina estable durante el transporte. Este remolque es ideal para trabajos en l\u00edneas el\u00e9ctricas, proyectos de fibra \u00f3ptica y colocaci\u00f3n de tuber\u00edas en obra.<\/p>\n<p><a href=\"https:\/\/cablepullingmachines.com\/Cable-Pulling-Machines-Cable-Drum-Trailers-All-Products-catalog.pdf\" target=\"_blank\" rel=\"noopener noreferrer\"><br \/>\n<img loading=\"lazy\" decoding=\"async\" class=\"alignnone wp-image-11158 size-full\" src=\"https:\/\/allamemakina.com\/wp-content\/uploads\/2025\/10\/download-allame-catalogs-2.jpg\" alt=\"\" width=\"300\" height=\"90\" srcset=\"https:\/\/allamemakina.com\/wp-content\/uploads\/2025\/10\/download-allame-catalogs-2.jpg 300w, https:\/\/allamemakina.com\/wp-content\/uploads\/2025\/10\/download-allame-catalogs-2-150x45.jpg 150w\" sizes=\"auto, (max-width: 300px) 100vw, 300px\" \/><br \/>\n<\/a><\/p>\n","protected":false},"featured_media":11963,"comment_status":"open","ping_status":"closed","template":"","meta":{"_joinchat":[]},"product_brand":[50],"product_cat":[132],"product_tag":[],"class_list":{"0":"post-11962","1":"product","2":"type-product","3":"status-publish","4":"has-post-thumbnail","6":"product_brand-cp","7":"product_cat-cable-drum-trailers","9":"first","10":"instock","11":"shipping-taxable","12":"product-type-grouped"},"yoast_head":"<!-- This site is optimized with the Yoast SEO Premium plugin v27.4 (Yoast SEO v27.4) - https:\/\/yoast.com\/product\/yoast-seo-premium-wordpress\/ -->\n<title>Remolques para el Transporte de Bobinas de Tuber\u00eda<\/title>\n<meta name=\"description\" content=\"El Pipe Drum Transport Trailer est\u00e1 dise\u00f1ado para transportar de forma segura bobinas de tuber\u00eda y tambores de cable.\" \/>\n<meta name=\"robots\" content=\"index, follow, max-snippet:-1, max-image-preview:large, max-video-preview:-1\" \/>\n<link rel=\"canonical\" href=\"https:\/\/allamemakina.com\/es\/producto\/remolques-para-el-transporte-de-bobinas-de-tuberia\/\" \/>\n<meta property=\"og:locale\" content=\"es_ES\" \/>\n<meta property=\"og:type\" content=\"article\" \/>\n<meta property=\"og:title\" content=\"Remolques para el Transporte de Bobinas de Tuber\u00eda\" \/>\n<meta property=\"og:description\" content=\"El Pipe Drum Transport Trailer est\u00e1 dise\u00f1ado para transportar de forma segura bobinas de tuber\u00eda y tambores de cable.\" \/>\n<meta property=\"og:url\" content=\"https:\/\/allamemakina.com\/es\/producto\/remolques-para-el-transporte-de-bobinas-de-tuberia\/\" \/>\n<meta property=\"og:site_name\" content=\"ALLAME MAKINA LTD. | Machine Manufacturing\" \/>\n<meta property=\"article:publisher\" content=\"https:\/\/www.facebook.com\/skyfibertech\/\" \/>\n<meta property=\"article:modified_time\" content=\"2025-12-18T09:00:17+00:00\" \/>\n<meta property=\"og:image\" content=\"https:\/\/allamemakina.com\/wp-content\/uploads\/2025\/11\/Pipe-Drum-Transport-Trailer-Details-1.webp\" \/>\n\t<meta property=\"og:image:width\" content=\"700\" \/>\n\t<meta property=\"og:image:height\" content=\"800\" \/>\n\t<meta property=\"og:image:type\" content=\"image\/webp\" \/>\n<meta name=\"twitter:card\" content=\"summary_large_image\" \/>\n<meta name=\"twitter:site\" content=\"@SkyFiberTech1\" \/>\n<meta name=\"twitter:label1\" content=\"Disponibilidad\" \/>\n\t<meta name=\"twitter:data1\" content=\"Disponible\" \/>\n<script type=\"application\/ld+json\" class=\"yoast-schema-graph\">{\"@context\":\"https:\\\/\\\/schema.org\",\"@graph\":[{\"@type\":\"WebPage\",\"@id\":\"https:\\\/\\\/allamemakina.com\\\/es\\\/producto\\\/remolques-para-el-transporte-de-bobinas-de-tuberia\\\/\",\"url\":\"https:\\\/\\\/allamemakina.com\\\/es\\\/producto\\\/remolques-para-el-transporte-de-bobinas-de-tuberia\\\/\",\"name\":\"Remolques para el Transporte de Bobinas de Tuber\u00eda\",\"isPartOf\":{\"@id\":\"https:\\\/\\\/allamemakina.com\\\/#website\"},\"primaryImageOfPage\":{\"@id\":\"https:\\\/\\\/allamemakina.com\\\/es\\\/producto\\\/remolques-para-el-transporte-de-bobinas-de-tuberia\\\/#primaryimage\"},\"image\":{\"@id\":\"https:\\\/\\\/allamemakina.com\\\/es\\\/producto\\\/remolques-para-el-transporte-de-bobinas-de-tuberia\\\/#primaryimage\"},\"thumbnailUrl\":\"https:\\\/\\\/allamemakina.com\\\/wp-content\\\/uploads\\\/2025\\\/11\\\/Pipe-Drum-Transport-Trailer-Details-1.webp\",\"datePublished\":\"2025-11-04T08:41:24+00:00\",\"dateModified\":\"2025-12-18T09:00:17+00:00\",\"description\":\"El Pipe Drum Transport Trailer est\u00e1 dise\u00f1ado para transportar de forma segura bobinas de tuber\u00eda y tambores de cable.\",\"breadcrumb\":{\"@id\":\"https:\\\/\\\/allamemakina.com\\\/es\\\/producto\\\/remolques-para-el-transporte-de-bobinas-de-tuberia\\\/#breadcrumb\"},\"inLanguage\":\"es\",\"potentialAction\":[{\"@type\":\"ReadAction\",\"target\":[\"https:\\\/\\\/allamemakina.com\\\/es\\\/producto\\\/remolques-para-el-transporte-de-bobinas-de-tuberia\\\/\"]}]},{\"@type\":\"ImageObject\",\"inLanguage\":\"es\",\"@id\":\"https:\\\/\\\/allamemakina.com\\\/es\\\/producto\\\/remolques-para-el-transporte-de-bobinas-de-tuberia\\\/#primaryimage\",\"url\":\"https:\\\/\\\/allamemakina.com\\\/wp-content\\\/uploads\\\/2025\\\/11\\\/Pipe-Drum-Transport-Trailer-Details-1.webp\",\"contentUrl\":\"https:\\\/\\\/allamemakina.com\\\/wp-content\\\/uploads\\\/2025\\\/11\\\/Pipe-Drum-Transport-Trailer-Details-1.webp\",\"width\":700,\"height\":800,\"caption\":\"Pipe Drum Transport Trailer Details\"},{\"@type\":\"BreadcrumbList\",\"@id\":\"https:\\\/\\\/allamemakina.com\\\/es\\\/producto\\\/remolques-para-el-transporte-de-bobinas-de-tuberia\\\/#breadcrumb\",\"itemListElement\":[{\"@type\":\"ListItem\",\"position\":1,\"name\":\"Home\",\"item\":\"https:\\\/\\\/allamemakina.com\\\/es\\\/home-base\\\/\"},{\"@type\":\"ListItem\",\"position\":2,\"name\":\"Shop\",\"item\":\"https:\\\/\\\/allamemakina.com\\\/shop\\\/\"},{\"@type\":\"ListItem\",\"position\":3,\"name\":\"Remolques para el Transporte de Bobinas de Tuber\u00eda\"}]},{\"@type\":\"WebSite\",\"@id\":\"https:\\\/\\\/allamemakina.com\\\/#website\",\"url\":\"https:\\\/\\\/allamemakina.com\\\/\",\"name\":\"ALLAME MAKINA LTD. | Machine Manufacturing\",\"description\":\"Industrial Machine Manufacturer\",\"publisher\":{\"@id\":\"https:\\\/\\\/allamemakina.com\\\/#organization\"},\"alternateName\":\"ALLAME MACHINE\",\"potentialAction\":[{\"@type\":\"SearchAction\",\"target\":{\"@type\":\"EntryPoint\",\"urlTemplate\":\"https:\\\/\\\/allamemakina.com\\\/?s={search_term_string}\"},\"query-input\":{\"@type\":\"PropertyValueSpecification\",\"valueRequired\":true,\"valueName\":\"search_term_string\"}}],\"inLanguage\":\"es\"},{\"@type\":\"Organization\",\"@id\":\"https:\\\/\\\/allamemakina.com\\\/#organization\",\"name\":\"ALLAME MAKINA LTD. | Machine Manufacturing\",\"alternateName\":\"Cable Laying Machines & Accessories\",\"url\":\"https:\\\/\\\/allamemakina.com\\\/\",\"logo\":{\"@type\":\"ImageObject\",\"inLanguage\":\"es\",\"@id\":\"https:\\\/\\\/allamemakina.com\\\/#\\\/schema\\\/logo\\\/image\\\/\",\"url\":\"https:\\\/\\\/allamemakina.com\\\/wp-content\\\/uploads\\\/2025\\\/10\\\/allame-company-logo.webp\",\"contentUrl\":\"https:\\\/\\\/allamemakina.com\\\/wp-content\\\/uploads\\\/2025\\\/10\\\/allame-company-logo.webp\",\"width\":805,\"height\":293,\"caption\":\"ALLAME MAKINA LTD. | Machine Manufacturing\"},\"image\":{\"@id\":\"https:\\\/\\\/allamemakina.com\\\/#\\\/schema\\\/logo\\\/image\\\/\"},\"sameAs\":[\"https:\\\/\\\/www.facebook.com\\\/skyfibertech\\\/\",\"https:\\\/\\\/x.com\\\/SkyFiberTech1\",\"https:\\\/\\\/www.instagram.com\\\/allamemakina\",\"https:\\\/\\\/www.youtube.com\\\/@skyfibertech\\\/videos\",\"https:\\\/\\\/www.linkedin.com\\\/company\\\/cable-blowing-machines\\\/\"],\"ownershipFundingInfo\":\"https:\\\/\\\/allamemakina.com\\\/our-factory\\\/\"}]}<\/script>\n<meta property=\"product:brand\" content=\"Cable Pulling Machines\" \/>\n<meta property=\"og:availability\" content=\"instock\" \/>\n<meta property=\"product:availability\" content=\"instock\" \/>\n<meta property=\"product:condition\" content=\"new\" \/>\n<!-- \/ Yoast SEO Premium plugin. -->","yoast_head_json":{"title":"Remolques para el Transporte de Bobinas de Tuber\u00eda","description":"El Pipe Drum Transport Trailer est\u00e1 dise\u00f1ado para transportar de forma segura bobinas de tuber\u00eda y tambores de cable.","robots":{"index":"index","follow":"follow","max-snippet":"max-snippet:-1","max-image-preview":"max-image-preview:large","max-video-preview":"max-video-preview:-1"},"canonical":"https:\/\/allamemakina.com\/es\/producto\/remolques-para-el-transporte-de-bobinas-de-tuberia\/","og_locale":"es_ES","og_type":"article","og_title":"Remolques para el Transporte de Bobinas de Tuber\u00eda","og_description":"El Pipe Drum Transport Trailer est\u00e1 dise\u00f1ado para transportar de forma segura bobinas de tuber\u00eda y tambores de cable.","og_url":"https:\/\/allamemakina.com\/es\/producto\/remolques-para-el-transporte-de-bobinas-de-tuberia\/","og_site_name":"ALLAME MAKINA LTD. | Machine Manufacturing","article_publisher":"https:\/\/www.facebook.com\/skyfibertech\/","article_modified_time":"2025-12-18T09:00:17+00:00","og_image":[{"width":700,"height":800,"url":"https:\/\/allamemakina.com\/wp-content\/uploads\/2025\/11\/Pipe-Drum-Transport-Trailer-Details-1.webp","type":"image\/webp"}],"twitter_card":"summary_large_image","twitter_site":"@SkyFiberTech1","twitter_misc":{"Disponibilidad":"Disponible"},"schema":{"@context":"https:\/\/schema.org","@graph":[{"@type":"WebPage","@id":"https:\/\/allamemakina.com\/es\/producto\/remolques-para-el-transporte-de-bobinas-de-tuberia\/","url":"https:\/\/allamemakina.com\/es\/producto\/remolques-para-el-transporte-de-bobinas-de-tuberia\/","name":"Remolques para el Transporte de Bobinas de Tuber\u00eda","isPartOf":{"@id":"https:\/\/allamemakina.com\/#website"},"primaryImageOfPage":{"@id":"https:\/\/allamemakina.com\/es\/producto\/remolques-para-el-transporte-de-bobinas-de-tuberia\/#primaryimage"},"image":{"@id":"https:\/\/allamemakina.com\/es\/producto\/remolques-para-el-transporte-de-bobinas-de-tuberia\/#primaryimage"},"thumbnailUrl":"https:\/\/allamemakina.com\/wp-content\/uploads\/2025\/11\/Pipe-Drum-Transport-Trailer-Details-1.webp","datePublished":"2025-11-04T08:41:24+00:00","dateModified":"2025-12-18T09:00:17+00:00","description":"El Pipe Drum Transport Trailer est\u00e1 dise\u00f1ado para transportar de forma segura bobinas de tuber\u00eda y tambores de cable.","breadcrumb":{"@id":"https:\/\/allamemakina.com\/es\/producto\/remolques-para-el-transporte-de-bobinas-de-tuberia\/#breadcrumb"},"inLanguage":"es","potentialAction":[{"@type":"ReadAction","target":["https:\/\/allamemakina.com\/es\/producto\/remolques-para-el-transporte-de-bobinas-de-tuberia\/"]}]},{"@type":"ImageObject","inLanguage":"es","@id":"https:\/\/allamemakina.com\/es\/producto\/remolques-para-el-transporte-de-bobinas-de-tuberia\/#primaryimage","url":"https:\/\/allamemakina.com\/wp-content\/uploads\/2025\/11\/Pipe-Drum-Transport-Trailer-Details-1.webp","contentUrl":"https:\/\/allamemakina.com\/wp-content\/uploads\/2025\/11\/Pipe-Drum-Transport-Trailer-Details-1.webp","width":700,"height":800,"caption":"Pipe Drum Transport Trailer Details"},{"@type":"BreadcrumbList","@id":"https:\/\/allamemakina.com\/es\/producto\/remolques-para-el-transporte-de-bobinas-de-tuberia\/#breadcrumb","itemListElement":[{"@type":"ListItem","position":1,"name":"Home","item":"https:\/\/allamemakina.com\/es\/home-base\/"},{"@type":"ListItem","position":2,"name":"Shop","item":"https:\/\/allamemakina.com\/shop\/"},{"@type":"ListItem","position":3,"name":"Remolques para el Transporte de Bobinas de Tuber\u00eda"}]},{"@type":"WebSite","@id":"https:\/\/allamemakina.com\/#website","url":"https:\/\/allamemakina.com\/","name":"ALLAME MAKINA LTD. | Machine Manufacturing","description":"Industrial Machine Manufacturer","publisher":{"@id":"https:\/\/allamemakina.com\/#organization"},"alternateName":"ALLAME MACHINE","potentialAction":[{"@type":"SearchAction","target":{"@type":"EntryPoint","urlTemplate":"https:\/\/allamemakina.com\/?s={search_term_string}"},"query-input":{"@type":"PropertyValueSpecification","valueRequired":true,"valueName":"search_term_string"}}],"inLanguage":"es"},{"@type":"Organization","@id":"https:\/\/allamemakina.com\/#organization","name":"ALLAME MAKINA LTD. | Machine Manufacturing","alternateName":"Cable Laying Machines & Accessories","url":"https:\/\/allamemakina.com\/","logo":{"@type":"ImageObject","inLanguage":"es","@id":"https:\/\/allamemakina.com\/#\/schema\/logo\/image\/","url":"https:\/\/allamemakina.com\/wp-content\/uploads\/2025\/10\/allame-company-logo.webp","contentUrl":"https:\/\/allamemakina.com\/wp-content\/uploads\/2025\/10\/allame-company-logo.webp","width":805,"height":293,"caption":"ALLAME MAKINA LTD. | Machine Manufacturing"},"image":{"@id":"https:\/\/allamemakina.com\/#\/schema\/logo\/image\/"},"sameAs":["https:\/\/www.facebook.com\/skyfibertech\/","https:\/\/x.com\/SkyFiberTech1","https:\/\/www.instagram.com\/allamemakina","https:\/\/www.youtube.com\/@skyfibertech\/videos","https:\/\/www.linkedin.com\/company\/cable-blowing-machines\/"],"ownershipFundingInfo":"https:\/\/allamemakina.com\/our-factory\/"}]},"product_brand":"Cable Pulling Machines","og_availability":"instock","product_availability":"instock","product_condition":"new"},"_links":{"self":[{"href":"https:\/\/allamemakina.com\/es\/wp-json\/wp\/v2\/product\/11962","targetHints":{"allow":["GET"]}}],"collection":[{"href":"https:\/\/allamemakina.com\/es\/wp-json\/wp\/v2\/product"}],"about":[{"href":"https:\/\/allamemakina.com\/es\/wp-json\/wp\/v2\/types\/product"}],"replies":[{"embeddable":true,"href":"https:\/\/allamemakina.com\/es\/wp-json\/wp\/v2\/comments?post=11962"}],"wp:featuredmedia":[{"embeddable":true,"href":"https:\/\/allamemakina.com\/es\/wp-json\/wp\/v2\/media\/11963"}],"wp:attachment":[{"href":"https:\/\/allamemakina.com\/es\/wp-json\/wp\/v2\/media?parent=11962"}],"wp:term":[{"taxonomy":"product_brand","embeddable":true,"href":"https:\/\/allamemakina.com\/es\/wp-json\/wp\/v2\/product_brand?post=11962"},{"taxonomy":"product_cat","embeddable":true,"href":"https:\/\/allamemakina.com\/es\/wp-json\/wp\/v2\/product_cat?post=11962"},{"taxonomy":"product_tag","embeddable":true,"href":"https:\/\/allamemakina.com\/es\/wp-json\/wp\/v2\/product_tag?post=11962"}],"curies":[{"name":"wp","href":"https:\/\/api.w.org\/{rel}","templated":true}]}}