{"id":12350,"date":"2025-10-22T08:13:31","date_gmt":"2025-10-22T08:13:31","guid":{"rendered":"https:\/\/allamemakina.com\/product\/alm-190-thrust-boring-machine\/"},"modified":"2026-02-26T10:12:54","modified_gmt":"2026-02-26T10:12:54","slug":"maquina-de-perforacion-por-empuje-alm-190","status":"publish","type":"product","link":"https:\/\/allamemakina.com\/es\/producto\/maquina-de-perforacion-por-empuje-alm-190\/","title":{"rendered":"M\u00e1quina de Perforaci\u00f3n por Empuje ALM 190"},"content":{"rendered":"<div class=\"wpb-content-wrapper\"><p>[vc_row][vc_column css=\u00bb.vc_custom_1493038156710{margin-bottom: -15px !important;}\u00bb]\n\t\t<div id=\"wd-69a01c0feaa34\" class=\"title-wrapper wd-wpb wd-set-mb reset-last-child  wd-rs-69a01c0feaa34 wd-title-color-default wd-title-style-default text-left  wd-underline-colored\">\n\t\t\t\n\t\t\t<div class=\"liner-continer\">\n\t\t\t\t<h4 class=\"woodmart-title-container title  wd-font-weight- wd-fontsize-xl\" >M\u00e1quina de Perforaci\u00f3n por Empuje ALM 190<\/h4>\n\t\t\t\t\t\t\t<\/div>\n\t\t\t\n\t\t\t\n\t\t\t\n\t\t<\/div>\n\t\t\n\t\t[\/vc_column][\/vc_row][vc_row][vc_column css=\u00bb.vc_custom_1493038156710{margin-bottom: -15px !important;}\u00bb]\t\t<div id=\"wd-69a01c25b165e\" class=\"wd-text-block wd-wpb reset-last-child wd-rs-69a01c25b165e text-left \">\n\t\t\t<p>Dise\u00f1ada para perforaciones subterr\u00e1neas grandes y profundas, la ALM 190 ofrece potencia y precisi\u00f3n en trabajos exigentes. Con un di\u00e1metro de 190 mm y una longitud de 1857 mm, garantiza un rendimiento uniforme incluso en perforaciones profundas y de gran di\u00e1metro. Es una excelente opci\u00f3n sin zanja cuando se requiere fuerza y exactitud.<\/p>\n<p><strong>Con un peso de 187 kg, la ALM 190 combina perfectamente potencia y estabilidad. Su estructura robusta permite un uso eficiente incluso en suelos duros y compactos. La presi\u00f3n m\u00e1xima de aire es de 6 bar, lo que asegura una fuerza constante durante todo el proceso de perforaci\u00f3n.<\/strong><\/p>\n<p>Su sistema neum\u00e1tico est\u00e1 dise\u00f1ado para trabajar con un alto flujo de aire. Requiere 98 PSI y 282 CFM, aproximadamente 8 m\u00b3 por minuto, capacidad suficiente para avanzar en terrenos exigentes sin p\u00e9rdida de energ\u00eda. Estas caracter\u00edsticas convierten a la ALM 190 en una herramienta confiable para trabajos de hincado exigentes.<\/p>\n<p><strong>Fabricada con materiales de alta calidad y un dise\u00f1o resistente, la ALM 190 es otro ejemplo del compromiso de Allame Makina con equipos duraderos, eficientes e innovadores dentro de la tecnolog\u00eda sin zanja. Ya sea para instalar una l\u00ednea de agua o gas, o para tender l\u00edneas de comunicaci\u00f3n, esta m\u00e1quina facilita el trabajo de manera notable.<\/strong><\/p>\n\t\t<\/div>\n\t\t[\/vc_column][\/vc_row][vc_row][vc_column css=\u00bb.vc_custom_1493038156710{margin-bottom: -15px !important;}\u00bb][vc_empty_space woodmart_hide_large=\u00bb0&#8243; woodmart_hide_medium=\u00bb0&#8243; woodmart_hide_small=\u00bb0&#8243;]\n\t\t<div id=\"wd-69a01c5b193c4\" class=\"title-wrapper wd-wpb wd-set-mb reset-last-child  wd-rs-69a01c5b193c4 wd-title-color-default wd-title-style-default text-left  wd-underline-colored\">\n\t\t\t\n\t\t\t<div class=\"liner-continer\">\n\t\t\t\t<h4 class=\"woodmart-title-container title  wd-font-weight- wd-fontsize-xl\" >Especificaciones T\u00e9cnicas<\/h4>\n\t\t\t\t\t\t\t<\/div>\n\t\t\t\n\t\t\t\n\t\t\t\n\t\t<\/div>\n\t\t\n\t\t[\/vc_column][\/vc_row][vc_row][vc_column]\t\t<div id=\"wd-69a01c714c24f\" class=\"wd-text-block wd-wpb reset-last-child wd-rs-69a01c714c24f text-left \">\n\t\t\t<table class=\"tech-spec-table\">\n<thead>\n<tr>\n<th colspan=\"2\">ALM 190 M\u00e1quina de Perforaci\u00f3n por Empuje \u2013 Especificaciones T\u00e9cnicas<\/th>\n<\/tr>\n<\/thead>\n<tbody>\n<tr>\n<td>Di\u00e1metro Exterior<\/td>\n<td>190 mm (7.48 pulgadas)<\/td>\n<\/tr>\n<tr>\n<td>Longitud<\/td>\n<td>1857 mm (73.2 pulgadas)<\/td>\n<\/tr>\n<tr>\n<td>Peso<\/td>\n<td>240 kg (528 lbs)<\/td>\n<\/tr>\n<tr>\n<td>Presi\u00f3n M\u00e1xima de Aire<\/td>\n<td>6 bar (87 psi)<\/td>\n<\/tr>\n<tr>\n<td>Consumo de Aire<\/td>\n<td>210 CFM \/ 6.0 m\u00b3\/min<\/td>\n<\/tr>\n<\/tbody>\n<\/table>\n\t\t<\/div>\n\t\t[\/vc_column][\/vc_row][vc_row woodmart_css_id=\u00bb6915bc1ba0f6d\u00bb responsive_spacing=\u00bbeyJwYXJhbV90eXBlIjoid29vZG1hcnRfcmVzcG9uc2l2ZV9zcGFjaW5nIiwic2VsZWN0b3JfaWQiOiI2OTE1YmMxYmEwZjZkIiwic2hvcnRjb2RlIjoidmNfcm93IiwiZGF0YSI6eyJ0YWJsZXQiOnt9LCJtb2JpbGUiOnt9fX0=\u00bb mobile_bg_img_hidden=\u00bbno\u00bb tablet_bg_img_hidden=\u00bbno\u00bb woodmart_parallax=\u00bb0&#8243; woodmart_gradient_switch=\u00bbno\u00bb woodmart_box_shadow=\u00bbno\u00bb wd_z_index=\u00bbno\u00bb woodmart_disable_overflow=\u00bb0&#8243; row_reverse_mobile=\u00bb0&#8243; row_reverse_tablet=\u00bb0&#8243;][vc_column][vc_single_image image=\u00bb12361&#8243; img_size=\u00bbfull\u00bb style=\u00bbvc_box_outline\u00bb onclick=\u00bbcustom_link\u00bb img_link_target=\u00bb_blank\u00bb css=\u00bb\u00bb parallax_scroll=\u00bbno\u00bb woodmart_inline=\u00bbno\u00bb link=\u00bbhttps:\/\/thrustboring.com\u00bb][\/vc_column][\/vc_row]<\/p>\n<\/div>","protected":false},"excerpt":{"rendered":"<p>Dise\u00f1ada para perforaciones subterr\u00e1neas grandes y profundas, la ALM 190 ofrece potencia y precisi\u00f3n en trabajos exigentes. Con un di\u00e1metro de 190 mm y una longitud de 1857 mm, garantiza un rendimiento uniforme incluso en perforaciones profundas y de gran di\u00e1metro. Es una excelente opci\u00f3n sin zanja cuando se requiere fuerza y exactitud.<\/p>\n","protected":false},"featured_media":12351,"comment_status":"open","ping_status":"closed","template":"","meta":{"_joinchat":[]},"product_brand":[],"product_cat":[118],"product_tag":[],"class_list":{"0":"post-12350","1":"product","2":"type-product","3":"status-publish","4":"has-post-thumbnail","6":"product_cat-sin-categoria","8":"first","9":"instock","10":"shipping-taxable","11":"product-type-grouped"},"yoast_head":"<!-- This site is optimized with the Yoast SEO Premium plugin v27.5 (Yoast SEO v27.5) - https:\/\/yoast.com\/product\/yoast-seo-premium-wordpress\/ -->\n<title>M\u00e1quina de Perforaci\u00f3n por Empuje ALM 190 - ALLAME MAKINA LTD. | Machine Manufacturing<\/title>\n<meta name=\"description\" content=\"Dise\u00f1ada para perforaciones subterr\u00e1neas grandes y profundas, la ALM 190 ofrece potencia y precisi\u00f3n en trabajos exigentes.\" \/>\n<meta name=\"robots\" content=\"index, follow, max-snippet:-1, max-image-preview:large, max-video-preview:-1\" \/>\n<link rel=\"canonical\" href=\"https:\/\/allamemakina.com\/es\/producto\/maquina-de-perforacion-por-empuje-alm-190\/\" \/>\n<meta property=\"og:locale\" content=\"es_ES\" \/>\n<meta property=\"og:type\" content=\"article\" \/>\n<meta property=\"og:title\" content=\"M\u00e1quina de Perforaci\u00f3n por Empuje ALM 190\" \/>\n<meta property=\"og:description\" content=\"Dise\u00f1ada para perforaciones subterr\u00e1neas grandes y profundas, la ALM 190 ofrece potencia y precisi\u00f3n en trabajos exigentes.\" \/>\n<meta property=\"og:url\" content=\"https:\/\/allamemakina.com\/es\/producto\/maquina-de-perforacion-por-empuje-alm-190\/\" \/>\n<meta property=\"og:site_name\" content=\"ALLAME MAKINA LTD. | Machine Manufacturing\" \/>\n<meta property=\"article:publisher\" content=\"https:\/\/www.facebook.com\/skyfibertech\/\" \/>\n<meta property=\"article:modified_time\" content=\"2026-02-26T10:12:54+00:00\" \/>\n<meta property=\"og:image\" content=\"https:\/\/allamemakina.com\/wp-content\/uploads\/2025\/10\/Thrust-Boring-Machine-ALM-190-Details-1.webp\" \/>\n\t<meta property=\"og:image:width\" content=\"700\" \/>\n\t<meta property=\"og:image:height\" content=\"800\" \/>\n\t<meta property=\"og:image:type\" content=\"image\/webp\" \/>\n<meta name=\"twitter:card\" content=\"summary_large_image\" \/>\n<meta name=\"twitter:site\" content=\"@SkyFiberTech1\" \/>\n<meta name=\"twitter:label1\" content=\"Disponibilidad\" \/>\n\t<meta name=\"twitter:data1\" content=\"Disponible\" \/>\n<script type=\"application\/ld+json\" class=\"yoast-schema-graph\">{\"@context\":\"https:\\\/\\\/schema.org\",\"@graph\":[{\"@type\":\"WebPage\",\"@id\":\"https:\\\/\\\/allamemakina.com\\\/es\\\/producto\\\/maquina-de-perforacion-por-empuje-alm-190\\\/\",\"url\":\"https:\\\/\\\/allamemakina.com\\\/es\\\/producto\\\/maquina-de-perforacion-por-empuje-alm-190\\\/\",\"name\":\"M\u00e1quina de Perforaci\u00f3n por Empuje ALM 190 - ALLAME MAKINA LTD. | Machine Manufacturing\",\"isPartOf\":{\"@id\":\"https:\\\/\\\/allamemakina.com\\\/#website\"},\"primaryImageOfPage\":{\"@id\":\"https:\\\/\\\/allamemakina.com\\\/es\\\/producto\\\/maquina-de-perforacion-por-empuje-alm-190\\\/#primaryimage\"},\"image\":{\"@id\":\"https:\\\/\\\/allamemakina.com\\\/es\\\/producto\\\/maquina-de-perforacion-por-empuje-alm-190\\\/#primaryimage\"},\"thumbnailUrl\":\"https:\\\/\\\/allamemakina.com\\\/wp-content\\\/uploads\\\/2025\\\/10\\\/Thrust-Boring-Machine-ALM-190-Details-1.webp\",\"datePublished\":\"2025-10-22T08:13:31+00:00\",\"dateModified\":\"2026-02-26T10:12:54+00:00\",\"description\":\"Dise\u00f1ada para perforaciones subterr\u00e1neas grandes y profundas, la ALM 190 ofrece potencia y precisi\u00f3n en trabajos exigentes.\",\"breadcrumb\":{\"@id\":\"https:\\\/\\\/allamemakina.com\\\/es\\\/producto\\\/maquina-de-perforacion-por-empuje-alm-190\\\/#breadcrumb\"},\"inLanguage\":\"es\",\"potentialAction\":[{\"@type\":\"ReadAction\",\"target\":[\"https:\\\/\\\/allamemakina.com\\\/es\\\/producto\\\/maquina-de-perforacion-por-empuje-alm-190\\\/\"]}]},{\"@type\":\"ImageObject\",\"inLanguage\":\"es\",\"@id\":\"https:\\\/\\\/allamemakina.com\\\/es\\\/producto\\\/maquina-de-perforacion-por-empuje-alm-190\\\/#primaryimage\",\"url\":\"https:\\\/\\\/allamemakina.com\\\/wp-content\\\/uploads\\\/2025\\\/10\\\/Thrust-Boring-Machine-ALM-190-Details-1.webp\",\"contentUrl\":\"https:\\\/\\\/allamemakina.com\\\/wp-content\\\/uploads\\\/2025\\\/10\\\/Thrust-Boring-Machine-ALM-190-Details-1.webp\",\"width\":700,\"height\":800,\"caption\":\"Thrust Boring Machine ALM 190 Details\"},{\"@type\":\"BreadcrumbList\",\"@id\":\"https:\\\/\\\/allamemakina.com\\\/es\\\/producto\\\/maquina-de-perforacion-por-empuje-alm-190\\\/#breadcrumb\",\"itemListElement\":[{\"@type\":\"ListItem\",\"position\":1,\"name\":\"Home\",\"item\":\"https:\\\/\\\/allamemakina.com\\\/es\\\/\"},{\"@type\":\"ListItem\",\"position\":2,\"name\":\"Shop\",\"item\":\"https:\\\/\\\/allamemakina.com\\\/shop\\\/\"},{\"@type\":\"ListItem\",\"position\":3,\"name\":\"M\u00e1quina de Perforaci\u00f3n por Empuje ALM 190\"}]},{\"@type\":\"WebSite\",\"@id\":\"https:\\\/\\\/allamemakina.com\\\/#website\",\"url\":\"https:\\\/\\\/allamemakina.com\\\/\",\"name\":\"ALLAME MAKINA LTD. | Machine Manufacturing\",\"description\":\"Industrial Machine Manufacturer\",\"publisher\":{\"@id\":\"https:\\\/\\\/allamemakina.com\\\/#organization\"},\"alternateName\":\"ALLAME MACHINE\",\"potentialAction\":[{\"@type\":\"SearchAction\",\"target\":{\"@type\":\"EntryPoint\",\"urlTemplate\":\"https:\\\/\\\/allamemakina.com\\\/?s={search_term_string}\"},\"query-input\":{\"@type\":\"PropertyValueSpecification\",\"valueRequired\":true,\"valueName\":\"search_term_string\"}}],\"inLanguage\":\"es\"},{\"@type\":\"Organization\",\"@id\":\"https:\\\/\\\/allamemakina.com\\\/#organization\",\"name\":\"ALLAME MAKINA LTD. | Machine Manufacturing\",\"alternateName\":\"Cable Laying Machines & Accessories\",\"url\":\"https:\\\/\\\/allamemakina.com\\\/\",\"logo\":{\"@type\":\"ImageObject\",\"inLanguage\":\"es\",\"@id\":\"https:\\\/\\\/allamemakina.com\\\/#\\\/schema\\\/logo\\\/image\\\/\",\"url\":\"https:\\\/\\\/allamemakina.com\\\/wp-content\\\/uploads\\\/2025\\\/10\\\/allame-company-logo.webp\",\"contentUrl\":\"https:\\\/\\\/allamemakina.com\\\/wp-content\\\/uploads\\\/2025\\\/10\\\/allame-company-logo.webp\",\"width\":805,\"height\":293,\"caption\":\"ALLAME MAKINA LTD. | Machine Manufacturing\"},\"image\":{\"@id\":\"https:\\\/\\\/allamemakina.com\\\/#\\\/schema\\\/logo\\\/image\\\/\"},\"sameAs\":[\"https:\\\/\\\/www.facebook.com\\\/skyfibertech\\\/\",\"https:\\\/\\\/x.com\\\/SkyFiberTech1\",\"https:\\\/\\\/www.instagram.com\\\/allamemakina\",\"https:\\\/\\\/www.youtube.com\\\/@skyfibertech\\\/videos\",\"https:\\\/\\\/www.linkedin.com\\\/company\\\/cable-blowing-machines\\\/\"],\"ownershipFundingInfo\":\"https:\\\/\\\/allamemakina.com\\\/our-factory\\\/\"}]}<\/script>\n<meta property=\"og:availability\" content=\"instock\" \/>\n<meta property=\"product:availability\" content=\"instock\" \/>\n<meta property=\"product:condition\" content=\"new\" \/>\n<!-- \/ Yoast SEO Premium plugin. -->","yoast_head_json":{"title":"M\u00e1quina de Perforaci\u00f3n por Empuje ALM 190 - ALLAME MAKINA LTD. | Machine Manufacturing","description":"Dise\u00f1ada para perforaciones subterr\u00e1neas grandes y profundas, la ALM 190 ofrece potencia y precisi\u00f3n en trabajos exigentes.","robots":{"index":"index","follow":"follow","max-snippet":"max-snippet:-1","max-image-preview":"max-image-preview:large","max-video-preview":"max-video-preview:-1"},"canonical":"https:\/\/allamemakina.com\/es\/producto\/maquina-de-perforacion-por-empuje-alm-190\/","og_locale":"es_ES","og_type":"article","og_title":"M\u00e1quina de Perforaci\u00f3n por Empuje ALM 190","og_description":"Dise\u00f1ada para perforaciones subterr\u00e1neas grandes y profundas, la ALM 190 ofrece potencia y precisi\u00f3n en trabajos exigentes.","og_url":"https:\/\/allamemakina.com\/es\/producto\/maquina-de-perforacion-por-empuje-alm-190\/","og_site_name":"ALLAME MAKINA LTD. | Machine Manufacturing","article_publisher":"https:\/\/www.facebook.com\/skyfibertech\/","article_modified_time":"2026-02-26T10:12:54+00:00","og_image":[{"width":700,"height":800,"url":"https:\/\/allamemakina.com\/wp-content\/uploads\/2025\/10\/Thrust-Boring-Machine-ALM-190-Details-1.webp","type":"image\/webp"}],"twitter_card":"summary_large_image","twitter_site":"@SkyFiberTech1","twitter_misc":{"Disponibilidad":"Disponible"},"schema":{"@context":"https:\/\/schema.org","@graph":[{"@type":"WebPage","@id":"https:\/\/allamemakina.com\/es\/producto\/maquina-de-perforacion-por-empuje-alm-190\/","url":"https:\/\/allamemakina.com\/es\/producto\/maquina-de-perforacion-por-empuje-alm-190\/","name":"M\u00e1quina de Perforaci\u00f3n por Empuje ALM 190 - ALLAME MAKINA LTD. | Machine Manufacturing","isPartOf":{"@id":"https:\/\/allamemakina.com\/#website"},"primaryImageOfPage":{"@id":"https:\/\/allamemakina.com\/es\/producto\/maquina-de-perforacion-por-empuje-alm-190\/#primaryimage"},"image":{"@id":"https:\/\/allamemakina.com\/es\/producto\/maquina-de-perforacion-por-empuje-alm-190\/#primaryimage"},"thumbnailUrl":"https:\/\/allamemakina.com\/wp-content\/uploads\/2025\/10\/Thrust-Boring-Machine-ALM-190-Details-1.webp","datePublished":"2025-10-22T08:13:31+00:00","dateModified":"2026-02-26T10:12:54+00:00","description":"Dise\u00f1ada para perforaciones subterr\u00e1neas grandes y profundas, la ALM 190 ofrece potencia y precisi\u00f3n en trabajos exigentes.","breadcrumb":{"@id":"https:\/\/allamemakina.com\/es\/producto\/maquina-de-perforacion-por-empuje-alm-190\/#breadcrumb"},"inLanguage":"es","potentialAction":[{"@type":"ReadAction","target":["https:\/\/allamemakina.com\/es\/producto\/maquina-de-perforacion-por-empuje-alm-190\/"]}]},{"@type":"ImageObject","inLanguage":"es","@id":"https:\/\/allamemakina.com\/es\/producto\/maquina-de-perforacion-por-empuje-alm-190\/#primaryimage","url":"https:\/\/allamemakina.com\/wp-content\/uploads\/2025\/10\/Thrust-Boring-Machine-ALM-190-Details-1.webp","contentUrl":"https:\/\/allamemakina.com\/wp-content\/uploads\/2025\/10\/Thrust-Boring-Machine-ALM-190-Details-1.webp","width":700,"height":800,"caption":"Thrust Boring Machine ALM 190 Details"},{"@type":"BreadcrumbList","@id":"https:\/\/allamemakina.com\/es\/producto\/maquina-de-perforacion-por-empuje-alm-190\/#breadcrumb","itemListElement":[{"@type":"ListItem","position":1,"name":"Home","item":"https:\/\/allamemakina.com\/es\/"},{"@type":"ListItem","position":2,"name":"Shop","item":"https:\/\/allamemakina.com\/shop\/"},{"@type":"ListItem","position":3,"name":"M\u00e1quina de Perforaci\u00f3n por Empuje ALM 190"}]},{"@type":"WebSite","@id":"https:\/\/allamemakina.com\/#website","url":"https:\/\/allamemakina.com\/","name":"ALLAME MAKINA LTD. | Machine Manufacturing","description":"Industrial Machine Manufacturer","publisher":{"@id":"https:\/\/allamemakina.com\/#organization"},"alternateName":"ALLAME MACHINE","potentialAction":[{"@type":"SearchAction","target":{"@type":"EntryPoint","urlTemplate":"https:\/\/allamemakina.com\/?s={search_term_string}"},"query-input":{"@type":"PropertyValueSpecification","valueRequired":true,"valueName":"search_term_string"}}],"inLanguage":"es"},{"@type":"Organization","@id":"https:\/\/allamemakina.com\/#organization","name":"ALLAME MAKINA LTD. | Machine Manufacturing","alternateName":"Cable Laying Machines & Accessories","url":"https:\/\/allamemakina.com\/","logo":{"@type":"ImageObject","inLanguage":"es","@id":"https:\/\/allamemakina.com\/#\/schema\/logo\/image\/","url":"https:\/\/allamemakina.com\/wp-content\/uploads\/2025\/10\/allame-company-logo.webp","contentUrl":"https:\/\/allamemakina.com\/wp-content\/uploads\/2025\/10\/allame-company-logo.webp","width":805,"height":293,"caption":"ALLAME MAKINA LTD. | Machine Manufacturing"},"image":{"@id":"https:\/\/allamemakina.com\/#\/schema\/logo\/image\/"},"sameAs":["https:\/\/www.facebook.com\/skyfibertech\/","https:\/\/x.com\/SkyFiberTech1","https:\/\/www.instagram.com\/allamemakina","https:\/\/www.youtube.com\/@skyfibertech\/videos","https:\/\/www.linkedin.com\/company\/cable-blowing-machines\/"],"ownershipFundingInfo":"https:\/\/allamemakina.com\/our-factory\/"}]},"og_availability":"instock","product_availability":"instock","product_condition":"new"},"_links":{"self":[{"href":"https:\/\/allamemakina.com\/es\/wp-json\/wp\/v2\/product\/12350","targetHints":{"allow":["GET"]}}],"collection":[{"href":"https:\/\/allamemakina.com\/es\/wp-json\/wp\/v2\/product"}],"about":[{"href":"https:\/\/allamemakina.com\/es\/wp-json\/wp\/v2\/types\/product"}],"replies":[{"embeddable":true,"href":"https:\/\/allamemakina.com\/es\/wp-json\/wp\/v2\/comments?post=12350"}],"wp:featuredmedia":[{"embeddable":true,"href":"https:\/\/allamemakina.com\/es\/wp-json\/wp\/v2\/media\/12351"}],"wp:attachment":[{"href":"https:\/\/allamemakina.com\/es\/wp-json\/wp\/v2\/media?parent=12350"}],"wp:term":[{"taxonomy":"product_brand","embeddable":true,"href":"https:\/\/allamemakina.com\/es\/wp-json\/wp\/v2\/product_brand?post=12350"},{"taxonomy":"product_cat","embeddable":true,"href":"https:\/\/allamemakina.com\/es\/wp-json\/wp\/v2\/product_cat?post=12350"},{"taxonomy":"product_tag","embeddable":true,"href":"https:\/\/allamemakina.com\/es\/wp-json\/wp\/v2\/product_tag?post=12350"}],"curies":[{"name":"wp","href":"https:\/\/api.w.org\/{rel}","templated":true}]}}