{"id":11674,"date":"2017-06-14T08:36:16","date_gmt":"2017-06-14T08:36:16","guid":{"rendered":"https:\/\/allamemakina.com\/product\/dynosky-cable-blowing-machine\/"},"modified":"2025-12-10T09:20:11","modified_gmt":"2025-12-10T09:20:11","slug":"machine-de-soufflage-de-cables-dynosky","status":"publish","type":"product","link":"https:\/\/allamemakina.com\/fr\/produit\/machine-de-soufflage-de-cables-dynosky\/","title":{"rendered":"Machine de Soufflage de C\u00e2bles DynoSky"},"content":{"rendered":"<div class=\"wpb-content-wrapper\"><p>[vc_row][vc_column css=\u00a0\u00bb.vc_custom_1493038156710{margin-bottom: -15px !important;}\u00a0\u00bb]\n\t\t<div id=\"wd-69393a6ab03bf\" class=\"title-wrapper wd-wpb wd-set-mb reset-last-child  wd-rs-69393a6ab03bf wd-title-color-default wd-title-style-default text-left  wd-underline-colored\">\n\t\t\t\n\t\t\t<div class=\"liner-continer\">\n\t\t\t\t<h4 class=\"woodmart-title-container title  wd-font-weight- wd-fontsize-xl\" >Machine de Soufflage de C\u00e2bles DynoSky<\/h4>\n\t\t\t\t\t\t\t<\/div>\n\t\t\t\n\t\t\t\n\t\t\t\n\t\t<\/div>\n\t\t\n\t\t[\/vc_column][\/vc_row][vc_row][vc_column css=\u00a0\u00bb.vc_custom_1493038156710{margin-bottom: -15px !important;}\u00a0\u00bb]\t\t<div id=\"wd-69393a86336ea\" class=\"wd-text-block wd-wpb reset-last-child wd-rs-69393a86336ea text-left \">\n\t\t\t<p>Le DynoSKY est con\u00e7u pour offrir \u00e0 la fois pr\u00e9cision et mobilit\u00e9. Il prend en charge des c\u00e2bles d\u2019un diam\u00e8tre de 1 mm \u00e0 6 mm et des microconduits de 5 mm \u00e0 16 mm. Gr\u00e2ce \u00e0 son moteur servo aliment\u00e9 par batterie, il garantit une performance fluide, stable et constante sur le terrain.<\/p>\n<p><strong>Son design compact le rend id\u00e9al pour les espaces restreints ou les installations mobiles. Avec un contr\u00f4le pr\u00e9cis et une force d\u2019avancement r\u00e9guli\u00e8re, le DynoSKY assure une installation de c\u00e2ble s\u00e9curis\u00e9e, efficace et parfaitement adapt\u00e9e aux courtes et moyennes distances.<\/strong><\/p>\n\t\t<\/div>\n\t\t[\/vc_column][\/vc_row][vc_row][vc_column css=\u00a0\u00bb.vc_custom_1493038156710{margin-bottom: -15px !important;}\u00a0\u00bb][vc_empty_space woodmart_hide_large=\u00a0\u00bb0&Prime; woodmart_hide_medium=\u00a0\u00bb0&Prime; woodmart_hide_small=\u00a0\u00bb0&Prime;]\n\t\t<div id=\"wd-69393aefbf754\" class=\"title-wrapper wd-wpb wd-set-mb reset-last-child  wd-rs-69393aefbf754 wd-title-color-default wd-title-style-default text-left  wd-underline-colored\">\n\t\t\t\n\t\t\t<div class=\"liner-continer\">\n\t\t\t\t<h4 class=\"woodmart-title-container title  wd-font-weight- wd-fontsize-xl\" >Sp\u00e9cifications techniques<\/h4>\n\t\t\t\t\t\t\t<\/div>\n\t\t\t\n\t\t\t\n\t\t\t\n\t\t<\/div>\n\t\t\n\t\t[\/vc_column][\/vc_row][vc_row][vc_column][vc_column_text css=\u00a0\u00bb\u00a0\u00bb woodmart_inline=\u00a0\u00bbno\u00a0\u00bb text_larger=\u00a0\u00bbno\u00a0\u00bb]<strong>Quantit\u00e9 recommand\u00e9e d\u2019air comprim\u00e9 pour le DynoSKY :<\/strong><br \/>\n12 bar \/ 1\u20132 m\u00b3\/min<\/p>\n<p><strong>Plage de diam\u00e8tre des c\u00e2bles \u00e0 fibre optique :<\/strong><br \/>\n1 mm \u2013 6 mm<\/p>\n<p><strong>Plages de diam\u00e8tre des conduits HDPE :<\/strong><br \/>\n7 mm \u2013 10 mm \u2013 12 mm \u2013 14 mm \u2013 16 mm[\/vc_column_text][\/vc_column][\/vc_row][vc_row woodmart_css_id=\u00a0\u00bb6915b69aded3d\u00a0\u00bb responsive_spacing=\u00a0\u00bbeyJwYXJhbV90eXBlIjoid29vZG1hcnRfcmVzcG9uc2l2ZV9zcGFjaW5nIiwic2VsZWN0b3JfaWQiOiI2OTE1YjY5YWRlZDNkIiwic2hvcnRjb2RlIjoidmNfcm93IiwiZGF0YSI6eyJ0YWJsZXQiOnt9LCJtb2JpbGUiOnt9fX0=\u00a0\u00bb mobile_bg_img_hidden=\u00a0\u00bbno\u00a0\u00bb tablet_bg_img_hidden=\u00a0\u00bbno\u00a0\u00bb woodmart_parallax=\u00a0\u00bb0&Prime; woodmart_gradient_switch=\u00a0\u00bbno\u00a0\u00bb woodmart_box_shadow=\u00a0\u00bbno\u00a0\u00bb wd_z_index=\u00a0\u00bbno\u00a0\u00bb woodmart_disable_overflow=\u00a0\u00bb0&Prime; row_reverse_mobile=\u00a0\u00bb0&Prime; row_reverse_tablet=\u00a0\u00bb0&Prime; css=\u00a0\u00bb.vc_custom_1763030700917{margin-top: 40px !important;}\u00a0\u00bb][vc_column][vc_single_image image=\u00a0\u00bb11381&Prime; img_size=\u00a0\u00bbfull\u00a0\u00bb style=\u00a0\u00bbvc_box_outline\u00a0\u00bb onclick=\u00a0\u00bbcustom_link\u00a0\u00bb img_link_target=\u00a0\u00bb_blank\u00a0\u00bb css=\u00a0\u00bb\u00a0\u00bb parallax_scroll=\u00a0\u00bbno\u00a0\u00bb woodmart_inline=\u00a0\u00bbno\u00a0\u00bb link=\u00a0\u00bbhttps:\/\/skyfibertech.com\u00a0\u00bb][\/vc_column][\/vc_row]<\/p>\n<\/div>","protected":false},"excerpt":{"rendered":"<p>Le DynoSKY est con\u00e7u pour offrir \u00e0 la fois pr\u00e9cision et mobilit\u00e9. Il prend en charge des c\u00e2bles d\u2019un diam\u00e8tre de 1 mm \u00e0 6 mm et des microconduits de 5 mm \u00e0 16 mm. Gr\u00e2ce \u00e0 son moteur servo aliment\u00e9 par batterie, il garantit une performance fluide, stable et constante sur le terrain.<\/p>\n<p><a href=\"https:\/\/skyfibertech.com\/wp-content\/uploads\/2021\/08\/fiber-blowing-all-machines-catalog.pdf\" target=\"_blank\" rel=\"noopener noreferrer\"><br \/>\n<img loading=\"lazy\" decoding=\"async\" class=\"alignnone wp-image-11158 size-full\" src=\"https:\/\/allamemakina.com\/wp-content\/uploads\/2025\/10\/download-allame-catalogs-2.jpg\" alt=\"\" width=\"300\" height=\"90\" srcset=\"https:\/\/allamemakina.com\/wp-content\/uploads\/2025\/10\/download-allame-catalogs-2.jpg 300w, https:\/\/allamemakina.com\/wp-content\/uploads\/2025\/10\/download-allame-catalogs-2-150x45.jpg 150w\" sizes=\"auto, (max-width: 300px) 100vw, 300px\" \/><br \/>\n<\/a><\/p>\n","protected":false},"featured_media":11675,"comment_status":"open","ping_status":"closed","template":"","meta":{"_joinchat":[]},"product_brand":[49],"product_cat":[124],"product_tag":[],"class_list":{"0":"post-11674","1":"product","2":"type-product","3":"status-publish","4":"has-post-thumbnail","6":"product_brand-skyfibertech","7":"product_cat-cable-blowing-machines","9":"first","10":"instock","11":"shipping-taxable","12":"product-type-grouped"},"yoast_head":"<!-- This site is optimized with the Yoast SEO Premium plugin v27.4 (Yoast SEO v27.4) - https:\/\/yoast.com\/product\/yoast-seo-premium-wordpress\/ -->\n<title>Machine de Soufflage de C\u00e2bles DynoSky<\/title>\n<meta name=\"description\" content=\"The DynoSKY is built for precision and mobility. It handles cable diameters from 1mm to 6mm and microducts from 5mm to 16mm.\" \/>\n<meta name=\"robots\" content=\"index, follow, max-snippet:-1, max-image-preview:large, max-video-preview:-1\" \/>\n<link rel=\"canonical\" href=\"https:\/\/allamemakina.com\/fr\/produit\/machine-de-soufflage-de-cables-dynosky\/\" \/>\n<meta property=\"og:locale\" content=\"fr_FR\" \/>\n<meta property=\"og:type\" content=\"article\" \/>\n<meta property=\"og:title\" content=\"Machine de Soufflage de C\u00e2bles DynoSky\" \/>\n<meta property=\"og:description\" content=\"The DynoSKY is built for precision and mobility. It handles cable diameters from 1mm to 6mm and microducts from 5mm to 16mm.\" \/>\n<meta property=\"og:url\" content=\"https:\/\/allamemakina.com\/fr\/produit\/machine-de-soufflage-de-cables-dynosky\/\" \/>\n<meta property=\"og:site_name\" content=\"ALLAME MAKINA LTD. | Machine Manufacturing\" \/>\n<meta property=\"article:publisher\" content=\"https:\/\/www.facebook.com\/skyfibertech\/\" \/>\n<meta property=\"article:modified_time\" content=\"2025-12-10T09:20:11+00:00\" \/>\n<meta property=\"og:image\" content=\"https:\/\/allamemakina.com\/wp-content\/uploads\/2017\/06\/Cable-Blowing-Machine-DynoSky-Details-2.webp\" \/>\n\t<meta property=\"og:image:width\" content=\"700\" \/>\n\t<meta property=\"og:image:height\" content=\"800\" \/>\n\t<meta property=\"og:image:type\" content=\"image\/webp\" \/>\n<meta name=\"twitter:card\" content=\"summary_large_image\" \/>\n<meta name=\"twitter:site\" content=\"@SkyFiberTech1\" \/>\n<meta name=\"twitter:label1\" content=\"Disponibilit\u00e9\" \/>\n\t<meta name=\"twitter:data1\" content=\"En stock\" \/>\n<script type=\"application\/ld+json\" class=\"yoast-schema-graph\">{\"@context\":\"https:\\\/\\\/schema.org\",\"@graph\":[{\"@type\":\"WebPage\",\"@id\":\"https:\\\/\\\/allamemakina.com\\\/fr\\\/produit\\\/machine-de-soufflage-de-cables-dynosky\\\/\",\"url\":\"https:\\\/\\\/allamemakina.com\\\/fr\\\/produit\\\/machine-de-soufflage-de-cables-dynosky\\\/\",\"name\":\"Machine de Soufflage de C\u00e2bles DynoSky\",\"isPartOf\":{\"@id\":\"https:\\\/\\\/allamemakina.com\\\/#website\"},\"primaryImageOfPage\":{\"@id\":\"https:\\\/\\\/allamemakina.com\\\/fr\\\/produit\\\/machine-de-soufflage-de-cables-dynosky\\\/#primaryimage\"},\"image\":{\"@id\":\"https:\\\/\\\/allamemakina.com\\\/fr\\\/produit\\\/machine-de-soufflage-de-cables-dynosky\\\/#primaryimage\"},\"thumbnailUrl\":\"https:\\\/\\\/allamemakina.com\\\/wp-content\\\/uploads\\\/2017\\\/06\\\/Cable-Blowing-Machine-DynoSky-Details-2.webp\",\"datePublished\":\"2017-06-14T08:36:16+00:00\",\"dateModified\":\"2025-12-10T09:20:11+00:00\",\"description\":\"The DynoSKY is built for precision and mobility. It handles cable diameters from 1mm to 6mm and microducts from 5mm to 16mm.\",\"breadcrumb\":{\"@id\":\"https:\\\/\\\/allamemakina.com\\\/fr\\\/produit\\\/machine-de-soufflage-de-cables-dynosky\\\/#breadcrumb\"},\"inLanguage\":\"fr-FR\",\"potentialAction\":[{\"@type\":\"ReadAction\",\"target\":[\"https:\\\/\\\/allamemakina.com\\\/fr\\\/produit\\\/machine-de-soufflage-de-cables-dynosky\\\/\"]}]},{\"@type\":\"ImageObject\",\"inLanguage\":\"fr-FR\",\"@id\":\"https:\\\/\\\/allamemakina.com\\\/fr\\\/produit\\\/machine-de-soufflage-de-cables-dynosky\\\/#primaryimage\",\"url\":\"https:\\\/\\\/allamemakina.com\\\/wp-content\\\/uploads\\\/2017\\\/06\\\/Cable-Blowing-Machine-DynoSky-Details-2.webp\",\"contentUrl\":\"https:\\\/\\\/allamemakina.com\\\/wp-content\\\/uploads\\\/2017\\\/06\\\/Cable-Blowing-Machine-DynoSky-Details-2.webp\",\"width\":700,\"height\":800,\"caption\":\"Cable Blowing Machine DynoSky Details\"},{\"@type\":\"BreadcrumbList\",\"@id\":\"https:\\\/\\\/allamemakina.com\\\/fr\\\/produit\\\/machine-de-soufflage-de-cables-dynosky\\\/#breadcrumb\",\"itemListElement\":[{\"@type\":\"ListItem\",\"position\":1,\"name\":\"Home\",\"item\":\"https:\\\/\\\/allamemakina.com\\\/fr\\\/home-base\\\/\"},{\"@type\":\"ListItem\",\"position\":2,\"name\":\"Shop\",\"item\":\"https:\\\/\\\/allamemakina.com\\\/shop\\\/\"},{\"@type\":\"ListItem\",\"position\":3,\"name\":\"Machine de Soufflage de C\u00e2bles DynoSky\"}]},{\"@type\":\"WebSite\",\"@id\":\"https:\\\/\\\/allamemakina.com\\\/#website\",\"url\":\"https:\\\/\\\/allamemakina.com\\\/\",\"name\":\"ALLAME MAKINA LTD. | Machine Manufacturing\",\"description\":\"Industrial Machine Manufacturer\",\"publisher\":{\"@id\":\"https:\\\/\\\/allamemakina.com\\\/#organization\"},\"alternateName\":\"ALLAME MACHINE\",\"potentialAction\":[{\"@type\":\"SearchAction\",\"target\":{\"@type\":\"EntryPoint\",\"urlTemplate\":\"https:\\\/\\\/allamemakina.com\\\/?s={search_term_string}\"},\"query-input\":{\"@type\":\"PropertyValueSpecification\",\"valueRequired\":true,\"valueName\":\"search_term_string\"}}],\"inLanguage\":\"fr-FR\"},{\"@type\":\"Organization\",\"@id\":\"https:\\\/\\\/allamemakina.com\\\/#organization\",\"name\":\"ALLAME MAKINA LTD. | Machine Manufacturing\",\"alternateName\":\"Cable Laying Machines & Accessories\",\"url\":\"https:\\\/\\\/allamemakina.com\\\/\",\"logo\":{\"@type\":\"ImageObject\",\"inLanguage\":\"fr-FR\",\"@id\":\"https:\\\/\\\/allamemakina.com\\\/#\\\/schema\\\/logo\\\/image\\\/\",\"url\":\"https:\\\/\\\/allamemakina.com\\\/wp-content\\\/uploads\\\/2025\\\/10\\\/allame-company-logo.webp\",\"contentUrl\":\"https:\\\/\\\/allamemakina.com\\\/wp-content\\\/uploads\\\/2025\\\/10\\\/allame-company-logo.webp\",\"width\":805,\"height\":293,\"caption\":\"ALLAME MAKINA LTD. | Machine Manufacturing\"},\"image\":{\"@id\":\"https:\\\/\\\/allamemakina.com\\\/#\\\/schema\\\/logo\\\/image\\\/\"},\"sameAs\":[\"https:\\\/\\\/www.facebook.com\\\/skyfibertech\\\/\",\"https:\\\/\\\/x.com\\\/SkyFiberTech1\",\"https:\\\/\\\/www.instagram.com\\\/allamemakina\",\"https:\\\/\\\/www.youtube.com\\\/@skyfibertech\\\/videos\",\"https:\\\/\\\/www.linkedin.com\\\/company\\\/cable-blowing-machines\\\/\"],\"ownershipFundingInfo\":\"https:\\\/\\\/allamemakina.com\\\/our-factory\\\/\"}]}<\/script>\n<meta property=\"product:brand\" content=\"Skyfibertech\" \/>\n<meta property=\"og:availability\" content=\"instock\" \/>\n<meta property=\"product:availability\" content=\"instock\" \/>\n<meta property=\"product:condition\" content=\"new\" \/>\n<!-- \/ Yoast SEO Premium plugin. -->","yoast_head_json":{"title":"Machine de Soufflage de C\u00e2bles DynoSky","description":"The DynoSKY is built for precision and mobility. It handles cable diameters from 1mm to 6mm and microducts from 5mm to 16mm.","robots":{"index":"index","follow":"follow","max-snippet":"max-snippet:-1","max-image-preview":"max-image-preview:large","max-video-preview":"max-video-preview:-1"},"canonical":"https:\/\/allamemakina.com\/fr\/produit\/machine-de-soufflage-de-cables-dynosky\/","og_locale":"fr_FR","og_type":"article","og_title":"Machine de Soufflage de C\u00e2bles DynoSky","og_description":"The DynoSKY is built for precision and mobility. It handles cable diameters from 1mm to 6mm and microducts from 5mm to 16mm.","og_url":"https:\/\/allamemakina.com\/fr\/produit\/machine-de-soufflage-de-cables-dynosky\/","og_site_name":"ALLAME MAKINA LTD. | Machine Manufacturing","article_publisher":"https:\/\/www.facebook.com\/skyfibertech\/","article_modified_time":"2025-12-10T09:20:11+00:00","og_image":[{"width":700,"height":800,"url":"https:\/\/allamemakina.com\/wp-content\/uploads\/2017\/06\/Cable-Blowing-Machine-DynoSky-Details-2.webp","type":"image\/webp"}],"twitter_card":"summary_large_image","twitter_site":"@SkyFiberTech1","twitter_misc":{"Disponibilit\u00e9":"En stock"},"schema":{"@context":"https:\/\/schema.org","@graph":[{"@type":"WebPage","@id":"https:\/\/allamemakina.com\/fr\/produit\/machine-de-soufflage-de-cables-dynosky\/","url":"https:\/\/allamemakina.com\/fr\/produit\/machine-de-soufflage-de-cables-dynosky\/","name":"Machine de Soufflage de C\u00e2bles DynoSky","isPartOf":{"@id":"https:\/\/allamemakina.com\/#website"},"primaryImageOfPage":{"@id":"https:\/\/allamemakina.com\/fr\/produit\/machine-de-soufflage-de-cables-dynosky\/#primaryimage"},"image":{"@id":"https:\/\/allamemakina.com\/fr\/produit\/machine-de-soufflage-de-cables-dynosky\/#primaryimage"},"thumbnailUrl":"https:\/\/allamemakina.com\/wp-content\/uploads\/2017\/06\/Cable-Blowing-Machine-DynoSky-Details-2.webp","datePublished":"2017-06-14T08:36:16+00:00","dateModified":"2025-12-10T09:20:11+00:00","description":"The DynoSKY is built for precision and mobility. It handles cable diameters from 1mm to 6mm and microducts from 5mm to 16mm.","breadcrumb":{"@id":"https:\/\/allamemakina.com\/fr\/produit\/machine-de-soufflage-de-cables-dynosky\/#breadcrumb"},"inLanguage":"fr-FR","potentialAction":[{"@type":"ReadAction","target":["https:\/\/allamemakina.com\/fr\/produit\/machine-de-soufflage-de-cables-dynosky\/"]}]},{"@type":"ImageObject","inLanguage":"fr-FR","@id":"https:\/\/allamemakina.com\/fr\/produit\/machine-de-soufflage-de-cables-dynosky\/#primaryimage","url":"https:\/\/allamemakina.com\/wp-content\/uploads\/2017\/06\/Cable-Blowing-Machine-DynoSky-Details-2.webp","contentUrl":"https:\/\/allamemakina.com\/wp-content\/uploads\/2017\/06\/Cable-Blowing-Machine-DynoSky-Details-2.webp","width":700,"height":800,"caption":"Cable Blowing Machine DynoSky Details"},{"@type":"BreadcrumbList","@id":"https:\/\/allamemakina.com\/fr\/produit\/machine-de-soufflage-de-cables-dynosky\/#breadcrumb","itemListElement":[{"@type":"ListItem","position":1,"name":"Home","item":"https:\/\/allamemakina.com\/fr\/home-base\/"},{"@type":"ListItem","position":2,"name":"Shop","item":"https:\/\/allamemakina.com\/shop\/"},{"@type":"ListItem","position":3,"name":"Machine de Soufflage de C\u00e2bles DynoSky"}]},{"@type":"WebSite","@id":"https:\/\/allamemakina.com\/#website","url":"https:\/\/allamemakina.com\/","name":"ALLAME MAKINA LTD. | Machine Manufacturing","description":"Industrial Machine Manufacturer","publisher":{"@id":"https:\/\/allamemakina.com\/#organization"},"alternateName":"ALLAME MACHINE","potentialAction":[{"@type":"SearchAction","target":{"@type":"EntryPoint","urlTemplate":"https:\/\/allamemakina.com\/?s={search_term_string}"},"query-input":{"@type":"PropertyValueSpecification","valueRequired":true,"valueName":"search_term_string"}}],"inLanguage":"fr-FR"},{"@type":"Organization","@id":"https:\/\/allamemakina.com\/#organization","name":"ALLAME MAKINA LTD. | Machine Manufacturing","alternateName":"Cable Laying Machines & Accessories","url":"https:\/\/allamemakina.com\/","logo":{"@type":"ImageObject","inLanguage":"fr-FR","@id":"https:\/\/allamemakina.com\/#\/schema\/logo\/image\/","url":"https:\/\/allamemakina.com\/wp-content\/uploads\/2025\/10\/allame-company-logo.webp","contentUrl":"https:\/\/allamemakina.com\/wp-content\/uploads\/2025\/10\/allame-company-logo.webp","width":805,"height":293,"caption":"ALLAME MAKINA LTD. | Machine Manufacturing"},"image":{"@id":"https:\/\/allamemakina.com\/#\/schema\/logo\/image\/"},"sameAs":["https:\/\/www.facebook.com\/skyfibertech\/","https:\/\/x.com\/SkyFiberTech1","https:\/\/www.instagram.com\/allamemakina","https:\/\/www.youtube.com\/@skyfibertech\/videos","https:\/\/www.linkedin.com\/company\/cable-blowing-machines\/"],"ownershipFundingInfo":"https:\/\/allamemakina.com\/our-factory\/"}]},"product_brand":"Skyfibertech","og_availability":"instock","product_availability":"instock","product_condition":"new"},"_links":{"self":[{"href":"https:\/\/allamemakina.com\/fr\/wp-json\/wp\/v2\/product\/11674","targetHints":{"allow":["GET"]}}],"collection":[{"href":"https:\/\/allamemakina.com\/fr\/wp-json\/wp\/v2\/product"}],"about":[{"href":"https:\/\/allamemakina.com\/fr\/wp-json\/wp\/v2\/types\/product"}],"replies":[{"embeddable":true,"href":"https:\/\/allamemakina.com\/fr\/wp-json\/wp\/v2\/comments?post=11674"}],"wp:featuredmedia":[{"embeddable":true,"href":"https:\/\/allamemakina.com\/fr\/wp-json\/wp\/v2\/media\/11675"}],"wp:attachment":[{"href":"https:\/\/allamemakina.com\/fr\/wp-json\/wp\/v2\/media?parent=11674"}],"wp:term":[{"taxonomy":"product_brand","embeddable":true,"href":"https:\/\/allamemakina.com\/fr\/wp-json\/wp\/v2\/product_brand?post=11674"},{"taxonomy":"product_cat","embeddable":true,"href":"https:\/\/allamemakina.com\/fr\/wp-json\/wp\/v2\/product_cat?post=11674"},{"taxonomy":"product_tag","embeddable":true,"href":"https:\/\/allamemakina.com\/fr\/wp-json\/wp\/v2\/product_tag?post=11674"}],"curies":[{"name":"wp","href":"https:\/\/api.w.org\/{rel}","templated":true}]}}