{"id":11956,"date":"2025-11-04T08:41:24","date_gmt":"2025-11-04T08:41:24","guid":{"rendered":"https:\/\/allamemakina.com\/product\/pipe-drum-transport-trailers\/"},"modified":"2025-12-18T08:50:04","modified_gmt":"2025-12-18T08:50:04","slug":"remorques-de-transport-de-bobines-de-tuyaux","status":"publish","type":"product","link":"https:\/\/allamemakina.com\/fr\/produit\/remorques-de-transport-de-bobines-de-tuyaux\/","title":{"rendered":"Remorques de Transport de Bobines de Tuyaux"},"content":{"rendered":"<div class=\"wpb-content-wrapper\"><p>[vc_row][vc_column css=\u00a0\u00bb.vc_custom_1493038156710{margin-bottom: -15px !important;}\u00a0\u00bb]\n\t\t<div id=\"wd-6943bf6049970\" class=\"title-wrapper wd-wpb wd-set-mb reset-last-child  wd-rs-6943bf6049970 wd-title-color-default wd-title-style-default text-left  wd-underline-colored\">\n\t\t\t\n\t\t\t<div class=\"liner-continer\">\n\t\t\t\t<h4 class=\"woodmart-title-container title  wd-font-weight- wd-fontsize-xl\" >Remorques de Transport de Bobines de Tuyaux<\/h4>\n\t\t\t\t\t\t\t<\/div>\n\t\t\t\n\t\t\t\n\t\t\t\n\t\t<\/div>\n\t\t\n\t\t[\/vc_column][\/vc_row][vc_row][vc_column css=\u00a0\u00bb.vc_custom_1493038156710{margin-bottom: -15px !important;}\u00a0\u00bb]\t\t<div id=\"wd-6943bffae99c3\" class=\"wd-text-block wd-wpb reset-last-child wd-rs-6943bffae99c3 text-left \">\n\t\t\t<p class=\"p1\">La <span class=\"s1\"><b>remorque de transport de bobines de tuyaux<\/b><\/span> est con\u00e7ue pour transporter en toute s\u00e9curit\u00e9 des bobines de tuyaux et des tambours de c\u00e2bles. Elle dispose d\u2019un ch\u00e2ssis en acier robuste capable de supporter des charges lourdes tout en maintenant la bobine parfaitement stable pendant le transport. Cette remorque est id\u00e9ale pour les travaux li\u00e9s aux lignes \u00e9lectriques, aux r\u00e9seaux fibre optique et \u00e0 la pose de tuyaux sur chantier.<\/p>\n<p class=\"p1\">Le chargement et le d\u00e9chargement des tuyaux sont faciles gr\u00e2ce aux v\u00e9rins de levage int\u00e9gr\u00e9s. La remorque est \u00e9galement \u00e9quip\u00e9e d\u2019un syst\u00e8me de freinage \u00e0 inertie pour garantir des arr\u00eats s\u00fbrs. Ses pneus larges et renforc\u00e9s assurent une excellente mobilit\u00e9 sur les terrains accident\u00e9s et les surfaces irr\u00e9guli\u00e8res.<\/p>\n<p class=\"p1\">Ce mod\u00e8le est simple \u00e0 utiliser, facile \u00e0 tracter et con\u00e7u pour une longue dur\u00e9e de vie. Si vous recherchez une solution fiable et stable pour d\u00e9placer des bobines de tuyaux ou des tambours, cette remorque est un choix solide pour un usage quotidien sur le terrain.<\/p>\n<p class=\"p3\"><b>Contactez-nous pour plus de d\u00e9tails.<\/b><\/p>\n\t\t<\/div>\n\t\t[\/vc_column][\/vc_row][vc_row][vc_column css=\u00a0\u00bb.vc_custom_1493038156710{margin-bottom: -15px !important;}\u00a0\u00bb][vc_empty_space woodmart_hide_large=\u00a0\u00bb0&Prime; woodmart_hide_medium=\u00a0\u00bb0&Prime; woodmart_hide_small=\u00a0\u00bb0&Prime;]\n\t\t<div id=\"wd-6943bfa0461bc\" class=\"title-wrapper wd-wpb wd-set-mb reset-last-child  wd-rs-6943bfa0461bc wd-title-color-default wd-title-style-default text-left  wd-underline-colored\">\n\t\t\t\n\t\t\t<div class=\"liner-continer\">\n\t\t\t\t<h4 class=\"woodmart-title-container title  wd-font-weight- wd-fontsize-xl\" >Sp\u00e9cifications techniques<\/h4>\n\t\t\t\t\t\t\t<\/div>\n\t\t\t\n\t\t\t\n\t\t\t\n\t\t<\/div>\n\t\t\n\t\t[\/vc_column][\/vc_row][vc_row content_placement=\u00a0\u00bbtop\u00a0\u00bb][vc_column width=\u00a0\u00bb1\/2&Prime; offset=\u00a0\u00bbvc_col-md-6&Prime;]\t\t<div id=\"wd-6943bfd0adba8\" class=\"wd-text-block wd-wpb reset-last-child wd-rs-6943bfd0adba8 text-left \">\n\t\t\t<table>\n<tbody>\n<tr>\n<td><strong>Longueur<\/strong><\/td>\n<td>2500 mm<\/td>\n<\/tr>\n<tr>\n<td><strong>Largeur<\/strong><\/td>\n<td>2200 mm<\/td>\n<\/tr>\n<tr>\n<td><strong>Hauteur<\/strong><\/td>\n<td>2000 mm<\/td>\n<\/tr>\n<tr>\n<td><strong>Poids \u00e0 vide<\/strong><\/td>\n<td>500 kg<\/td>\n<\/tr>\n<tr>\n<td><strong>Charge utile<\/strong><\/td>\n<td>1000 kg<\/td>\n<\/tr>\n<tr>\n<td><strong>Poids total<\/strong><\/td>\n<td>1500 kg<\/td>\n<\/tr>\n<tr>\n<td><strong>Syst\u00e8me de freinage<\/strong><\/td>\n<td>Frein \u00e0 inertie<\/td>\n<\/tr>\n<tr>\n<td><strong>Diam\u00e8tre maximal de la bobine<\/strong><\/td>\n<td>2500 mm<\/td>\n<\/tr>\n<tr>\n<td><strong>Largeur de chargement utile<\/strong><\/td>\n<td>1500 mm<\/td>\n<\/tr>\n<tr>\n<td><strong>Dimension des pneus<\/strong><\/td>\n<td>750 \u00d7 16<\/td>\n<\/tr>\n<\/tbody>\n<\/table>\n\t\t<\/div>\n\t\t[\/vc_column][vc_column width=\u00a0\u00bb1\/2&Prime; offset=\u00a0\u00bbvc_col-md-6&Prime;]\t\t<div id=\"wd-68e4f130097ce\" class=\"wd-image wd-wpb wd-rs-68e4f130097ce text-left \">\n\t\t\t\n\t\t\t<img loading=\"lazy\" decoding=\"async\" width=\"1170\" height=\"1130\" src=\"https:\/\/allamemakina.com\/wp-content\/uploads\/2017\/06\/Full-Hydraulic-Cable-Drum-Trailer-Details-4.webp\" class=\"attachment-full size-full\" alt=\"Full Hydraulic Cable Drum Trailer Details\" srcset=\"https:\/\/allamemakina.com\/wp-content\/uploads\/2017\/06\/Full-Hydraulic-Cable-Drum-Trailer-Details-4.webp 1170w, https:\/\/allamemakina.com\/wp-content\/uploads\/2017\/06\/Full-Hydraulic-Cable-Drum-Trailer-Details-4-311x300.webp 311w, https:\/\/allamemakina.com\/wp-content\/uploads\/2017\/06\/Full-Hydraulic-Cable-Drum-Trailer-Details-4-828x800.webp 828w, https:\/\/allamemakina.com\/wp-content\/uploads\/2017\/06\/Full-Hydraulic-Cable-Drum-Trailer-Details-4-768x742.webp 768w, https:\/\/allamemakina.com\/wp-content\/uploads\/2017\/06\/Full-Hydraulic-Cable-Drum-Trailer-Details-4-430x415.webp 430w, https:\/\/allamemakina.com\/wp-content\/uploads\/2017\/06\/Full-Hydraulic-Cable-Drum-Trailer-Details-4-700x676.webp 700w, https:\/\/allamemakina.com\/wp-content\/uploads\/2017\/06\/Full-Hydraulic-Cable-Drum-Trailer-Details-4-150x145.webp 150w\" sizes=\"auto, (max-width: 1170px) 100vw, 1170px\" \/>\n\t\t\t\t\t<\/div>\n\t\t[\/vc_column][\/vc_row][vc_row woodmart_css_id=\u00a0\u00bb6915bc1ba0f6d\u00a0\u00bb responsive_spacing=\u00a0\u00bbeyJwYXJhbV90eXBlIjoid29vZG1hcnRfcmVzcG9uc2l2ZV9zcGFjaW5nIiwic2VsZWN0b3JfaWQiOiI2OTE1YmMxYmEwZjZkIiwic2hvcnRjb2RlIjoidmNfcm93IiwiZGF0YSI6eyJ0YWJsZXQiOnt9LCJtb2JpbGUiOnt9fX0=\u00a0\u00bb mobile_bg_img_hidden=\u00a0\u00bbno\u00a0\u00bb tablet_bg_img_hidden=\u00a0\u00bbno\u00a0\u00bb woodmart_parallax=\u00a0\u00bb0&Prime; woodmart_gradient_switch=\u00a0\u00bbno\u00a0\u00bb woodmart_box_shadow=\u00a0\u00bbno\u00a0\u00bb wd_z_index=\u00a0\u00bbno\u00a0\u00bb woodmart_disable_overflow=\u00a0\u00bb0&Prime; row_reverse_mobile=\u00a0\u00bb0&Prime; row_reverse_tablet=\u00a0\u00bb0&Prime;][vc_column][vc_single_image image=\u00a0\u00bb11969&Prime; img_size=\u00a0\u00bbfull\u00a0\u00bb style=\u00a0\u00bbvc_box_outline\u00a0\u00bb onclick=\u00a0\u00bbcustom_link\u00a0\u00bb img_link_target=\u00a0\u00bb_blank\u00a0\u00bb css=\u00a0\u00bb\u00a0\u00bb parallax_scroll=\u00a0\u00bbno\u00a0\u00bb woodmart_inline=\u00a0\u00bbno\u00a0\u00bb link=\u00a0\u00bbhttps:\/\/cabledrumtrailer.com\u00a0\u00bb][\/vc_column][\/vc_row]<\/p>\n<\/div>","protected":false},"excerpt":{"rendered":"<p>La <span class=\"s1\"><b>remorque de transport de bobines de tuyaux<\/b><\/span> est con\u00e7ue pour transporter en toute s\u00e9curit\u00e9 des bobines de tuyaux et des tambours de c\u00e2bles. Elle dispose d\u2019un ch\u00e2ssis en acier robuste capable de supporter des charges lourdes tout en maintenant la bobine parfaitement stable pendant le transport. Cette remorque est id\u00e9ale pour les travaux li\u00e9s aux lignes \u00e9lectriques, aux r\u00e9seaux fibre optique et \u00e0 la pose de tuyaux sur chantier.<\/p>\n<p><a href=\"https:\/\/cablepullingmachines.com\/Cable-Pulling-Machines-Cable-Drum-Trailers-All-Products-catalog.pdf\" target=\"_blank\" rel=\"noopener noreferrer\"><br \/>\n<img loading=\"lazy\" decoding=\"async\" class=\"alignnone wp-image-11158 size-full\" src=\"https:\/\/allamemakina.com\/wp-content\/uploads\/2025\/10\/download-allame-catalogs-2.jpg\" alt=\"\" width=\"300\" height=\"90\" srcset=\"https:\/\/allamemakina.com\/wp-content\/uploads\/2025\/10\/download-allame-catalogs-2.jpg 300w, https:\/\/allamemakina.com\/wp-content\/uploads\/2025\/10\/download-allame-catalogs-2-150x45.jpg 150w\" sizes=\"auto, (max-width: 300px) 100vw, 300px\" \/><br \/>\n<\/a><\/p>\n","protected":false},"featured_media":11957,"comment_status":"open","ping_status":"closed","template":"","meta":{"_joinchat":[]},"product_brand":[50],"product_cat":[129],"product_tag":[],"class_list":{"0":"post-11956","1":"product","2":"type-product","3":"status-publish","4":"has-post-thumbnail","6":"product_brand-cp","7":"product_cat-cable-drum-trailers","9":"first","10":"instock","11":"shipping-taxable","12":"product-type-grouped"},"yoast_head":"<!-- This site is optimized with the Yoast SEO Premium plugin v27.4 (Yoast SEO v27.4) - https:\/\/yoast.com\/product\/yoast-seo-premium-wordpress\/ -->\n<title>Remorques de Transport de Bobines de Tuyaux<\/title>\n<meta name=\"description\" content=\"La remorque de transport de bobines de tuyaux est con\u00e7ue pour transporter en toute s\u00e9curit\u00e9 des bobines de tuyaux et des tambours de c\u00e2bles.\" \/>\n<meta name=\"robots\" content=\"index, follow, max-snippet:-1, max-image-preview:large, max-video-preview:-1\" \/>\n<link rel=\"canonical\" href=\"https:\/\/allamemakina.com\/fr\/produit\/remorques-de-transport-de-bobines-de-tuyaux\/\" \/>\n<meta property=\"og:locale\" content=\"fr_FR\" \/>\n<meta property=\"og:type\" content=\"article\" \/>\n<meta property=\"og:title\" content=\"Remorques de Transport de Bobines de Tuyaux\" \/>\n<meta property=\"og:description\" content=\"La remorque de transport de bobines de tuyaux est con\u00e7ue pour transporter en toute s\u00e9curit\u00e9 des bobines de tuyaux et des tambours de c\u00e2bles.\" \/>\n<meta property=\"og:url\" content=\"https:\/\/allamemakina.com\/fr\/produit\/remorques-de-transport-de-bobines-de-tuyaux\/\" \/>\n<meta property=\"og:site_name\" content=\"ALLAME MAKINA LTD. | Machine Manufacturing\" \/>\n<meta property=\"article:publisher\" content=\"https:\/\/www.facebook.com\/skyfibertech\/\" \/>\n<meta property=\"article:modified_time\" content=\"2025-12-18T08:50:04+00:00\" \/>\n<meta property=\"og:image\" content=\"https:\/\/allamemakina.com\/wp-content\/uploads\/2025\/11\/Pipe-Drum-Transport-Trailer-Details-1.webp\" \/>\n\t<meta property=\"og:image:width\" content=\"700\" \/>\n\t<meta property=\"og:image:height\" content=\"800\" \/>\n\t<meta property=\"og:image:type\" content=\"image\/webp\" \/>\n<meta name=\"twitter:card\" content=\"summary_large_image\" \/>\n<meta name=\"twitter:site\" content=\"@SkyFiberTech1\" \/>\n<meta name=\"twitter:label1\" content=\"Disponibilit\u00e9\" \/>\n\t<meta name=\"twitter:data1\" content=\"En stock\" \/>\n<script type=\"application\/ld+json\" class=\"yoast-schema-graph\">{\"@context\":\"https:\\\/\\\/schema.org\",\"@graph\":[{\"@type\":\"WebPage\",\"@id\":\"https:\\\/\\\/allamemakina.com\\\/fr\\\/produit\\\/remorques-de-transport-de-bobines-de-tuyaux\\\/\",\"url\":\"https:\\\/\\\/allamemakina.com\\\/fr\\\/produit\\\/remorques-de-transport-de-bobines-de-tuyaux\\\/\",\"name\":\"Remorques de Transport de Bobines de Tuyaux\",\"isPartOf\":{\"@id\":\"https:\\\/\\\/allamemakina.com\\\/#website\"},\"primaryImageOfPage\":{\"@id\":\"https:\\\/\\\/allamemakina.com\\\/fr\\\/produit\\\/remorques-de-transport-de-bobines-de-tuyaux\\\/#primaryimage\"},\"image\":{\"@id\":\"https:\\\/\\\/allamemakina.com\\\/fr\\\/produit\\\/remorques-de-transport-de-bobines-de-tuyaux\\\/#primaryimage\"},\"thumbnailUrl\":\"https:\\\/\\\/allamemakina.com\\\/wp-content\\\/uploads\\\/2025\\\/11\\\/Pipe-Drum-Transport-Trailer-Details-1.webp\",\"datePublished\":\"2025-11-04T08:41:24+00:00\",\"dateModified\":\"2025-12-18T08:50:04+00:00\",\"description\":\"La remorque de transport de bobines de tuyaux est con\u00e7ue pour transporter en toute s\u00e9curit\u00e9 des bobines de tuyaux et des tambours de c\u00e2bles.\",\"breadcrumb\":{\"@id\":\"https:\\\/\\\/allamemakina.com\\\/fr\\\/produit\\\/remorques-de-transport-de-bobines-de-tuyaux\\\/#breadcrumb\"},\"inLanguage\":\"fr-FR\",\"potentialAction\":[{\"@type\":\"ReadAction\",\"target\":[\"https:\\\/\\\/allamemakina.com\\\/fr\\\/produit\\\/remorques-de-transport-de-bobines-de-tuyaux\\\/\"]}]},{\"@type\":\"ImageObject\",\"inLanguage\":\"fr-FR\",\"@id\":\"https:\\\/\\\/allamemakina.com\\\/fr\\\/produit\\\/remorques-de-transport-de-bobines-de-tuyaux\\\/#primaryimage\",\"url\":\"https:\\\/\\\/allamemakina.com\\\/wp-content\\\/uploads\\\/2025\\\/11\\\/Pipe-Drum-Transport-Trailer-Details-1.webp\",\"contentUrl\":\"https:\\\/\\\/allamemakina.com\\\/wp-content\\\/uploads\\\/2025\\\/11\\\/Pipe-Drum-Transport-Trailer-Details-1.webp\",\"width\":700,\"height\":800,\"caption\":\"Pipe Drum Transport Trailer Details\"},{\"@type\":\"BreadcrumbList\",\"@id\":\"https:\\\/\\\/allamemakina.com\\\/fr\\\/produit\\\/remorques-de-transport-de-bobines-de-tuyaux\\\/#breadcrumb\",\"itemListElement\":[{\"@type\":\"ListItem\",\"position\":1,\"name\":\"Home\",\"item\":\"https:\\\/\\\/allamemakina.com\\\/fr\\\/home-base\\\/\"},{\"@type\":\"ListItem\",\"position\":2,\"name\":\"Shop\",\"item\":\"https:\\\/\\\/allamemakina.com\\\/shop\\\/\"},{\"@type\":\"ListItem\",\"position\":3,\"name\":\"Remorques de Transport de Bobines de Tuyaux\"}]},{\"@type\":\"WebSite\",\"@id\":\"https:\\\/\\\/allamemakina.com\\\/#website\",\"url\":\"https:\\\/\\\/allamemakina.com\\\/\",\"name\":\"ALLAME MAKINA LTD. | Machine Manufacturing\",\"description\":\"Industrial Machine Manufacturer\",\"publisher\":{\"@id\":\"https:\\\/\\\/allamemakina.com\\\/#organization\"},\"alternateName\":\"ALLAME MACHINE\",\"potentialAction\":[{\"@type\":\"SearchAction\",\"target\":{\"@type\":\"EntryPoint\",\"urlTemplate\":\"https:\\\/\\\/allamemakina.com\\\/?s={search_term_string}\"},\"query-input\":{\"@type\":\"PropertyValueSpecification\",\"valueRequired\":true,\"valueName\":\"search_term_string\"}}],\"inLanguage\":\"fr-FR\"},{\"@type\":\"Organization\",\"@id\":\"https:\\\/\\\/allamemakina.com\\\/#organization\",\"name\":\"ALLAME MAKINA LTD. | Machine Manufacturing\",\"alternateName\":\"Cable Laying Machines & Accessories\",\"url\":\"https:\\\/\\\/allamemakina.com\\\/\",\"logo\":{\"@type\":\"ImageObject\",\"inLanguage\":\"fr-FR\",\"@id\":\"https:\\\/\\\/allamemakina.com\\\/#\\\/schema\\\/logo\\\/image\\\/\",\"url\":\"https:\\\/\\\/allamemakina.com\\\/wp-content\\\/uploads\\\/2025\\\/10\\\/allame-company-logo.webp\",\"contentUrl\":\"https:\\\/\\\/allamemakina.com\\\/wp-content\\\/uploads\\\/2025\\\/10\\\/allame-company-logo.webp\",\"width\":805,\"height\":293,\"caption\":\"ALLAME MAKINA LTD. | Machine Manufacturing\"},\"image\":{\"@id\":\"https:\\\/\\\/allamemakina.com\\\/#\\\/schema\\\/logo\\\/image\\\/\"},\"sameAs\":[\"https:\\\/\\\/www.facebook.com\\\/skyfibertech\\\/\",\"https:\\\/\\\/x.com\\\/SkyFiberTech1\",\"https:\\\/\\\/www.instagram.com\\\/allamemakina\",\"https:\\\/\\\/www.youtube.com\\\/@skyfibertech\\\/videos\",\"https:\\\/\\\/www.linkedin.com\\\/company\\\/cable-blowing-machines\\\/\"],\"ownershipFundingInfo\":\"https:\\\/\\\/allamemakina.com\\\/our-factory\\\/\"}]}<\/script>\n<meta property=\"product:brand\" content=\"Cable Pulling Machines\" \/>\n<meta property=\"og:availability\" content=\"instock\" \/>\n<meta property=\"product:availability\" content=\"instock\" \/>\n<meta property=\"product:condition\" content=\"new\" \/>\n<!-- \/ Yoast SEO Premium plugin. -->","yoast_head_json":{"title":"Remorques de Transport de Bobines de Tuyaux","description":"La remorque de transport de bobines de tuyaux est con\u00e7ue pour transporter en toute s\u00e9curit\u00e9 des bobines de tuyaux et des tambours de c\u00e2bles.","robots":{"index":"index","follow":"follow","max-snippet":"max-snippet:-1","max-image-preview":"max-image-preview:large","max-video-preview":"max-video-preview:-1"},"canonical":"https:\/\/allamemakina.com\/fr\/produit\/remorques-de-transport-de-bobines-de-tuyaux\/","og_locale":"fr_FR","og_type":"article","og_title":"Remorques de Transport de Bobines de Tuyaux","og_description":"La remorque de transport de bobines de tuyaux est con\u00e7ue pour transporter en toute s\u00e9curit\u00e9 des bobines de tuyaux et des tambours de c\u00e2bles.","og_url":"https:\/\/allamemakina.com\/fr\/produit\/remorques-de-transport-de-bobines-de-tuyaux\/","og_site_name":"ALLAME MAKINA LTD. | Machine Manufacturing","article_publisher":"https:\/\/www.facebook.com\/skyfibertech\/","article_modified_time":"2025-12-18T08:50:04+00:00","og_image":[{"width":700,"height":800,"url":"https:\/\/allamemakina.com\/wp-content\/uploads\/2025\/11\/Pipe-Drum-Transport-Trailer-Details-1.webp","type":"image\/webp"}],"twitter_card":"summary_large_image","twitter_site":"@SkyFiberTech1","twitter_misc":{"Disponibilit\u00e9":"En stock"},"schema":{"@context":"https:\/\/schema.org","@graph":[{"@type":"WebPage","@id":"https:\/\/allamemakina.com\/fr\/produit\/remorques-de-transport-de-bobines-de-tuyaux\/","url":"https:\/\/allamemakina.com\/fr\/produit\/remorques-de-transport-de-bobines-de-tuyaux\/","name":"Remorques de Transport de Bobines de Tuyaux","isPartOf":{"@id":"https:\/\/allamemakina.com\/#website"},"primaryImageOfPage":{"@id":"https:\/\/allamemakina.com\/fr\/produit\/remorques-de-transport-de-bobines-de-tuyaux\/#primaryimage"},"image":{"@id":"https:\/\/allamemakina.com\/fr\/produit\/remorques-de-transport-de-bobines-de-tuyaux\/#primaryimage"},"thumbnailUrl":"https:\/\/allamemakina.com\/wp-content\/uploads\/2025\/11\/Pipe-Drum-Transport-Trailer-Details-1.webp","datePublished":"2025-11-04T08:41:24+00:00","dateModified":"2025-12-18T08:50:04+00:00","description":"La remorque de transport de bobines de tuyaux est con\u00e7ue pour transporter en toute s\u00e9curit\u00e9 des bobines de tuyaux et des tambours de c\u00e2bles.","breadcrumb":{"@id":"https:\/\/allamemakina.com\/fr\/produit\/remorques-de-transport-de-bobines-de-tuyaux\/#breadcrumb"},"inLanguage":"fr-FR","potentialAction":[{"@type":"ReadAction","target":["https:\/\/allamemakina.com\/fr\/produit\/remorques-de-transport-de-bobines-de-tuyaux\/"]}]},{"@type":"ImageObject","inLanguage":"fr-FR","@id":"https:\/\/allamemakina.com\/fr\/produit\/remorques-de-transport-de-bobines-de-tuyaux\/#primaryimage","url":"https:\/\/allamemakina.com\/wp-content\/uploads\/2025\/11\/Pipe-Drum-Transport-Trailer-Details-1.webp","contentUrl":"https:\/\/allamemakina.com\/wp-content\/uploads\/2025\/11\/Pipe-Drum-Transport-Trailer-Details-1.webp","width":700,"height":800,"caption":"Pipe Drum Transport Trailer Details"},{"@type":"BreadcrumbList","@id":"https:\/\/allamemakina.com\/fr\/produit\/remorques-de-transport-de-bobines-de-tuyaux\/#breadcrumb","itemListElement":[{"@type":"ListItem","position":1,"name":"Home","item":"https:\/\/allamemakina.com\/fr\/home-base\/"},{"@type":"ListItem","position":2,"name":"Shop","item":"https:\/\/allamemakina.com\/shop\/"},{"@type":"ListItem","position":3,"name":"Remorques de Transport de Bobines de Tuyaux"}]},{"@type":"WebSite","@id":"https:\/\/allamemakina.com\/#website","url":"https:\/\/allamemakina.com\/","name":"ALLAME MAKINA LTD. | Machine Manufacturing","description":"Industrial Machine Manufacturer","publisher":{"@id":"https:\/\/allamemakina.com\/#organization"},"alternateName":"ALLAME MACHINE","potentialAction":[{"@type":"SearchAction","target":{"@type":"EntryPoint","urlTemplate":"https:\/\/allamemakina.com\/?s={search_term_string}"},"query-input":{"@type":"PropertyValueSpecification","valueRequired":true,"valueName":"search_term_string"}}],"inLanguage":"fr-FR"},{"@type":"Organization","@id":"https:\/\/allamemakina.com\/#organization","name":"ALLAME MAKINA LTD. | Machine Manufacturing","alternateName":"Cable Laying Machines & Accessories","url":"https:\/\/allamemakina.com\/","logo":{"@type":"ImageObject","inLanguage":"fr-FR","@id":"https:\/\/allamemakina.com\/#\/schema\/logo\/image\/","url":"https:\/\/allamemakina.com\/wp-content\/uploads\/2025\/10\/allame-company-logo.webp","contentUrl":"https:\/\/allamemakina.com\/wp-content\/uploads\/2025\/10\/allame-company-logo.webp","width":805,"height":293,"caption":"ALLAME MAKINA LTD. | Machine Manufacturing"},"image":{"@id":"https:\/\/allamemakina.com\/#\/schema\/logo\/image\/"},"sameAs":["https:\/\/www.facebook.com\/skyfibertech\/","https:\/\/x.com\/SkyFiberTech1","https:\/\/www.instagram.com\/allamemakina","https:\/\/www.youtube.com\/@skyfibertech\/videos","https:\/\/www.linkedin.com\/company\/cable-blowing-machines\/"],"ownershipFundingInfo":"https:\/\/allamemakina.com\/our-factory\/"}]},"product_brand":"Cable Pulling Machines","og_availability":"instock","product_availability":"instock","product_condition":"new"},"_links":{"self":[{"href":"https:\/\/allamemakina.com\/fr\/wp-json\/wp\/v2\/product\/11956","targetHints":{"allow":["GET"]}}],"collection":[{"href":"https:\/\/allamemakina.com\/fr\/wp-json\/wp\/v2\/product"}],"about":[{"href":"https:\/\/allamemakina.com\/fr\/wp-json\/wp\/v2\/types\/product"}],"replies":[{"embeddable":true,"href":"https:\/\/allamemakina.com\/fr\/wp-json\/wp\/v2\/comments?post=11956"}],"wp:featuredmedia":[{"embeddable":true,"href":"https:\/\/allamemakina.com\/fr\/wp-json\/wp\/v2\/media\/11957"}],"wp:attachment":[{"href":"https:\/\/allamemakina.com\/fr\/wp-json\/wp\/v2\/media?parent=11956"}],"wp:term":[{"taxonomy":"product_brand","embeddable":true,"href":"https:\/\/allamemakina.com\/fr\/wp-json\/wp\/v2\/product_brand?post=11956"},{"taxonomy":"product_cat","embeddable":true,"href":"https:\/\/allamemakina.com\/fr\/wp-json\/wp\/v2\/product_cat?post=11956"},{"taxonomy":"product_tag","embeddable":true,"href":"https:\/\/allamemakina.com\/fr\/wp-json\/wp\/v2\/product_tag?post=11956"}],"curies":[{"name":"wp","href":"https:\/\/api.w.org\/{rel}","templated":true}]}}