{"id":12058,"date":"2025-11-03T12:45:14","date_gmt":"2025-11-03T12:45:14","guid":{"rendered":"https:\/\/allamemakina.com\/product\/hydraulic-cable-drum-trailer-4-ton\/"},"modified":"2025-12-30T08:26:16","modified_gmt":"2025-12-30T08:26:16","slug":"remorque-hydraulique-pour-tambours-de-cables-4-tonnes","status":"publish","type":"product","link":"https:\/\/allamemakina.com\/fr\/produit\/remorque-hydraulique-pour-tambours-de-cables-4-tonnes\/","title":{"rendered":"Remorque hydraulique pour tambours de c\u00e2bles 4 TONNES"},"content":{"rendered":"<div class=\"wpb-content-wrapper\"><p>[vc_row][vc_column css=\u00a0\u00bb.vc_custom_1493038156710{margin-bottom: -15px !important;}\u00a0\u00bb]\n\t\t<div id=\"wd-69538c3a64cdb\" class=\"title-wrapper wd-wpb wd-set-mb reset-last-child  wd-rs-69538c3a64cdb wd-title-color-default wd-title-style-default text-left  wd-underline-colored\">\n\t\t\t\n\t\t\t<div class=\"liner-continer\">\n\t\t\t\t<h4 class=\"woodmart-title-container title  wd-font-weight- wd-fontsize-xl\" >Remorque hydraulique pour tambours de c\u00e2bles 4 TONNES<\/h4>\n\t\t\t\t\t\t\t<\/div>\n\t\t\t\n\t\t\t\n\t\t\t\n\t\t<\/div>\n\t\t\n\t\t[\/vc_column][\/vc_row][vc_row][vc_column css=\u00a0\u00bb.vc_custom_1493038156710{margin-bottom: -15px !important;}\u00a0\u00bb]\t\t<div id=\"wd-69538c45ec0f6\" class=\"wd-text-block wd-wpb reset-last-child wd-rs-69538c45ec0f6 text-left \">\n\t\t\t<p class=\"p1\">La remorque hydraulique pour tambours de c\u00e2bles 4 tonnes est con\u00e7ue pour faciliter le chargement des tambours et la manipulation des c\u00e2bles. Gr\u00e2ce \u00e0 son syst\u00e8me hydraulique simple, elle permet de lever et de maintenir les tambours de c\u00e2bles sans avoir besoin de machines suppl\u00e9mentaires. Ce mod\u00e8le est adapt\u00e9 aux tambours de taille moyenne et constitue un excellent choix pour les travaux \u00e9lectriques, les projets fibre optique et les applications g\u00e9n\u00e9rales sur chantier.<\/p>\n<p class=\"p1\">Le ch\u00e2ssis en acier robuste assure une excellente stabilit\u00e9, m\u00eame sur terrain accident\u00e9. Le syst\u00e8me de freinage \u00e0 inertie (overrun) ainsi que les bras de verrouillage s\u00e9curis\u00e9s emp\u00eachent tout mouvement du tambour pendant le transport et la pose du c\u00e2ble. La remorque peut \u00eatre tract\u00e9e par un camion ou un tracteur, et son cadre large offre un support s\u00fbr pour le tambour.<\/p>\n<p class=\"p1\">Cette remorque offre un contr\u00f4le simple, un levage fluide et un d\u00e9roulement du c\u00e2ble stable. Elle permet de gagner du temps, de r\u00e9duire la main-d\u2019\u0153uvre et d\u2019am\u00e9liorer la s\u00e9curit\u00e9 des \u00e9quipes sur site.<\/p>\n<p class=\"p1\">Contactez-nous pour plus de d\u00e9tails.<\/p>\n\t\t<\/div>\n\t\t[\/vc_column][\/vc_row][vc_row][vc_column css=\u00a0\u00bb.vc_custom_1493038156710{margin-bottom: -15px !important;}\u00a0\u00bb][vc_empty_space woodmart_hide_large=\u00a0\u00bb0&Prime; woodmart_hide_medium=\u00a0\u00bb0&Prime; woodmart_hide_small=\u00a0\u00bb0&Prime;]\n\t\t<div id=\"wd-69538c680398e\" class=\"title-wrapper wd-wpb wd-set-mb reset-last-child  wd-rs-69538c680398e wd-title-color-default wd-title-style-default text-left  wd-underline-colored\">\n\t\t\t\n\t\t\t<div class=\"liner-continer\">\n\t\t\t\t<h4 class=\"woodmart-title-container title  wd-font-weight- wd-fontsize-xl\" >Sp\u00e9cifications techniques<\/h4>\n\t\t\t\t\t\t\t<\/div>\n\t\t\t\n\t\t\t\n\t\t\t\n\t\t<\/div>\n\t\t\n\t\t[\/vc_column][\/vc_row][vc_row content_placement=\u00a0\u00bbtop\u00a0\u00bb][vc_column width=\u00a0\u00bb1\/2&Prime; offset=\u00a0\u00bbvc_col-md-6&Prime;]\t\t<div id=\"wd-69538c778aee9\" class=\"wd-text-block wd-wpb reset-last-child wd-rs-69538c778aee9 text-left \">\n\t\t\t<table>\n<tbody>\n<tr>\n<td><strong>Num\u00e9ro de commande<\/strong><\/td>\n<td>HCDT4<\/td>\n<\/tr>\n<tr>\n<td><strong>Longueur<\/strong><\/td>\n<td>3900 mm<\/td>\n<\/tr>\n<tr>\n<td><strong>Largeur<\/strong><\/td>\n<td>2500 mm<\/td>\n<\/tr>\n<tr>\n<td><strong>Hauteur<\/strong><\/td>\n<td>1900 mm<\/td>\n<\/tr>\n<tr>\n<td><strong>Poids \u00e0 vide<\/strong><\/td>\n<td>800 kg<\/td>\n<\/tr>\n<tr>\n<td><strong>Charge utile<\/strong><\/td>\n<td>4000 kg<\/td>\n<\/tr>\n<tr>\n<td><strong>Poids total<\/strong><\/td>\n<td>4800 kg<\/td>\n<\/tr>\n<tr>\n<td><strong>Syst\u00e8me de freinage<\/strong><\/td>\n<td>Inertiel (Overrun)<\/td>\n<\/tr>\n<tr>\n<td><strong>Diam\u00e8tre maximal du tambour<\/strong><\/td>\n<td>2800 mm<\/td>\n<\/tr>\n<tr>\n<td><strong>Largeur de chargement utile<\/strong><\/td>\n<td>1600 mm<\/td>\n<\/tr>\n<tr>\n<td><strong>Diam\u00e8tre de l\u2019axe du tambour<\/strong><\/td>\n<td>76 mm<\/td>\n<\/tr>\n<tr>\n<td><strong>Pneus<\/strong><\/td>\n<td>2<\/td>\n<\/tr>\n<tr>\n<td><strong>Dimensions des pneus<\/strong><\/td>\n<td>11.5 x 80 x 15<\/td>\n<\/tr>\n<\/tbody>\n<\/table>\n\t\t<\/div>\n\t\t[\/vc_column][vc_column width=\u00a0\u00bb1\/2&Prime; offset=\u00a0\u00bbvc_col-md-6&Prime;]\t\t<div id=\"wd-68e4f130097ce\" class=\"wd-image wd-wpb wd-rs-68e4f130097ce text-left \">\n\t\t\t\n\t\t\t<img loading=\"lazy\" decoding=\"async\" width=\"1170\" height=\"1130\" src=\"https:\/\/allamemakina.com\/wp-content\/uploads\/2017\/06\/Full-Hydraulic-Cable-Drum-Trailer-Details-4.webp\" class=\"attachment-full size-full\" alt=\"Full Hydraulic Cable Drum Trailer Details\" srcset=\"https:\/\/allamemakina.com\/wp-content\/uploads\/2017\/06\/Full-Hydraulic-Cable-Drum-Trailer-Details-4.webp 1170w, https:\/\/allamemakina.com\/wp-content\/uploads\/2017\/06\/Full-Hydraulic-Cable-Drum-Trailer-Details-4-311x300.webp 311w, https:\/\/allamemakina.com\/wp-content\/uploads\/2017\/06\/Full-Hydraulic-Cable-Drum-Trailer-Details-4-828x800.webp 828w, https:\/\/allamemakina.com\/wp-content\/uploads\/2017\/06\/Full-Hydraulic-Cable-Drum-Trailer-Details-4-768x742.webp 768w, https:\/\/allamemakina.com\/wp-content\/uploads\/2017\/06\/Full-Hydraulic-Cable-Drum-Trailer-Details-4-430x415.webp 430w, https:\/\/allamemakina.com\/wp-content\/uploads\/2017\/06\/Full-Hydraulic-Cable-Drum-Trailer-Details-4-700x676.webp 700w, https:\/\/allamemakina.com\/wp-content\/uploads\/2017\/06\/Full-Hydraulic-Cable-Drum-Trailer-Details-4-150x145.webp 150w\" sizes=\"auto, (max-width: 1170px) 100vw, 1170px\" \/>\n\t\t\t\t\t<\/div>\n\t\t[\/vc_column][\/vc_row][vc_row woodmart_css_id=\u00a0\u00bb6915bc1ba0f6d\u00a0\u00bb responsive_spacing=\u00a0\u00bbeyJwYXJhbV90eXBlIjoid29vZG1hcnRfcmVzcG9uc2l2ZV9zcGFjaW5nIiwic2VsZWN0b3JfaWQiOiI2OTE1YmMxYmEwZjZkIiwic2hvcnRjb2RlIjoidmNfcm93IiwiZGF0YSI6eyJ0YWJsZXQiOnt9LCJtb2JpbGUiOnt9fX0=\u00a0\u00bb mobile_bg_img_hidden=\u00a0\u00bbno\u00a0\u00bb tablet_bg_img_hidden=\u00a0\u00bbno\u00a0\u00bb woodmart_parallax=\u00a0\u00bb0&Prime; woodmart_gradient_switch=\u00a0\u00bbno\u00a0\u00bb woodmart_box_shadow=\u00a0\u00bbno\u00a0\u00bb wd_z_index=\u00a0\u00bbno\u00a0\u00bb woodmart_disable_overflow=\u00a0\u00bb0&Prime; row_reverse_mobile=\u00a0\u00bb0&Prime; row_reverse_tablet=\u00a0\u00bb0&Prime;][vc_column][vc_single_image image=\u00a0\u00bb11969&Prime; img_size=\u00a0\u00bbfull\u00a0\u00bb style=\u00a0\u00bbvc_box_outline\u00a0\u00bb onclick=\u00a0\u00bbcustom_link\u00a0\u00bb img_link_target=\u00a0\u00bb_blank\u00a0\u00bb css=\u00a0\u00bb\u00a0\u00bb parallax_scroll=\u00a0\u00bbno\u00a0\u00bb woodmart_inline=\u00a0\u00bbno\u00a0\u00bb link=\u00a0\u00bbhttps:\/\/cabledrumtrailer.com\u00a0\u00bb][\/vc_column][\/vc_row]<\/p>\n<\/div>","protected":false},"excerpt":{"rendered":"<p>La remorque hydraulique pour tambours de c\u00e2bles 4 tonnes est con\u00e7ue pour faciliter le chargement des tambours et la manipulation des c\u00e2bles. Gr\u00e2ce \u00e0 son syst\u00e8me hydraulique simple, elle permet de lever et de maintenir les tambours de c\u00e2bles sans avoir besoin de machines suppl\u00e9mentaires. Ce mod\u00e8le est adapt\u00e9 aux tambours de taille moyenne et constitue un excellent choix pour les travaux \u00e9lectriques, les projets fibre optique et les applications g\u00e9n\u00e9rales sur chantier.<\/p>\n<p><a href=\"https:\/\/cablepullingmachines.com\/Cable-Pulling-Machines-Cable-Drum-Trailers-All-Products-catalog.pdf\" target=\"_blank\" rel=\"noopener noreferrer\"><br \/>\n<img loading=\"lazy\" decoding=\"async\" class=\"alignnone wp-image-11158 size-full\" src=\"https:\/\/allamemakina.com\/wp-content\/uploads\/2025\/10\/download-allame-catalogs-2.jpg\" alt=\"\" width=\"300\" height=\"90\" srcset=\"https:\/\/allamemakina.com\/wp-content\/uploads\/2025\/10\/download-allame-catalogs-2.jpg 300w, https:\/\/allamemakina.com\/wp-content\/uploads\/2025\/10\/download-allame-catalogs-2-150x45.jpg 150w\" sizes=\"auto, (max-width: 300px) 100vw, 300px\" \/><br \/>\n<\/a><\/p>\n","protected":false},"featured_media":11982,"comment_status":"open","ping_status":"closed","template":"","meta":{"_joinchat":[]},"product_brand":[50],"product_cat":[129],"product_tag":[],"class_list":{"0":"post-12058","1":"product","2":"type-product","3":"status-publish","4":"has-post-thumbnail","6":"product_brand-cp","7":"product_cat-cable-drum-trailers","9":"first","10":"instock","11":"shipping-taxable","12":"product-type-grouped"},"yoast_head":"<!-- This site is optimized with the Yoast SEO Premium plugin v27.4 (Yoast SEO v27.4) - https:\/\/yoast.com\/product\/yoast-seo-premium-wordpress\/ -->\n<title>Remorque hydraulique pour tambours de c\u00e2bles 4 TONNES<\/title>\n<meta name=\"description\" content=\"La remorque hydraulique pour tambours de c\u00e2bles 4 tonnes est con\u00e7ue pour faciliter le chargement des tambours et la manipulation des c\u00e2bles.\" \/>\n<meta name=\"robots\" content=\"index, follow, max-snippet:-1, max-image-preview:large, max-video-preview:-1\" \/>\n<link rel=\"canonical\" href=\"https:\/\/allamemakina.com\/fr\/produit\/remorque-hydraulique-pour-tambours-de-cables-4-tonnes\/\" \/>\n<meta property=\"og:locale\" content=\"fr_FR\" \/>\n<meta property=\"og:type\" content=\"article\" \/>\n<meta property=\"og:title\" content=\"Remorque hydraulique pour tambours de c\u00e2bles 4 TONNES\" \/>\n<meta property=\"og:description\" content=\"La remorque hydraulique pour tambours de c\u00e2bles 4 tonnes est con\u00e7ue pour faciliter le chargement des tambours et la manipulation des c\u00e2bles.\" \/>\n<meta property=\"og:url\" content=\"https:\/\/allamemakina.com\/fr\/produit\/remorque-hydraulique-pour-tambours-de-cables-4-tonnes\/\" \/>\n<meta property=\"og:site_name\" content=\"ALLAME MAKINA LTD. | Machine Manufacturing\" \/>\n<meta property=\"article:publisher\" content=\"https:\/\/www.facebook.com\/skyfibertech\/\" \/>\n<meta property=\"article:modified_time\" content=\"2025-12-30T08:26:16+00:00\" \/>\n<meta property=\"og:image\" content=\"https:\/\/allamemakina.com\/wp-content\/uploads\/2025\/11\/Hydraulic-Cable-Drum-Trailer-4-Ton-Details-1.webp\" \/>\n\t<meta property=\"og:image:width\" content=\"700\" \/>\n\t<meta property=\"og:image:height\" content=\"800\" \/>\n\t<meta property=\"og:image:type\" content=\"image\/webp\" \/>\n<meta name=\"twitter:card\" content=\"summary_large_image\" \/>\n<meta name=\"twitter:site\" content=\"@SkyFiberTech1\" \/>\n<meta name=\"twitter:label1\" content=\"Disponibilit\u00e9\" \/>\n\t<meta name=\"twitter:data1\" content=\"En stock\" \/>\n<script type=\"application\/ld+json\" class=\"yoast-schema-graph\">{\"@context\":\"https:\\\/\\\/schema.org\",\"@graph\":[{\"@type\":\"WebPage\",\"@id\":\"https:\\\/\\\/allamemakina.com\\\/fr\\\/produit\\\/remorque-hydraulique-pour-tambours-de-cables-4-tonnes\\\/\",\"url\":\"https:\\\/\\\/allamemakina.com\\\/fr\\\/produit\\\/remorque-hydraulique-pour-tambours-de-cables-4-tonnes\\\/\",\"name\":\"Remorque hydraulique pour tambours de c\u00e2bles 4 TONNES\",\"isPartOf\":{\"@id\":\"https:\\\/\\\/allamemakina.com\\\/#website\"},\"primaryImageOfPage\":{\"@id\":\"https:\\\/\\\/allamemakina.com\\\/fr\\\/produit\\\/remorque-hydraulique-pour-tambours-de-cables-4-tonnes\\\/#primaryimage\"},\"image\":{\"@id\":\"https:\\\/\\\/allamemakina.com\\\/fr\\\/produit\\\/remorque-hydraulique-pour-tambours-de-cables-4-tonnes\\\/#primaryimage\"},\"thumbnailUrl\":\"https:\\\/\\\/allamemakina.com\\\/wp-content\\\/uploads\\\/2025\\\/11\\\/Hydraulic-Cable-Drum-Trailer-4-Ton-Details-1.webp\",\"datePublished\":\"2025-11-03T12:45:14+00:00\",\"dateModified\":\"2025-12-30T08:26:16+00:00\",\"description\":\"La remorque hydraulique pour tambours de c\u00e2bles 4 tonnes est con\u00e7ue pour faciliter le chargement des tambours et la manipulation des c\u00e2bles.\",\"breadcrumb\":{\"@id\":\"https:\\\/\\\/allamemakina.com\\\/fr\\\/produit\\\/remorque-hydraulique-pour-tambours-de-cables-4-tonnes\\\/#breadcrumb\"},\"inLanguage\":\"fr-FR\",\"potentialAction\":[{\"@type\":\"ReadAction\",\"target\":[\"https:\\\/\\\/allamemakina.com\\\/fr\\\/produit\\\/remorque-hydraulique-pour-tambours-de-cables-4-tonnes\\\/\"]}]},{\"@type\":\"ImageObject\",\"inLanguage\":\"fr-FR\",\"@id\":\"https:\\\/\\\/allamemakina.com\\\/fr\\\/produit\\\/remorque-hydraulique-pour-tambours-de-cables-4-tonnes\\\/#primaryimage\",\"url\":\"https:\\\/\\\/allamemakina.com\\\/wp-content\\\/uploads\\\/2025\\\/11\\\/Hydraulic-Cable-Drum-Trailer-4-Ton-Details-1.webp\",\"contentUrl\":\"https:\\\/\\\/allamemakina.com\\\/wp-content\\\/uploads\\\/2025\\\/11\\\/Hydraulic-Cable-Drum-Trailer-4-Ton-Details-1.webp\",\"width\":700,\"height\":800,\"caption\":\"Hydraulic Cable Drum Trailer 4 Ton Details\"},{\"@type\":\"BreadcrumbList\",\"@id\":\"https:\\\/\\\/allamemakina.com\\\/fr\\\/produit\\\/remorque-hydraulique-pour-tambours-de-cables-4-tonnes\\\/#breadcrumb\",\"itemListElement\":[{\"@type\":\"ListItem\",\"position\":1,\"name\":\"Home\",\"item\":\"https:\\\/\\\/allamemakina.com\\\/fr\\\/home-base\\\/\"},{\"@type\":\"ListItem\",\"position\":2,\"name\":\"Shop\",\"item\":\"https:\\\/\\\/allamemakina.com\\\/shop\\\/\"},{\"@type\":\"ListItem\",\"position\":3,\"name\":\"Remorque hydraulique pour tambours de c\u00e2bles 4 TONNES\"}]},{\"@type\":\"WebSite\",\"@id\":\"https:\\\/\\\/allamemakina.com\\\/#website\",\"url\":\"https:\\\/\\\/allamemakina.com\\\/\",\"name\":\"ALLAME MAKINA LTD. | Machine Manufacturing\",\"description\":\"Industrial Machine Manufacturer\",\"publisher\":{\"@id\":\"https:\\\/\\\/allamemakina.com\\\/#organization\"},\"alternateName\":\"ALLAME MACHINE\",\"potentialAction\":[{\"@type\":\"SearchAction\",\"target\":{\"@type\":\"EntryPoint\",\"urlTemplate\":\"https:\\\/\\\/allamemakina.com\\\/?s={search_term_string}\"},\"query-input\":{\"@type\":\"PropertyValueSpecification\",\"valueRequired\":true,\"valueName\":\"search_term_string\"}}],\"inLanguage\":\"fr-FR\"},{\"@type\":\"Organization\",\"@id\":\"https:\\\/\\\/allamemakina.com\\\/#organization\",\"name\":\"ALLAME MAKINA LTD. | Machine Manufacturing\",\"alternateName\":\"Cable Laying Machines & Accessories\",\"url\":\"https:\\\/\\\/allamemakina.com\\\/\",\"logo\":{\"@type\":\"ImageObject\",\"inLanguage\":\"fr-FR\",\"@id\":\"https:\\\/\\\/allamemakina.com\\\/#\\\/schema\\\/logo\\\/image\\\/\",\"url\":\"https:\\\/\\\/allamemakina.com\\\/wp-content\\\/uploads\\\/2025\\\/10\\\/allame-company-logo.webp\",\"contentUrl\":\"https:\\\/\\\/allamemakina.com\\\/wp-content\\\/uploads\\\/2025\\\/10\\\/allame-company-logo.webp\",\"width\":805,\"height\":293,\"caption\":\"ALLAME MAKINA LTD. | Machine Manufacturing\"},\"image\":{\"@id\":\"https:\\\/\\\/allamemakina.com\\\/#\\\/schema\\\/logo\\\/image\\\/\"},\"sameAs\":[\"https:\\\/\\\/www.facebook.com\\\/skyfibertech\\\/\",\"https:\\\/\\\/x.com\\\/SkyFiberTech1\",\"https:\\\/\\\/www.instagram.com\\\/allamemakina\",\"https:\\\/\\\/www.youtube.com\\\/@skyfibertech\\\/videos\",\"https:\\\/\\\/www.linkedin.com\\\/company\\\/cable-blowing-machines\\\/\"],\"ownershipFundingInfo\":\"https:\\\/\\\/allamemakina.com\\\/our-factory\\\/\"}]}<\/script>\n<meta property=\"product:brand\" content=\"Cable Pulling Machines\" \/>\n<meta property=\"og:availability\" content=\"instock\" \/>\n<meta property=\"product:availability\" content=\"instock\" \/>\n<meta property=\"product:condition\" content=\"new\" \/>\n<!-- \/ Yoast SEO Premium plugin. -->","yoast_head_json":{"title":"Remorque hydraulique pour tambours de c\u00e2bles 4 TONNES","description":"La remorque hydraulique pour tambours de c\u00e2bles 4 tonnes est con\u00e7ue pour faciliter le chargement des tambours et la manipulation des c\u00e2bles.","robots":{"index":"index","follow":"follow","max-snippet":"max-snippet:-1","max-image-preview":"max-image-preview:large","max-video-preview":"max-video-preview:-1"},"canonical":"https:\/\/allamemakina.com\/fr\/produit\/remorque-hydraulique-pour-tambours-de-cables-4-tonnes\/","og_locale":"fr_FR","og_type":"article","og_title":"Remorque hydraulique pour tambours de c\u00e2bles 4 TONNES","og_description":"La remorque hydraulique pour tambours de c\u00e2bles 4 tonnes est con\u00e7ue pour faciliter le chargement des tambours et la manipulation des c\u00e2bles.","og_url":"https:\/\/allamemakina.com\/fr\/produit\/remorque-hydraulique-pour-tambours-de-cables-4-tonnes\/","og_site_name":"ALLAME MAKINA LTD. | Machine Manufacturing","article_publisher":"https:\/\/www.facebook.com\/skyfibertech\/","article_modified_time":"2025-12-30T08:26:16+00:00","og_image":[{"width":700,"height":800,"url":"https:\/\/allamemakina.com\/wp-content\/uploads\/2025\/11\/Hydraulic-Cable-Drum-Trailer-4-Ton-Details-1.webp","type":"image\/webp"}],"twitter_card":"summary_large_image","twitter_site":"@SkyFiberTech1","twitter_misc":{"Disponibilit\u00e9":"En stock"},"schema":{"@context":"https:\/\/schema.org","@graph":[{"@type":"WebPage","@id":"https:\/\/allamemakina.com\/fr\/produit\/remorque-hydraulique-pour-tambours-de-cables-4-tonnes\/","url":"https:\/\/allamemakina.com\/fr\/produit\/remorque-hydraulique-pour-tambours-de-cables-4-tonnes\/","name":"Remorque hydraulique pour tambours de c\u00e2bles 4 TONNES","isPartOf":{"@id":"https:\/\/allamemakina.com\/#website"},"primaryImageOfPage":{"@id":"https:\/\/allamemakina.com\/fr\/produit\/remorque-hydraulique-pour-tambours-de-cables-4-tonnes\/#primaryimage"},"image":{"@id":"https:\/\/allamemakina.com\/fr\/produit\/remorque-hydraulique-pour-tambours-de-cables-4-tonnes\/#primaryimage"},"thumbnailUrl":"https:\/\/allamemakina.com\/wp-content\/uploads\/2025\/11\/Hydraulic-Cable-Drum-Trailer-4-Ton-Details-1.webp","datePublished":"2025-11-03T12:45:14+00:00","dateModified":"2025-12-30T08:26:16+00:00","description":"La remorque hydraulique pour tambours de c\u00e2bles 4 tonnes est con\u00e7ue pour faciliter le chargement des tambours et la manipulation des c\u00e2bles.","breadcrumb":{"@id":"https:\/\/allamemakina.com\/fr\/produit\/remorque-hydraulique-pour-tambours-de-cables-4-tonnes\/#breadcrumb"},"inLanguage":"fr-FR","potentialAction":[{"@type":"ReadAction","target":["https:\/\/allamemakina.com\/fr\/produit\/remorque-hydraulique-pour-tambours-de-cables-4-tonnes\/"]}]},{"@type":"ImageObject","inLanguage":"fr-FR","@id":"https:\/\/allamemakina.com\/fr\/produit\/remorque-hydraulique-pour-tambours-de-cables-4-tonnes\/#primaryimage","url":"https:\/\/allamemakina.com\/wp-content\/uploads\/2025\/11\/Hydraulic-Cable-Drum-Trailer-4-Ton-Details-1.webp","contentUrl":"https:\/\/allamemakina.com\/wp-content\/uploads\/2025\/11\/Hydraulic-Cable-Drum-Trailer-4-Ton-Details-1.webp","width":700,"height":800,"caption":"Hydraulic Cable Drum Trailer 4 Ton Details"},{"@type":"BreadcrumbList","@id":"https:\/\/allamemakina.com\/fr\/produit\/remorque-hydraulique-pour-tambours-de-cables-4-tonnes\/#breadcrumb","itemListElement":[{"@type":"ListItem","position":1,"name":"Home","item":"https:\/\/allamemakina.com\/fr\/home-base\/"},{"@type":"ListItem","position":2,"name":"Shop","item":"https:\/\/allamemakina.com\/shop\/"},{"@type":"ListItem","position":3,"name":"Remorque hydraulique pour tambours de c\u00e2bles 4 TONNES"}]},{"@type":"WebSite","@id":"https:\/\/allamemakina.com\/#website","url":"https:\/\/allamemakina.com\/","name":"ALLAME MAKINA LTD. | Machine Manufacturing","description":"Industrial Machine Manufacturer","publisher":{"@id":"https:\/\/allamemakina.com\/#organization"},"alternateName":"ALLAME MACHINE","potentialAction":[{"@type":"SearchAction","target":{"@type":"EntryPoint","urlTemplate":"https:\/\/allamemakina.com\/?s={search_term_string}"},"query-input":{"@type":"PropertyValueSpecification","valueRequired":true,"valueName":"search_term_string"}}],"inLanguage":"fr-FR"},{"@type":"Organization","@id":"https:\/\/allamemakina.com\/#organization","name":"ALLAME MAKINA LTD. | Machine Manufacturing","alternateName":"Cable Laying Machines & Accessories","url":"https:\/\/allamemakina.com\/","logo":{"@type":"ImageObject","inLanguage":"fr-FR","@id":"https:\/\/allamemakina.com\/#\/schema\/logo\/image\/","url":"https:\/\/allamemakina.com\/wp-content\/uploads\/2025\/10\/allame-company-logo.webp","contentUrl":"https:\/\/allamemakina.com\/wp-content\/uploads\/2025\/10\/allame-company-logo.webp","width":805,"height":293,"caption":"ALLAME MAKINA LTD. | Machine Manufacturing"},"image":{"@id":"https:\/\/allamemakina.com\/#\/schema\/logo\/image\/"},"sameAs":["https:\/\/www.facebook.com\/skyfibertech\/","https:\/\/x.com\/SkyFiberTech1","https:\/\/www.instagram.com\/allamemakina","https:\/\/www.youtube.com\/@skyfibertech\/videos","https:\/\/www.linkedin.com\/company\/cable-blowing-machines\/"],"ownershipFundingInfo":"https:\/\/allamemakina.com\/our-factory\/"}]},"product_brand":"Cable Pulling Machines","og_availability":"instock","product_availability":"instock","product_condition":"new"},"_links":{"self":[{"href":"https:\/\/allamemakina.com\/fr\/wp-json\/wp\/v2\/product\/12058","targetHints":{"allow":["GET"]}}],"collection":[{"href":"https:\/\/allamemakina.com\/fr\/wp-json\/wp\/v2\/product"}],"about":[{"href":"https:\/\/allamemakina.com\/fr\/wp-json\/wp\/v2\/types\/product"}],"replies":[{"embeddable":true,"href":"https:\/\/allamemakina.com\/fr\/wp-json\/wp\/v2\/comments?post=12058"}],"wp:featuredmedia":[{"embeddable":true,"href":"https:\/\/allamemakina.com\/fr\/wp-json\/wp\/v2\/media\/11982"}],"wp:attachment":[{"href":"https:\/\/allamemakina.com\/fr\/wp-json\/wp\/v2\/media?parent=12058"}],"wp:term":[{"taxonomy":"product_brand","embeddable":true,"href":"https:\/\/allamemakina.com\/fr\/wp-json\/wp\/v2\/product_brand?post=12058"},{"taxonomy":"product_cat","embeddable":true,"href":"https:\/\/allamemakina.com\/fr\/wp-json\/wp\/v2\/product_cat?post=12058"},{"taxonomy":"product_tag","embeddable":true,"href":"https:\/\/allamemakina.com\/fr\/wp-json\/wp\/v2\/product_tag?post=12058"}],"curies":[{"name":"wp","href":"https:\/\/api.w.org\/{rel}","templated":true}]}}