{"id":12232,"date":"2025-10-14T09:41:05","date_gmt":"2025-10-14T09:41:05","guid":{"rendered":"https:\/\/allamemakina.com\/product\/hydraulic-cable-pulling-winch-5-ton\/"},"modified":"2026-01-21T11:20:26","modified_gmt":"2026-01-21T11:20:26","slug":"treuil-hydraulique-de-tirage-de-cables-5-tonnes","status":"publish","type":"product","link":"https:\/\/allamemakina.com\/fr\/produit\/treuil-hydraulique-de-tirage-de-cables-5-tonnes\/","title":{"rendered":"Treuil Hydraulique de Tirage de C\u00e2bles 5 Tonnes"},"content":{"rendered":"<div class=\"wpb-content-wrapper\"><p>[vc_row][vc_column css=\u00a0\u00bb.vc_custom_1493038156710{margin-bottom: -15px !important;}\u00a0\u00bb]\n\t\t<div id=\"wd-6970b6077eec4\" class=\"title-wrapper wd-wpb wd-set-mb reset-last-child  wd-rs-6970b6077eec4 wd-title-color-default wd-title-style-default text-left  wd-underline-colored\">\n\t\t\t\n\t\t\t<div class=\"liner-continer\">\n\t\t\t\t<h4 class=\"woodmart-title-container title  wd-font-weight- wd-fontsize-xl\" >Treuil Hydraulique de Tirage de C\u00e2bles 5 Tonnes<\/h4>\n\t\t\t\t\t\t\t<\/div>\n\t\t\t\n\t\t\t\n\t\t\t\n\t\t<\/div>\n\t\t\n\t\t[\/vc_column][\/vc_row][vc_row][vc_column css=\u00a0\u00bb.vc_custom_1493038156710{margin-bottom: -15px !important;}\u00a0\u00bb]\t\t<div id=\"wd-6970b62997310\" class=\"wd-text-block wd-wpb reset-last-child wd-rs-6970b62997310 text-left \">\n\t\t\t<p class=\"p1\">Le treuil hydraulique 5 tonnes est con\u00e7u pour la pose de c\u00e2bles et de conducteurs.<\/p>\n<p class=\"p1\">Il fournit une traction s\u00fbre pour les projets de lignes \u00e9lectriques et t\u00e9l\u00e9com.<\/p>\n<p class=\"p1\">La force de traction atteint 50 kN.<\/p>\n<p class=\"p1\">Cela permet un travail stable sur des chantiers exigeants.<\/p>\n<p class=\"p1\">Le moteur diesel alimente un syst\u00e8me hydraulique robuste.<\/p>\n<p class=\"p1\">La puissance reste constante, m\u00eame en usage intensif.<\/p>\n<p class=\"p1\">Le moteur refroidi par air demande peu d\u2019entretien.<\/p>\n<p class=\"p1\">Il assure une longue dur\u00e9e de service.<\/p>\n<p class=\"p1\">Le ch\u00e2ssis \u00e0 un essieu offre une bonne maniabilit\u00e9.<\/p>\n<p class=\"p1\">La machine se d\u00e9place facilement sur site.<\/p>\n<p class=\"p1\">L\u2019empattement court aide en zone urbaine et hors route.<\/p>\n<p class=\"p1\">Le ch\u00e2ssis solide prot\u00e8ge les composants.<\/p>\n<p class=\"p1\">Un carter m\u00e9tallique est disponible en option.<\/p>\n<p class=\"p1\">La vitesse de tirage est de 50 m\/min.<\/p>\n<p class=\"p1\">La longueur de c\u00e2ble atteint 500 m\u00e8tres.<\/p>\n<p class=\"p1\">Vous gardez un contr\u00f4le pr\u00e9cis pendant la pose.<\/p>\n<p class=\"p1\">Le travail reste r\u00e9gulier du d\u00e9but \u00e0 la fin.<\/p>\n<p class=\"p1\">Ce mod\u00e8le est fait pour durer.<\/p>\n<p class=\"p1\">Il refl\u00e8te la qualit\u00e9 Allame.<\/p>\n<p class=\"p1\">Solide, fiable et pr\u00eat pour le terrain.<\/p>\n\t\t<\/div>\n\t\t[\/vc_column][\/vc_row][vc_row][vc_column css=\u00a0\u00bb.vc_custom_1493038156710{margin-bottom: -15px !important;}\u00a0\u00bb][vc_empty_space woodmart_hide_large=\u00a0\u00bb0&Prime; woodmart_hide_medium=\u00a0\u00bb0&Prime; woodmart_hide_small=\u00a0\u00bb0&Prime;]\n\t\t<div id=\"wd-6970b63feed2f\" class=\"title-wrapper wd-wpb wd-set-mb reset-last-child  wd-rs-6970b63feed2f wd-title-color-default wd-title-style-default text-left  wd-underline-colored\">\n\t\t\t\n\t\t\t<div class=\"liner-continer\">\n\t\t\t\t<h4 class=\"woodmart-title-container title  wd-font-weight- wd-fontsize-xl\" >Sp\u00e9cifications techniques<\/h4>\n\t\t\t\t\t\t\t<\/div>\n\t\t\t\n\t\t\t\n\t\t\t\n\t\t<\/div>\n\t\t\n\t\t[\/vc_column][\/vc_row][vc_row content_placement=\u00a0\u00bbtop\u00a0\u00bb][vc_column width=\u00a0\u00bb1\/2&Prime; offset=\u00a0\u00bbvc_col-md-6&Prime;]\t\t<div id=\"wd-6970b64e1d78c\" class=\"wd-text-block wd-wpb reset-last-child wd-rs-6970b64e1d78c text-left \">\n\t\t\t<table>\n<tbody>\n<tr>\n<th>Num\u00e9ro de commande<\/th>\n<td>HCPM5<\/td>\n<\/tr>\n<tr>\n<th>Force de traction<\/th>\n<td>50 kN<\/td>\n<\/tr>\n<tr>\n<th>Longueur du c\u00e2ble<\/th>\n<td>500 m<\/td>\n<\/tr>\n<tr>\n<th>Diam\u00e8tre du c\u00e2ble<\/th>\n<td>10 mm<\/td>\n<\/tr>\n<tr>\n<th>Vitesse de tirage du c\u00e2ble<\/th>\n<td>30 m\/min<\/td>\n<\/tr>\n<tr>\n<th>Unit\u00e9 d\u2019entra\u00eenement<\/th>\n<td>Hydraulique<\/td>\n<\/tr>\n<tr>\n<th>Moteur<\/th>\n<td>Diesel<\/td>\n<\/tr>\n<tr>\n<th>Puissance moteur<\/th>\n<td>44 kW<\/td>\n<\/tr>\n<tr>\n<th>Refroidissement moteur<\/th>\n<td>Refroidissement par eau<\/td>\n<\/tr>\n<tr>\n<th>Ch\u00e2ssis<\/th>\n<td>Essieu simple<\/td>\n<\/tr>\n<tr>\n<th>Syst\u00e8me de freinage<\/th>\n<td>Frein \u00e0 main (frein pneumatique en option)<\/td>\n<\/tr>\n<tr>\n<th>Car\u00e9nage<\/th>\n<td>Car\u00e9nage standard Brenda (car\u00e9nage m\u00e9tallique en option)<\/td>\n<\/tr>\n<tr>\n<th>Couleur<\/th>\n<td>RAL 1028 ou RAL 1034 en standard (RAL 3020 en option)<\/td>\n<\/tr>\n<tr>\n<th>Longueur (mm)<\/th>\n<td>4200<\/td>\n<\/tr>\n<tr>\n<th>Largeur (mm)<\/th>\n<td>2100<\/td>\n<\/tr>\n<tr>\n<th>Hauteur (mm)<\/th>\n<td>1600<\/td>\n<\/tr>\n<tr>\n<th>Pneus<\/th>\n<td>2<\/td>\n<\/tr>\n<tr>\n<th>Poids \u00e0 vide (kg)<\/th>\n<td>2100<\/td>\n<\/tr>\n<\/tbody>\n<\/table>\n\t\t<\/div>\n\t\t[\/vc_column][vc_column width=\u00a0\u00bb1\/2&Prime; offset=\u00a0\u00bbvc_col-md-6&Prime;]\t\t<div id=\"wd-68e4cbc66e445\" class=\"wd-image wd-wpb wd-rs-68e4cbc66e445 text-left \">\n\t\t\t\n\t\t\t<img loading=\"lazy\" decoding=\"async\" width=\"1170\" height=\"1130\" src=\"https:\/\/allamemakina.com\/wp-content\/uploads\/2017\/06\/Cable-Pulling-Machine-10-Ton-Details-4.webp\" class=\"attachment-full size-full\" alt=\"Cable Pulling Machine 10 Ton Details\" srcset=\"https:\/\/allamemakina.com\/wp-content\/uploads\/2017\/06\/Cable-Pulling-Machine-10-Ton-Details-4.webp 1170w, https:\/\/allamemakina.com\/wp-content\/uploads\/2017\/06\/Cable-Pulling-Machine-10-Ton-Details-4-311x300.webp 311w, https:\/\/allamemakina.com\/wp-content\/uploads\/2017\/06\/Cable-Pulling-Machine-10-Ton-Details-4-828x800.webp 828w, https:\/\/allamemakina.com\/wp-content\/uploads\/2017\/06\/Cable-Pulling-Machine-10-Ton-Details-4-768x742.webp 768w, https:\/\/allamemakina.com\/wp-content\/uploads\/2017\/06\/Cable-Pulling-Machine-10-Ton-Details-4-430x415.webp 430w, https:\/\/allamemakina.com\/wp-content\/uploads\/2017\/06\/Cable-Pulling-Machine-10-Ton-Details-4-700x676.webp 700w, https:\/\/allamemakina.com\/wp-content\/uploads\/2017\/06\/Cable-Pulling-Machine-10-Ton-Details-4-150x145.webp 150w\" sizes=\"auto, (max-width: 1170px) 100vw, 1170px\" \/>\n\t\t\t\t\t<\/div>\n\t\t[\/vc_column][\/vc_row][vc_row woodmart_css_id=\u00a0\u00bb6915bc1ba0f6d\u00a0\u00bb responsive_spacing=\u00a0\u00bbeyJwYXJhbV90eXBlIjoid29vZG1hcnRfcmVzcG9uc2l2ZV9zcGFjaW5nIiwic2VsZWN0b3JfaWQiOiI2OTE1YmMxYmEwZjZkIiwic2hvcnRjb2RlIjoidmNfcm93IiwiZGF0YSI6eyJ0YWJsZXQiOnt9LCJtb2JpbGUiOnt9fX0=\u00a0\u00bb mobile_bg_img_hidden=\u00a0\u00bbno\u00a0\u00bb tablet_bg_img_hidden=\u00a0\u00bbno\u00a0\u00bb woodmart_parallax=\u00a0\u00bb0&Prime; woodmart_gradient_switch=\u00a0\u00bbno\u00a0\u00bb woodmart_box_shadow=\u00a0\u00bbno\u00a0\u00bb wd_z_index=\u00a0\u00bbno\u00a0\u00bb woodmart_disable_overflow=\u00a0\u00bb0&Prime; row_reverse_mobile=\u00a0\u00bb0&Prime; row_reverse_tablet=\u00a0\u00bb0&Prime;][vc_column][vc_single_image image=\u00a0\u00bb12214&Prime; img_size=\u00a0\u00bbfull\u00a0\u00bb style=\u00a0\u00bbvc_box_outline\u00a0\u00bb onclick=\u00a0\u00bbcustom_link\u00a0\u00bb img_link_target=\u00a0\u00bb_blank\u00a0\u00bb css=\u00a0\u00bb\u00a0\u00bb parallax_scroll=\u00a0\u00bbno\u00a0\u00bb woodmart_inline=\u00a0\u00bbno\u00a0\u00bb link=\u00a0\u00bbhttps:\/\/cablepullingmachines.com\u00a0\u00bb][\/vc_column][\/vc_row]<\/p>\n<\/div>","protected":false},"excerpt":{"rendered":"<p class=\"p1\">Le treuil hydraulique 5 tonnes est con\u00e7u pour la pose de c\u00e2bles et de conducteurs.<\/p>\n<p class=\"p1\">Il fournit une traction s\u00fbre pour les projets de lignes \u00e9lectriques et t\u00e9l\u00e9com.<\/p>\n<p><a href=\"https:\/\/cablepullingmachines.com\/Cable-Pulling-Machines-Cable-Drum-Trailers-All-Products-catalog.pdf\" target=\"_blank\" rel=\"noopener noreferrer\"><br \/>\n<img loading=\"lazy\" decoding=\"async\" class=\"alignnone wp-image-11158 size-full\" src=\"https:\/\/allamemakina.com\/wp-content\/uploads\/2025\/10\/download-allame-catalogs-2.jpg\" alt=\"\" width=\"300\" height=\"90\" srcset=\"https:\/\/allamemakina.com\/wp-content\/uploads\/2025\/10\/download-allame-catalogs-2.jpg 300w, https:\/\/allamemakina.com\/wp-content\/uploads\/2025\/10\/download-allame-catalogs-2-150x45.jpg 150w\" sizes=\"auto, (max-width: 300px) 100vw, 300px\" \/><br \/>\n<\/a><\/p>\n","protected":false},"featured_media":12233,"comment_status":"open","ping_status":"closed","template":"","meta":{"_joinchat":[]},"product_brand":[50],"product_cat":[139],"product_tag":[],"class_list":{"0":"post-12232","1":"product","2":"type-product","3":"status-publish","4":"has-post-thumbnail","6":"product_brand-cp","7":"product_cat-cable-pulling-machines","9":"first","10":"instock","11":"shipping-taxable","12":"product-type-grouped"},"yoast_head":"<!-- This site is optimized with the Yoast SEO Premium plugin v27.4 (Yoast SEO v27.4) - https:\/\/yoast.com\/product\/yoast-seo-premium-wordpress\/ -->\n<title>Treuil Hydraulique de Tirage de C\u00e2bles 5 Tonnes<\/title>\n<meta name=\"description\" content=\"Le treuil hydraulique 5 tonnes est con\u00e7u pour la pose de c\u00e2bles et de conducteurs.Il fournit une traction s\u00fbre pour les projets de lignes \u00e9lectriques et t\u00e9l\u00e9com.\" \/>\n<meta name=\"robots\" content=\"index, follow, max-snippet:-1, max-image-preview:large, max-video-preview:-1\" \/>\n<link rel=\"canonical\" href=\"https:\/\/allamemakina.com\/fr\/produit\/treuil-hydraulique-de-tirage-de-cables-5-tonnes\/\" \/>\n<meta property=\"og:locale\" content=\"fr_FR\" \/>\n<meta property=\"og:type\" content=\"article\" \/>\n<meta property=\"og:title\" content=\"Treuil Hydraulique de Tirage de C\u00e2bles 5 Tonnes\" \/>\n<meta property=\"og:description\" content=\"Le treuil hydraulique 5 tonnes est con\u00e7u pour la pose de c\u00e2bles et de conducteurs.Il fournit une traction s\u00fbre pour les projets de lignes \u00e9lectriques et t\u00e9l\u00e9com.\" \/>\n<meta property=\"og:url\" content=\"https:\/\/allamemakina.com\/fr\/produit\/treuil-hydraulique-de-tirage-de-cables-5-tonnes\/\" \/>\n<meta property=\"og:site_name\" content=\"ALLAME MAKINA LTD. | Machine Manufacturing\" \/>\n<meta property=\"article:publisher\" content=\"https:\/\/www.facebook.com\/skyfibertech\/\" \/>\n<meta property=\"article:modified_time\" content=\"2026-01-21T11:20:26+00:00\" \/>\n<meta property=\"og:image\" content=\"https:\/\/allamemakina.com\/wp-content\/uploads\/2025\/10\/Cable-Pulling-Machine-5-Ton-Details-2.webp\" \/>\n\t<meta property=\"og:image:width\" content=\"700\" \/>\n\t<meta property=\"og:image:height\" content=\"800\" \/>\n\t<meta property=\"og:image:type\" content=\"image\/webp\" \/>\n<meta name=\"twitter:card\" content=\"summary_large_image\" \/>\n<meta name=\"twitter:site\" content=\"@SkyFiberTech1\" \/>\n<meta name=\"twitter:label1\" content=\"Disponibilit\u00e9\" \/>\n\t<meta name=\"twitter:data1\" content=\"En stock\" \/>\n<script type=\"application\/ld+json\" class=\"yoast-schema-graph\">{\"@context\":\"https:\\\/\\\/schema.org\",\"@graph\":[{\"@type\":\"WebPage\",\"@id\":\"https:\\\/\\\/allamemakina.com\\\/fr\\\/produit\\\/treuil-hydraulique-de-tirage-de-cables-5-tonnes\\\/\",\"url\":\"https:\\\/\\\/allamemakina.com\\\/fr\\\/produit\\\/treuil-hydraulique-de-tirage-de-cables-5-tonnes\\\/\",\"name\":\"Treuil Hydraulique de Tirage de C\u00e2bles 5 Tonnes\",\"isPartOf\":{\"@id\":\"https:\\\/\\\/allamemakina.com\\\/#website\"},\"primaryImageOfPage\":{\"@id\":\"https:\\\/\\\/allamemakina.com\\\/fr\\\/produit\\\/treuil-hydraulique-de-tirage-de-cables-5-tonnes\\\/#primaryimage\"},\"image\":{\"@id\":\"https:\\\/\\\/allamemakina.com\\\/fr\\\/produit\\\/treuil-hydraulique-de-tirage-de-cables-5-tonnes\\\/#primaryimage\"},\"thumbnailUrl\":\"https:\\\/\\\/allamemakina.com\\\/wp-content\\\/uploads\\\/2025\\\/10\\\/Cable-Pulling-Machine-5-Ton-Details-2.webp\",\"datePublished\":\"2025-10-14T09:41:05+00:00\",\"dateModified\":\"2026-01-21T11:20:26+00:00\",\"description\":\"Le treuil hydraulique 5 tonnes est con\u00e7u pour la pose de c\u00e2bles et de conducteurs.Il fournit une traction s\u00fbre pour les projets de lignes \u00e9lectriques et t\u00e9l\u00e9com.\",\"breadcrumb\":{\"@id\":\"https:\\\/\\\/allamemakina.com\\\/fr\\\/produit\\\/treuil-hydraulique-de-tirage-de-cables-5-tonnes\\\/#breadcrumb\"},\"inLanguage\":\"fr-FR\",\"potentialAction\":[{\"@type\":\"ReadAction\",\"target\":[\"https:\\\/\\\/allamemakina.com\\\/fr\\\/produit\\\/treuil-hydraulique-de-tirage-de-cables-5-tonnes\\\/\"]}]},{\"@type\":\"ImageObject\",\"inLanguage\":\"fr-FR\",\"@id\":\"https:\\\/\\\/allamemakina.com\\\/fr\\\/produit\\\/treuil-hydraulique-de-tirage-de-cables-5-tonnes\\\/#primaryimage\",\"url\":\"https:\\\/\\\/allamemakina.com\\\/wp-content\\\/uploads\\\/2025\\\/10\\\/Cable-Pulling-Machine-5-Ton-Details-2.webp\",\"contentUrl\":\"https:\\\/\\\/allamemakina.com\\\/wp-content\\\/uploads\\\/2025\\\/10\\\/Cable-Pulling-Machine-5-Ton-Details-2.webp\",\"width\":700,\"height\":800,\"caption\":\"Cable Pulling Machine 5 Ton Details\"},{\"@type\":\"BreadcrumbList\",\"@id\":\"https:\\\/\\\/allamemakina.com\\\/fr\\\/produit\\\/treuil-hydraulique-de-tirage-de-cables-5-tonnes\\\/#breadcrumb\",\"itemListElement\":[{\"@type\":\"ListItem\",\"position\":1,\"name\":\"Home\",\"item\":\"https:\\\/\\\/allamemakina.com\\\/fr\\\/home-base\\\/\"},{\"@type\":\"ListItem\",\"position\":2,\"name\":\"Shop\",\"item\":\"https:\\\/\\\/allamemakina.com\\\/shop\\\/\"},{\"@type\":\"ListItem\",\"position\":3,\"name\":\"Treuil Hydraulique de Tirage de C\u00e2bles 5 Tonnes\"}]},{\"@type\":\"WebSite\",\"@id\":\"https:\\\/\\\/allamemakina.com\\\/#website\",\"url\":\"https:\\\/\\\/allamemakina.com\\\/\",\"name\":\"ALLAME MAKINA LTD. | Machine Manufacturing\",\"description\":\"Industrial Machine Manufacturer\",\"publisher\":{\"@id\":\"https:\\\/\\\/allamemakina.com\\\/#organization\"},\"alternateName\":\"ALLAME MACHINE\",\"potentialAction\":[{\"@type\":\"SearchAction\",\"target\":{\"@type\":\"EntryPoint\",\"urlTemplate\":\"https:\\\/\\\/allamemakina.com\\\/?s={search_term_string}\"},\"query-input\":{\"@type\":\"PropertyValueSpecification\",\"valueRequired\":true,\"valueName\":\"search_term_string\"}}],\"inLanguage\":\"fr-FR\"},{\"@type\":\"Organization\",\"@id\":\"https:\\\/\\\/allamemakina.com\\\/#organization\",\"name\":\"ALLAME MAKINA LTD. | Machine Manufacturing\",\"alternateName\":\"Cable Laying Machines & Accessories\",\"url\":\"https:\\\/\\\/allamemakina.com\\\/\",\"logo\":{\"@type\":\"ImageObject\",\"inLanguage\":\"fr-FR\",\"@id\":\"https:\\\/\\\/allamemakina.com\\\/#\\\/schema\\\/logo\\\/image\\\/\",\"url\":\"https:\\\/\\\/allamemakina.com\\\/wp-content\\\/uploads\\\/2025\\\/10\\\/allame-company-logo.webp\",\"contentUrl\":\"https:\\\/\\\/allamemakina.com\\\/wp-content\\\/uploads\\\/2025\\\/10\\\/allame-company-logo.webp\",\"width\":805,\"height\":293,\"caption\":\"ALLAME MAKINA LTD. | Machine Manufacturing\"},\"image\":{\"@id\":\"https:\\\/\\\/allamemakina.com\\\/#\\\/schema\\\/logo\\\/image\\\/\"},\"sameAs\":[\"https:\\\/\\\/www.facebook.com\\\/skyfibertech\\\/\",\"https:\\\/\\\/x.com\\\/SkyFiberTech1\",\"https:\\\/\\\/www.instagram.com\\\/allamemakina\",\"https:\\\/\\\/www.youtube.com\\\/@skyfibertech\\\/videos\",\"https:\\\/\\\/www.linkedin.com\\\/company\\\/cable-blowing-machines\\\/\"],\"ownershipFundingInfo\":\"https:\\\/\\\/allamemakina.com\\\/our-factory\\\/\"}]}<\/script>\n<meta property=\"product:brand\" content=\"Cable Pulling Machines\" \/>\n<meta property=\"og:availability\" content=\"instock\" \/>\n<meta property=\"product:availability\" content=\"instock\" \/>\n<meta property=\"product:condition\" content=\"new\" \/>\n<!-- \/ Yoast SEO Premium plugin. -->","yoast_head_json":{"title":"Treuil Hydraulique de Tirage de C\u00e2bles 5 Tonnes","description":"Le treuil hydraulique 5 tonnes est con\u00e7u pour la pose de c\u00e2bles et de conducteurs.Il fournit une traction s\u00fbre pour les projets de lignes \u00e9lectriques et t\u00e9l\u00e9com.","robots":{"index":"index","follow":"follow","max-snippet":"max-snippet:-1","max-image-preview":"max-image-preview:large","max-video-preview":"max-video-preview:-1"},"canonical":"https:\/\/allamemakina.com\/fr\/produit\/treuil-hydraulique-de-tirage-de-cables-5-tonnes\/","og_locale":"fr_FR","og_type":"article","og_title":"Treuil Hydraulique de Tirage de C\u00e2bles 5 Tonnes","og_description":"Le treuil hydraulique 5 tonnes est con\u00e7u pour la pose de c\u00e2bles et de conducteurs.Il fournit une traction s\u00fbre pour les projets de lignes \u00e9lectriques et t\u00e9l\u00e9com.","og_url":"https:\/\/allamemakina.com\/fr\/produit\/treuil-hydraulique-de-tirage-de-cables-5-tonnes\/","og_site_name":"ALLAME MAKINA LTD. | Machine Manufacturing","article_publisher":"https:\/\/www.facebook.com\/skyfibertech\/","article_modified_time":"2026-01-21T11:20:26+00:00","og_image":[{"width":700,"height":800,"url":"https:\/\/allamemakina.com\/wp-content\/uploads\/2025\/10\/Cable-Pulling-Machine-5-Ton-Details-2.webp","type":"image\/webp"}],"twitter_card":"summary_large_image","twitter_site":"@SkyFiberTech1","twitter_misc":{"Disponibilit\u00e9":"En stock"},"schema":{"@context":"https:\/\/schema.org","@graph":[{"@type":"WebPage","@id":"https:\/\/allamemakina.com\/fr\/produit\/treuil-hydraulique-de-tirage-de-cables-5-tonnes\/","url":"https:\/\/allamemakina.com\/fr\/produit\/treuil-hydraulique-de-tirage-de-cables-5-tonnes\/","name":"Treuil Hydraulique de Tirage de C\u00e2bles 5 Tonnes","isPartOf":{"@id":"https:\/\/allamemakina.com\/#website"},"primaryImageOfPage":{"@id":"https:\/\/allamemakina.com\/fr\/produit\/treuil-hydraulique-de-tirage-de-cables-5-tonnes\/#primaryimage"},"image":{"@id":"https:\/\/allamemakina.com\/fr\/produit\/treuil-hydraulique-de-tirage-de-cables-5-tonnes\/#primaryimage"},"thumbnailUrl":"https:\/\/allamemakina.com\/wp-content\/uploads\/2025\/10\/Cable-Pulling-Machine-5-Ton-Details-2.webp","datePublished":"2025-10-14T09:41:05+00:00","dateModified":"2026-01-21T11:20:26+00:00","description":"Le treuil hydraulique 5 tonnes est con\u00e7u pour la pose de c\u00e2bles et de conducteurs.Il fournit une traction s\u00fbre pour les projets de lignes \u00e9lectriques et t\u00e9l\u00e9com.","breadcrumb":{"@id":"https:\/\/allamemakina.com\/fr\/produit\/treuil-hydraulique-de-tirage-de-cables-5-tonnes\/#breadcrumb"},"inLanguage":"fr-FR","potentialAction":[{"@type":"ReadAction","target":["https:\/\/allamemakina.com\/fr\/produit\/treuil-hydraulique-de-tirage-de-cables-5-tonnes\/"]}]},{"@type":"ImageObject","inLanguage":"fr-FR","@id":"https:\/\/allamemakina.com\/fr\/produit\/treuil-hydraulique-de-tirage-de-cables-5-tonnes\/#primaryimage","url":"https:\/\/allamemakina.com\/wp-content\/uploads\/2025\/10\/Cable-Pulling-Machine-5-Ton-Details-2.webp","contentUrl":"https:\/\/allamemakina.com\/wp-content\/uploads\/2025\/10\/Cable-Pulling-Machine-5-Ton-Details-2.webp","width":700,"height":800,"caption":"Cable Pulling Machine 5 Ton Details"},{"@type":"BreadcrumbList","@id":"https:\/\/allamemakina.com\/fr\/produit\/treuil-hydraulique-de-tirage-de-cables-5-tonnes\/#breadcrumb","itemListElement":[{"@type":"ListItem","position":1,"name":"Home","item":"https:\/\/allamemakina.com\/fr\/home-base\/"},{"@type":"ListItem","position":2,"name":"Shop","item":"https:\/\/allamemakina.com\/shop\/"},{"@type":"ListItem","position":3,"name":"Treuil Hydraulique de Tirage de C\u00e2bles 5 Tonnes"}]},{"@type":"WebSite","@id":"https:\/\/allamemakina.com\/#website","url":"https:\/\/allamemakina.com\/","name":"ALLAME MAKINA LTD. | Machine Manufacturing","description":"Industrial Machine Manufacturer","publisher":{"@id":"https:\/\/allamemakina.com\/#organization"},"alternateName":"ALLAME MACHINE","potentialAction":[{"@type":"SearchAction","target":{"@type":"EntryPoint","urlTemplate":"https:\/\/allamemakina.com\/?s={search_term_string}"},"query-input":{"@type":"PropertyValueSpecification","valueRequired":true,"valueName":"search_term_string"}}],"inLanguage":"fr-FR"},{"@type":"Organization","@id":"https:\/\/allamemakina.com\/#organization","name":"ALLAME MAKINA LTD. | Machine Manufacturing","alternateName":"Cable Laying Machines & Accessories","url":"https:\/\/allamemakina.com\/","logo":{"@type":"ImageObject","inLanguage":"fr-FR","@id":"https:\/\/allamemakina.com\/#\/schema\/logo\/image\/","url":"https:\/\/allamemakina.com\/wp-content\/uploads\/2025\/10\/allame-company-logo.webp","contentUrl":"https:\/\/allamemakina.com\/wp-content\/uploads\/2025\/10\/allame-company-logo.webp","width":805,"height":293,"caption":"ALLAME MAKINA LTD. | Machine Manufacturing"},"image":{"@id":"https:\/\/allamemakina.com\/#\/schema\/logo\/image\/"},"sameAs":["https:\/\/www.facebook.com\/skyfibertech\/","https:\/\/x.com\/SkyFiberTech1","https:\/\/www.instagram.com\/allamemakina","https:\/\/www.youtube.com\/@skyfibertech\/videos","https:\/\/www.linkedin.com\/company\/cable-blowing-machines\/"],"ownershipFundingInfo":"https:\/\/allamemakina.com\/our-factory\/"}]},"product_brand":"Cable Pulling Machines","og_availability":"instock","product_availability":"instock","product_condition":"new"},"_links":{"self":[{"href":"https:\/\/allamemakina.com\/fr\/wp-json\/wp\/v2\/product\/12232","targetHints":{"allow":["GET"]}}],"collection":[{"href":"https:\/\/allamemakina.com\/fr\/wp-json\/wp\/v2\/product"}],"about":[{"href":"https:\/\/allamemakina.com\/fr\/wp-json\/wp\/v2\/types\/product"}],"replies":[{"embeddable":true,"href":"https:\/\/allamemakina.com\/fr\/wp-json\/wp\/v2\/comments?post=12232"}],"wp:featuredmedia":[{"embeddable":true,"href":"https:\/\/allamemakina.com\/fr\/wp-json\/wp\/v2\/media\/12233"}],"wp:attachment":[{"href":"https:\/\/allamemakina.com\/fr\/wp-json\/wp\/v2\/media?parent=12232"}],"wp:term":[{"taxonomy":"product_brand","embeddable":true,"href":"https:\/\/allamemakina.com\/fr\/wp-json\/wp\/v2\/product_brand?post=12232"},{"taxonomy":"product_cat","embeddable":true,"href":"https:\/\/allamemakina.com\/fr\/wp-json\/wp\/v2\/product_cat?post=12232"},{"taxonomy":"product_tag","embeddable":true,"href":"https:\/\/allamemakina.com\/fr\/wp-json\/wp\/v2\/product_tag?post=12232"}],"curies":[{"name":"wp","href":"https:\/\/api.w.org\/{rel}","templated":true}]}}